{"id":1017,"date":"2021-06-23T17:16:41","date_gmt":"2021-06-23T15:16:41","guid":{"rendered":"https:\/\/www.parcdescarrieres.net\/eckdaten\/"},"modified":"2021-07-01T18:47:02","modified_gmt":"2021-07-01T16:47:02","slug":"eckdaten","status":"publish","type":"page","link":"https:\/\/www.parcdescarrieres.net\/de\/eckdaten\/","title":{"rendered":"Eckdaten"},"content":{"rendered":"\t\t<div data-elementor-type=\"wp-page\" data-elementor-id=\"1017\" class=\"elementor elementor-1017 elementor-18\">\n\t\t\t\t\t\t<section class=\"elementor-section elementor-top-section elementor-element elementor-element-75589f4e elementor-section-full_width elementor-section-stretched banner elementor-section-height-default elementor-section-height-default\" data-id=\"75589f4e\" data-element_type=\"section\" data-settings=\"{&quot;stretch_section&quot;:&quot;section-stretched&quot;,&quot;background_background&quot;:&quot;classic&quot;}\">\n\t\t\t\t\t\t<div class=\"elementor-container elementor-column-gap-default\">\n\t\t\t\t\t<div class=\"elementor-column elementor-col-100 elementor-top-column elementor-element elementor-element-2ce35b1d\" data-id=\"2ce35b1d\" data-element_type=\"column\">\n\t\t\t<div class=\"elementor-widget-wrap elementor-element-populated\">\n\t\t\t\t\t\t<div class=\"elementor-element elementor-element-22364051 elementor-widget elementor-widget-heading\" data-id=\"22364051\" data-element_type=\"widget\" data-widget_type=\"heading.default\">\n\t\t\t\t<div class=\"elementor-widget-container\">\n\t\t\t\t\t<h1 class=\"elementor-heading-title elementor-size-default\">Eckdaten<\/h1>\t\t\t\t<\/div>\n\t\t\t\t<\/div>\n\t\t\t\t\t<\/div>\n\t\t<\/div>\n\t\t\t\t\t<\/div>\n\t\t<\/section>\n\t\t\t\t<section class=\"elementor-section elementor-top-section elementor-element elementor-element-eee0cfe elementor-section-boxed elementor-section-height-default elementor-section-height-default\" data-id=\"eee0cfe\" data-element_type=\"section\">\n\t\t\t\t\t\t<div class=\"elementor-container elementor-column-gap-default\">\n\t\t\t\t\t<div class=\"elementor-column elementor-col-100 elementor-top-column elementor-element elementor-element-ae6035b\" data-id=\"ae6035b\" data-element_type=\"column\">\n\t\t\t<div class=\"elementor-widget-wrap elementor-element-populated\">\n\t\t\t\t\t\t<div class=\"elementor-element elementor-element-cf9e571 vert elementor-widget elementor-widget-heading\" data-id=\"cf9e571\" data-element_type=\"widget\" data-widget_type=\"heading.default\">\n\t\t\t\t<div class=\"elementor-widget-container\">\n\t\t\t\t\t<h2 class=\"elementor-heading-title elementor-size-default\">Das Projekt in Zahlen<\/h2>\t\t\t\t<\/div>\n\t\t\t\t<\/div>\n\t\t\t\t<section class=\"elementor-section elementor-inner-section elementor-element elementor-element-f69beb2 elementor-section-boxed elementor-section-height-default elementor-section-height-default\" data-id=\"f69beb2\" data-element_type=\"section\">\n\t\t\t\t\t\t<div class=\"elementor-container elementor-column-gap-default\">\n\t\t\t\t\t<div class=\"elementor-column elementor-col-25 elementor-inner-column elementor-element elementor-element-0aa78a6\" data-id=\"0aa78a6\" data-element_type=\"column\">\n\t\t\t<div class=\"elementor-widget-wrap elementor-element-populated\">\n\t\t\t\t\t\t<div class=\"elementor-element elementor-element-0cad9d0 elementor-widget elementor-widget-image\" data-id=\"0cad9d0\" data-element_type=\"widget\" data-widget_type=\"image.default\">\n\t\t\t\t<div class=\"elementor-widget-container\">\n\t\t\t\t\t\t\t\t\t\t\t\t\t\t\t<img decoding=\"async\" width=\"73\" height=\"65\" src=\"https:\/\/www.parcdescarrieres.net\/wp-content\/uploads\/2021\/04\/picto-parc.png\" class=\"attachment-large size-large wp-image-889\" alt=\"Park-Piktogramm\" \/>\t\t\t\t\t\t\t\t\t\t\t\t\t\t\t<\/div>\n\t\t\t\t<\/div>\n\t\t\t\t<div class=\"elementor-element elementor-element-878f158 elementor-widget elementor-widget-text-editor\" data-id=\"878f158\" data-element_type=\"widget\" data-widget_type=\"text-editor.default\">\n\t\t\t\t<div class=\"elementor-widget-container\">\n\t\t\t\t\t\t\t\t\t<p style=\"text-align: center;\"><strong>1<\/strong> Landschaftspark, <br \/>der <strong>2<\/strong> L\u00e4nder und <strong>5<\/strong> Gemeinden verbindet<\/p>\n\t\t\t\t\t\t\t\t<\/div>\n\t\t\t\t<\/div>\n\t\t\t\t\t<\/div>\n\t\t<\/div>\n\t\t\t\t<div class=\"elementor-column elementor-col-25 elementor-inner-column elementor-element elementor-element-773505e\" data-id=\"773505e\" data-element_type=\"column\">\n\t\t\t<div class=\"elementor-widget-wrap elementor-element-populated\">\n\t\t\t\t\t\t<div class=\"elementor-element elementor-element-bb19559 elementor-widget elementor-widget-image\" data-id=\"bb19559\" data-element_type=\"widget\" data-widget_type=\"image.default\">\n\t\t\t\t<div class=\"elementor-widget-container\">\n\t\t\t\t\t\t\t\t\t\t\t\t\t\t\t<img decoding=\"async\" width=\"66\" height=\"66\" src=\"https:\/\/www.parcdescarrieres.net\/wp-content\/uploads\/2021\/06\/PDC_picto-11hectares.png\" class=\"attachment-large size-large wp-image-1108\" alt=\"PDC_picto-11hectares\" \/>\t\t\t\t\t\t\t\t\t\t\t\t\t\t\t<\/div>\n\t\t\t\t<\/div>\n\t\t\t\t<div class=\"elementor-element elementor-element-a16fb4d elementor-widget elementor-widget-text-editor\" data-id=\"a16fb4d\" data-element_type=\"widget\" data-widget_type=\"text-editor.default\">\n\t\t\t\t<div class=\"elementor-widget-container\">\n\t\t\t\t\t\t\t\t\t<p style=\"text-align: center;\"><strong>11<\/strong> Hektar grosser Park, der die Aufwertung <br \/>eines <strong>300<\/strong> Hektar grossen Landschaftsraums erm\u00f6glicht<\/p>\n\t\t\t\t\t\t\t\t<\/div>\n\t\t\t\t<\/div>\n\t\t\t\t\t<\/div>\n\t\t<\/div>\n\t\t\t\t<div class=\"elementor-column elementor-col-25 elementor-inner-column elementor-element elementor-element-96515c3\" data-id=\"96515c3\" data-element_type=\"column\">\n\t\t\t<div class=\"elementor-widget-wrap elementor-element-populated\">\n\t\t\t\t\t\t<div class=\"elementor-element elementor-element-9307e25 elementor-widget elementor-widget-image\" data-id=\"9307e25\" data-element_type=\"widget\" data-widget_type=\"image.default\">\n\t\t\t\t<div class=\"elementor-widget-container\">\n\t\t\t\t\t\t\t\t\t\t\t\t\t\t\t<img decoding=\"async\" width=\"80\" height=\"65\" src=\"https:\/\/www.parcdescarrieres.net\/wp-content\/uploads\/2021\/04\/picto-parc2.png\" class=\"attachment-large size-large wp-image-890\" alt=\"Park-Piktogramm\" \/>\t\t\t\t\t\t\t\t\t\t\t\t\t\t\t<\/div>\n\t\t\t\t<\/div>\n\t\t\t\t<div class=\"elementor-element elementor-element-a1f1b74 elementor-widget elementor-widget-text-editor\" data-id=\"a1f1b74\" data-element_type=\"widget\" data-widget_type=\"text-editor.default\">\n\t\t\t\t<div class=\"elementor-widget-container\">\n\t\t\t\t\t\t\t\t\t<p style=\"text-align: center;\"><b>700<\/b> B\u00e4ume und <b>15\u2018000<\/b> Str\u00e4ucher werden gepflanzt<\/p>\n\t\t\t\t\t\t\t\t<\/div>\n\t\t\t\t<\/div>\n\t\t\t\t\t<\/div>\n\t\t<\/div>\n\t\t\t\t<div class=\"elementor-column elementor-col-25 elementor-inner-column elementor-element elementor-element-21eea34\" data-id=\"21eea34\" data-element_type=\"column\">\n\t\t\t<div class=\"elementor-widget-wrap elementor-element-populated\">\n\t\t\t\t\t\t<div class=\"elementor-element elementor-element-6dbda0d elementor-widget elementor-widget-image\" data-id=\"6dbda0d\" data-element_type=\"widget\" data-widget_type=\"image.default\">\n\t\t\t\t<div class=\"elementor-widget-container\">\n\t\t\t\t\t\t\t\t\t\t\t\t\t\t\t<img loading=\"lazy\" decoding=\"async\" width=\"72\" height=\"65\" src=\"https:\/\/www.parcdescarrieres.net\/wp-content\/uploads\/2021\/04\/picto-partenaires.png\" class=\"attachment-large size-large wp-image-891\" alt=\"Partner-Piktogramm\" \/>\t\t\t\t\t\t\t\t\t\t\t\t\t\t\t<\/div>\n\t\t\t\t<\/div>\n\t\t\t\t<div class=\"elementor-element elementor-element-11cc6cb elementor-widget elementor-widget-text-editor\" data-id=\"11cc6cb\" data-element_type=\"widget\" data-widget_type=\"text-editor.default\">\n\t\t\t\t<div class=\"elementor-widget-container\">\n\t\t\t\t\t\t\t\t\t<p style=\"text-align: center;\"><strong>10<\/strong> \u00f6ffentliche und private Projektpartner<\/p>\n\t\t\t\t\t\t\t\t<\/div>\n\t\t\t\t<\/div>\n\t\t\t\t\t<\/div>\n\t\t<\/div>\n\t\t\t\t\t<\/div>\n\t\t<\/section>\n\t\t\t\t<div class=\"elementor-element elementor-element-0d1e8d3 vert elementor-widget elementor-widget-heading\" data-id=\"0d1e8d3\" data-element_type=\"widget\" data-widget_type=\"heading.default\">\n\t\t\t\t<div class=\"elementor-widget-container\">\n\t\t\t\t\t<h2 class=\"elementor-heading-title elementor-size-default\">Struktur des Projekts IBA Parc des Carri\u00e8res<\/h2>\t\t\t\t<\/div>\n\t\t\t\t<\/div>\n\t\t\t\t<div class=\"elementor-element elementor-element-68d9551 elementor-widget elementor-widget-text-editor\" data-id=\"68d9551\" data-element_type=\"widget\" data-widget_type=\"text-editor.default\">\n\t\t\t\t<div class=\"elementor-widget-container\">\n\t\t\t\t\t\t\t\t\t<ul>\n<li><strong>Projektsteuerung<\/strong>: Verein Parc des Carri\u00e8res<\/li>\n<li><strong>Sitz des Vereins<\/strong>: Maison TriRhena, Village-Neuf<\/li>\n<li><strong>Projektentwicklung<\/strong>: im Rahmen der IBA Basel 2020<\/li>\n<li><strong>Initiative<\/strong>: Courvoisier Stadtentwicklung GmbH, Basel<\/li>\n<li><strong>Landschaftsarchitektur<\/strong>: LAP\u2019S und pg landschaften (Vorprojekt), LAP\u2019S (Bauprojekt)<\/li>\n<li><strong>Landschaftsplanung<\/strong>: LAP&#8217;S \/ pg landschaften (Vorporjekt), LAP&#8217;s (Umsetzung des Parks)<\/li>\n<li><strong>Landbesitzer<\/strong>: B\u00fcrgerspital Basel, Einwohnergemeinde Basel-Stadt, KIBAG AG<\/li>\n<li><strong>Bauherrschaft<\/strong>: Saint-Louis Agglom\u00e9ration (Parkgestaltung, Spielplatz und Korridore im S\u00fcden), Stadt Saint-Louis (Korridor im Norden), Kanton Basel-Stadt, Gemeinde Allschwil (Zugangswege), Gemeinde H\u00e9genheim (Gestaltung der Placette de l\u2019Europe)<\/li>\n<\/ul>\n\t\t\t\t\t\t\t\t<\/div>\n\t\t\t\t<\/div>\n\t\t\t\t\t<\/div>\n\t\t<\/div>\n\t\t\t\t\t<\/div>\n\t\t<\/section>\n\t\t\t\t<\/div>\n\t\t","protected":false},"excerpt":{"rendered":"<p>Eckdaten Das Projekt in Zahlen 1 Landschaftspark, der 2 L\u00e4nder und 5 Gemeinden verbindet 11 Hektar grosser Park, der die Aufwertung eines 300 Hektar grossen Landschaftsraums erm\u00f6glicht 700 B\u00e4ume und 15\u2018000 Str\u00e4ucher werden gepflanzt 10 &#8230;<\/p>\n","protected":false},"author":1,"featured_media":0,"parent":0,"menu_order":0,"comment_status":"closed","ping_status":"closed","template":"","meta":{"footnotes":""},"class_list":["post-1017","page","type-page","status-publish","hentry"],"yoast_head":"<!-- This site is optimized with the Yoast SEO plugin v25.3.1 - https:\/\/yoast.com\/wordpress\/plugins\/seo\/ -->\n<title>Eckdaten | Parc des Carri\u00e8res<\/title>\n<meta name=\"robots\" content=\"index, follow, max-snippet:-1, max-image-preview:large, max-video-preview:-1\" \/>\n<link rel=\"canonical\" href=\"https:\/\/www.parcdescarrieres.net\/de\/eckdaten\/\" \/>\n<meta property=\"og:locale\" content=\"de_DE\" \/>\n<meta property=\"og:type\" content=\"article\" \/>\n<meta property=\"og:title\" content=\"Eckdaten | Parc des Carri\u00e8res\" \/>\n<meta property=\"og:description\" content=\"Eckdaten Das Projekt in Zahlen 1 Landschaftspark, der 2 L\u00e4nder und 5 Gemeinden verbindet 11 Hektar grosser Park, der die Aufwertung eines 300 Hektar grossen Landschaftsraums erm\u00f6glicht 700 B\u00e4ume und 15\u2018000 Str\u00e4ucher werden gepflanzt 10 ...\" \/>\n<meta property=\"og:url\" content=\"https:\/\/www.parcdescarrieres.net\/de\/eckdaten\/\" \/>\n<meta property=\"og:site_name\" content=\"Parc des Carri\u00e8res\" \/>\n<meta property=\"article:modified_time\" content=\"2021-07-01T16:47:02+00:00\" \/>\n<meta property=\"og:image\" content=\"https:\/\/www.parcdescarrieres.net\/wp-content\/uploads\/2021\/04\/picto-parc.png\" \/>\n<meta name=\"twitter:card\" content=\"summary_large_image\" \/>\n<meta name=\"twitter:label1\" content=\"Gesch\u00e4tzte Lesezeit\" \/>\n\t<meta name=\"twitter:data1\" content=\"1\u00a0Minute\" \/>\n<script type=\"application\/ld+json\" class=\"yoast-schema-graph\">{\"@context\":\"https:\/\/schema.org\",\"@graph\":[{\"@type\":\"WebPage\",\"@id\":\"https:\/\/www.parcdescarrieres.net\/de\/eckdaten\/\",\"url\":\"https:\/\/www.parcdescarrieres.net\/de\/eckdaten\/\",\"name\":\"Eckdaten | Parc des Carri\u00e8res\",\"isPartOf\":{\"@id\":\"https:\/\/www.parcdescarrieres.net\/de\/#website\"},\"primaryImageOfPage\":{\"@id\":\"https:\/\/www.parcdescarrieres.net\/de\/eckdaten\/#primaryimage\"},\"image\":{\"@id\":\"https:\/\/www.parcdescarrieres.net\/de\/eckdaten\/#primaryimage\"},\"thumbnailUrl\":\"https:\/\/www.parcdescarrieres.net\/wp-content\/uploads\/2021\/04\/picto-parc.png\",\"datePublished\":\"2021-06-23T15:16:41+00:00\",\"dateModified\":\"2021-07-01T16:47:02+00:00\",\"breadcrumb\":{\"@id\":\"https:\/\/www.parcdescarrieres.net\/de\/eckdaten\/#breadcrumb\"},\"inLanguage\":\"de\",\"potentialAction\":[{\"@type\":\"ReadAction\",\"target\":[\"https:\/\/www.parcdescarrieres.net\/de\/eckdaten\/\"]}]},{\"@type\":\"ImageObject\",\"inLanguage\":\"de\",\"@id\":\"https:\/\/www.parcdescarrieres.net\/de\/eckdaten\/#primaryimage\",\"url\":\"https:\/\/www.parcdescarrieres.net\/wp-content\/uploads\/2021\/04\/picto-parc.png\",\"contentUrl\":\"https:\/\/www.parcdescarrieres.net\/wp-content\/uploads\/2021\/04\/picto-parc.png\"},{\"@type\":\"BreadcrumbList\",\"@id\":\"https:\/\/www.parcdescarrieres.net\/de\/eckdaten\/#breadcrumb\",\"itemListElement\":[{\"@type\":\"ListItem\",\"position\":1,\"name\":\"Accueil\",\"item\":\"https:\/\/www.parcdescarrieres.net\/de\/\"},{\"@type\":\"ListItem\",\"position\":2,\"name\":\"Eckdaten\"}]},{\"@type\":\"WebSite\",\"@id\":\"https:\/\/www.parcdescarrieres.net\/de\/#website\",\"url\":\"https:\/\/www.parcdescarrieres.net\/de\/\",\"name\":\"Parc des Carri\u00e8res\",\"description\":\"\",\"publisher\":{\"@id\":\"https:\/\/www.parcdescarrieres.net\/de\/#organization\"},\"potentialAction\":[{\"@type\":\"SearchAction\",\"target\":{\"@type\":\"EntryPoint\",\"urlTemplate\":\"https:\/\/www.parcdescarrieres.net\/de\/?s={search_term_string}\"},\"query-input\":{\"@type\":\"PropertyValueSpecification\",\"valueRequired\":true,\"valueName\":\"search_term_string\"}}],\"inLanguage\":\"de\"},{\"@type\":\"Organization\",\"@id\":\"https:\/\/www.parcdescarrieres.net\/de\/#organization\",\"name\":\"Association Parc des Carri\u00e8res\",\"url\":\"https:\/\/www.parcdescarrieres.net\/de\/\",\"logo\":{\"@type\":\"ImageObject\",\"inLanguage\":\"de\",\"@id\":\"https:\/\/www.parcdescarrieres.net\/de\/#\/schema\/logo\/image\/\",\"url\":\"https:\/\/www.parcdescarrieres.net\/wp-content\/uploads\/2021\/04\/logo_nb.png\",\"contentUrl\":\"https:\/\/www.parcdescarrieres.net\/wp-content\/uploads\/2021\/04\/logo_nb.png\",\"width\":235,\"height\":86,\"caption\":\"Association Parc des Carri\u00e8res\"},\"image\":{\"@id\":\"https:\/\/www.parcdescarrieres.net\/de\/#\/schema\/logo\/image\/\"}}]}<\/script>\n<!-- \/ Yoast SEO plugin. -->","yoast_head_json":{"title":"Eckdaten | Parc des Carri\u00e8res","robots":{"index":"index","follow":"follow","max-snippet":"max-snippet:-1","max-image-preview":"max-image-preview:large","max-video-preview":"max-video-preview:-1"},"canonical":"https:\/\/www.parcdescarrieres.net\/de\/eckdaten\/","og_locale":"de_DE","og_type":"article","og_title":"Eckdaten | Parc des Carri\u00e8res","og_description":"Eckdaten Das Projekt in Zahlen 1 Landschaftspark, der 2 L\u00e4nder und 5 Gemeinden verbindet 11 Hektar grosser Park, der die Aufwertung eines 300 Hektar grossen Landschaftsraums erm\u00f6glicht 700 B\u00e4ume und 15\u2018000 Str\u00e4ucher werden gepflanzt 10 ...","og_url":"https:\/\/www.parcdescarrieres.net\/de\/eckdaten\/","og_site_name":"Parc des Carri\u00e8res","article_modified_time":"2021-07-01T16:47:02+00:00","og_image":[{"url":"https:\/\/www.parcdescarrieres.net\/wp-content\/uploads\/2021\/04\/picto-parc.png","type":"","width":"","height":""}],"twitter_card":"summary_large_image","twitter_misc":{"Gesch\u00e4tzte Lesezeit":"1\u00a0Minute"},"schema":{"@context":"https:\/\/schema.org","@graph":[{"@type":"WebPage","@id":"https:\/\/www.parcdescarrieres.net\/de\/eckdaten\/","url":"https:\/\/www.parcdescarrieres.net\/de\/eckdaten\/","name":"Eckdaten | Parc des Carri\u00e8res","isPartOf":{"@id":"https:\/\/www.parcdescarrieres.net\/de\/#website"},"primaryImageOfPage":{"@id":"https:\/\/www.parcdescarrieres.net\/de\/eckdaten\/#primaryimage"},"image":{"@id":"https:\/\/www.parcdescarrieres.net\/de\/eckdaten\/#primaryimage"},"thumbnailUrl":"https:\/\/www.parcdescarrieres.net\/wp-content\/uploads\/2021\/04\/picto-parc.png","datePublished":"2021-06-23T15:16:41+00:00","dateModified":"2021-07-01T16:47:02+00:00","breadcrumb":{"@id":"https:\/\/www.parcdescarrieres.net\/de\/eckdaten\/#breadcrumb"},"inLanguage":"de","potentialAction":[{"@type":"ReadAction","target":["https:\/\/www.parcdescarrieres.net\/de\/eckdaten\/"]}]},{"@type":"ImageObject","inLanguage":"de","@id":"https:\/\/www.parcdescarrieres.net\/de\/eckdaten\/#primaryimage","url":"https:\/\/www.parcdescarrieres.net\/wp-content\/uploads\/2021\/04\/picto-parc.png","contentUrl":"https:\/\/www.parcdescarrieres.net\/wp-content\/uploads\/2021\/04\/picto-parc.png"},{"@type":"BreadcrumbList","@id":"https:\/\/www.parcdescarrieres.net\/de\/eckdaten\/#breadcrumb","itemListElement":[{"@type":"ListItem","position":1,"name":"Accueil","item":"https:\/\/www.parcdescarrieres.net\/de\/"},{"@type":"ListItem","position":2,"name":"Eckdaten"}]},{"@type":"WebSite","@id":"https:\/\/www.parcdescarrieres.net\/de\/#website","url":"https:\/\/www.parcdescarrieres.net\/de\/","name":"Parc des Carri\u00e8res","description":"","publisher":{"@id":"https:\/\/www.parcdescarrieres.net\/de\/#organization"},"potentialAction":[{"@type":"SearchAction","target":{"@type":"EntryPoint","urlTemplate":"https:\/\/www.parcdescarrieres.net\/de\/?s={search_term_string}"},"query-input":{"@type":"PropertyValueSpecification","valueRequired":true,"valueName":"search_term_string"}}],"inLanguage":"de"},{"@type":"Organization","@id":"https:\/\/www.parcdescarrieres.net\/de\/#organization","name":"Association Parc des Carri\u00e8res","url":"https:\/\/www.parcdescarrieres.net\/de\/","logo":{"@type":"ImageObject","inLanguage":"de","@id":"https:\/\/www.parcdescarrieres.net\/de\/#\/schema\/logo\/image\/","url":"https:\/\/www.parcdescarrieres.net\/wp-content\/uploads\/2021\/04\/logo_nb.png","contentUrl":"https:\/\/www.parcdescarrieres.net\/wp-content\/uploads\/2021\/04\/logo_nb.png","width":235,"height":86,"caption":"Association Parc des Carri\u00e8res"},"image":{"@id":"https:\/\/www.parcdescarrieres.net\/de\/#\/schema\/logo\/image\/"}}]}},"_links":{"self":[{"href":"https:\/\/www.parcdescarrieres.net\/de\/wp-json\/wp\/v2\/pages\/1017","targetHints":{"allow":["GET"]}}],"collection":[{"href":"https:\/\/www.parcdescarrieres.net\/de\/wp-json\/wp\/v2\/pages"}],"about":[{"href":"https:\/\/www.parcdescarrieres.net\/de\/wp-json\/wp\/v2\/types\/page"}],"author":[{"embeddable":true,"href":"https:\/\/www.parcdescarrieres.net\/de\/wp-json\/wp\/v2\/users\/1"}],"replies":[{"embeddable":true,"href":"https:\/\/www.parcdescarrieres.net\/de\/wp-json\/wp\/v2\/comments?post=1017"}],"version-history":[{"count":24,"href":"https:\/\/www.parcdescarrieres.net\/de\/wp-json\/wp\/v2\/pages\/1017\/revisions"}],"predecessor-version":[{"id":1207,"href":"https:\/\/www.parcdescarrieres.net\/de\/wp-json\/wp\/v2\/pages\/1017\/revisions\/1207"}],"wp:attachment":[{"href":"https:\/\/www.parcdescarrieres.net\/de\/wp-json\/wp\/v2\/media?parent=1017"}],"curies":[{"name":"wp","href":"https:\/\/api.w.org\/{rel}","templated":true}]}}