{"id":1021,"date":"2021-06-23T17:17:49","date_gmt":"2021-06-23T15:17:49","guid":{"rendered":"https:\/\/www.parcdescarrieres.net\/die-kiesgrube\/"},"modified":"2021-06-23T17:19:59","modified_gmt":"2021-06-23T15:19:59","slug":"die-kiesgrube","status":"publish","type":"page","link":"https:\/\/www.parcdescarrieres.net\/de\/die-kiesgrube\/","title":{"rendered":"Die Kiesgrube"},"content":{"rendered":"\t\t<div data-elementor-type=\"wp-page\" data-elementor-id=\"1021\" class=\"elementor elementor-1021 elementor-22\">\n\t\t\t\t\t\t<section class=\"elementor-section elementor-top-section elementor-element elementor-element-112c0a18 elementor-section-full_width elementor-section-stretched banner elementor-section-height-default elementor-section-height-default\" data-id=\"112c0a18\" data-element_type=\"section\" data-settings=\"{&quot;stretch_section&quot;:&quot;section-stretched&quot;,&quot;background_background&quot;:&quot;classic&quot;}\">\n\t\t\t\t\t\t<div class=\"elementor-container elementor-column-gap-default\">\n\t\t\t\t\t<div class=\"elementor-column elementor-col-100 elementor-top-column elementor-element elementor-element-cb68fe9\" data-id=\"cb68fe9\" data-element_type=\"column\">\n\t\t\t<div class=\"elementor-widget-wrap elementor-element-populated\">\n\t\t\t\t\t\t<div class=\"elementor-element elementor-element-6abbfda elementor-widget elementor-widget-heading\" data-id=\"6abbfda\" data-element_type=\"widget\" data-widget_type=\"heading.default\">\n\t\t\t\t<div class=\"elementor-widget-container\">\n\t\t\t\t\t<h1 class=\"elementor-heading-title elementor-size-default\">Die Kiesgrube<\/h1>\t\t\t\t<\/div>\n\t\t\t\t<\/div>\n\t\t\t\t\t<\/div>\n\t\t<\/div>\n\t\t\t\t\t<\/div>\n\t\t<\/section>\n\t\t\t\t<section class=\"elementor-section elementor-top-section elementor-element elementor-element-b41b990 elementor-section-boxed elementor-section-height-default elementor-section-height-default\" data-id=\"b41b990\" data-element_type=\"section\">\n\t\t\t\t\t\t<div class=\"elementor-container elementor-column-gap-default\">\n\t\t\t\t\t<div class=\"elementor-column elementor-col-100 elementor-top-column elementor-element elementor-element-9d1e230\" data-id=\"9d1e230\" data-element_type=\"column\">\n\t\t\t<div class=\"elementor-widget-wrap elementor-element-populated\">\n\t\t\t\t\t\t<div class=\"elementor-element elementor-element-373e48c elementor-widget elementor-widget-spacer\" data-id=\"373e48c\" data-element_type=\"widget\" data-widget_type=\"spacer.default\">\n\t\t\t\t<div class=\"elementor-widget-container\">\n\t\t\t\t\t\t\t<div class=\"elementor-spacer\">\n\t\t\t<div class=\"elementor-spacer-inner\"><\/div>\n\t\t<\/div>\n\t\t\t\t\t\t<\/div>\n\t\t\t\t<\/div>\n\t\t\t\t<div class=\"elementor-element elementor-element-8d51759 vert elementor-widget elementor-widget-heading\" data-id=\"8d51759\" data-element_type=\"widget\" data-widget_type=\"heading.default\">\n\t\t\t\t<div class=\"elementor-widget-container\">\n\t\t\t\t\t<h2 class=\"elementor-heading-title elementor-size-default\">Kies, eine lokale Ressource<\/h2>\t\t\t\t<\/div>\n\t\t\t\t<\/div>\n\t\t\t\t<div class=\"elementor-element elementor-element-3ebf510 elementor-widget elementor-widget-text-editor\" data-id=\"3ebf510\" data-element_type=\"widget\" data-widget_type=\"text-editor.default\">\n\t\t\t\t<div class=\"elementor-widget-container\">\n\t\t\t\t\t\t\t\t\t<p>Der Rhein und seine Nebenfl\u00fcsse haben im Laufe von Jahrmillionen viel Gesteinsmaterial aus den Alpen in die Ebenen getragen. Der dabei abgelagerte <em>Kies<\/em> stellt eine wertvolle Ressource dar. In der Region Basel umfassen Kiesgruben eine Fl\u00e4che von rund 800 Hektar. Ob zerkleinert oder im Rohzustand ist der Kies eine wichtige Ressource f\u00fcr den Bau von Strassen und Geb\u00e4uden in der Region. An manchen Orten \u2013 wie in Blotzheim, Bartenheim oder Sierentz \u2013 sind im Zuge des Kiesabbaus Baggerseen entstanden. Die Kiesgruben bieten ein grosses Potenzial f\u00fcr die Gestaltung der Landschaft, die Erholung und die Artenvielfalt in der trinationalen Region. Ihre effiziente Bewirtschaftung ist eine Herausforderung f\u00fcr die Zukunft.<\/p>\n\t\t\t\t\t\t\t\t<\/div>\n\t\t\t\t<\/div>\n\t\t\t\t\t<\/div>\n\t\t<\/div>\n\t\t\t\t\t<\/div>\n\t\t<\/section>\n\t\t\t\t<section class=\"elementor-section elementor-top-section elementor-element elementor-element-2ca98b3 elementor-section-boxed elementor-section-height-default elementor-section-height-default\" data-id=\"2ca98b3\" data-element_type=\"section\">\n\t\t\t\t\t\t<div class=\"elementor-container elementor-column-gap-default\">\n\t\t\t\t\t<div class=\"elementor-column elementor-col-50 elementor-top-column elementor-element elementor-element-cc60985\" data-id=\"cc60985\" data-element_type=\"column\">\n\t\t\t<div class=\"elementor-widget-wrap elementor-element-populated\">\n\t\t\t\t\t\t<div class=\"elementor-element elementor-element-0b0fac2 eael-tooltip-align-left elementor-widget elementor-widget-eael-tooltip\" data-id=\"0b0fac2\" data-element_type=\"widget\" data-widget_type=\"eael-tooltip.default\">\n\t\t\t\t<div class=\"elementor-widget-container\">\n\t\t\t\t\t\t<div class=\"eael-tooltip\">\n\t\t\t\t\t<span class=\"eael-tooltip-content\" tabindex=\"0\" aria-describedby=\"tooltip-text-0b0fac2\"><img decoding=\"async\" src=\"https:\/\/www.parcdescarrieres.net\/wp-content\/uploads\/2021\/06\/Pdc-Graviere\u00a9IBA-Basel-scaled.jpg\" alt=\"\"><\/span>\n  \t\t\t<span id=\"tooltip-text-0b0fac2\" class=\"eael-tooltip-text eael-tooltip-left\" role=\"tooltip\"><p>Copyright: IBA Basel <\/p>\n<\/span>\n  \t\t\t<\/div>\n\t\t\t\t\t<\/div>\n\t\t\t\t<\/div>\n\t\t\t\t\t<\/div>\n\t\t<\/div>\n\t\t\t\t<div class=\"elementor-column elementor-col-50 elementor-top-column elementor-element elementor-element-7efda13\" data-id=\"7efda13\" data-element_type=\"column\">\n\t\t\t<div class=\"elementor-widget-wrap elementor-element-populated\">\n\t\t\t\t\t\t<div class=\"elementor-element elementor-element-d69a244 eael-tooltip-align-left elementor-widget elementor-widget-eael-tooltip\" data-id=\"d69a244\" data-element_type=\"widget\" data-widget_type=\"eael-tooltip.default\">\n\t\t\t\t<div class=\"elementor-widget-container\">\n\t\t\t\t\t\t<div class=\"eael-tooltip\">\n\t\t\t\t\t<span class=\"eael-tooltip-content\" tabindex=\"0\" aria-describedby=\"tooltip-text-d69a244\"><img decoding=\"async\" src=\"https:\/\/www.parcdescarrieres.net\/wp-content\/uploads\/2021\/04\/Le-gravier-une-ressource_AncienneGraviere_Bourgfelden-S115-Patrick-Noel-Ville-de-Saint-Louis.jpg\" alt=\"\"><\/span>\n  \t\t\t<span id=\"tooltip-text-d69a244\" class=\"eael-tooltip-text eael-tooltip-right\" role=\"tooltip\"><p>Ehemalige Kiesgrube - Copyright: Soci\u00e9t\u00e9 d\u2019Histoire de Saint-Louis \u2013 Les Amis du Patrimoine \u2013 Paul-Bernard Munch: Bourgfelden \u2013 la grande histoire d\u2019un petit village, p.115<\/p>\n<\/span>\n  \t\t\t<\/div>\n\t\t\t\t\t<\/div>\n\t\t\t\t<\/div>\n\t\t\t\t\t<\/div>\n\t\t<\/div>\n\t\t\t\t\t<\/div>\n\t\t<\/section>\n\t\t\t\t<section class=\"elementor-section elementor-top-section elementor-element elementor-element-4281c29 elementor-section-boxed elementor-section-height-default elementor-section-height-default\" data-id=\"4281c29\" data-element_type=\"section\">\n\t\t\t\t\t\t<div class=\"elementor-container elementor-column-gap-default\">\n\t\t\t\t\t<div class=\"elementor-column elementor-col-100 elementor-top-column elementor-element elementor-element-488db46\" data-id=\"488db46\" data-element_type=\"column\">\n\t\t\t<div class=\"elementor-widget-wrap elementor-element-populated\">\n\t\t\t\t\t\t<div class=\"elementor-element elementor-element-a1fc186 elementor-widget elementor-widget-spacer\" data-id=\"a1fc186\" data-element_type=\"widget\" data-widget_type=\"spacer.default\">\n\t\t\t\t<div class=\"elementor-widget-container\">\n\t\t\t\t\t\t\t<div class=\"elementor-spacer\">\n\t\t\t<div class=\"elementor-spacer-inner\"><\/div>\n\t\t<\/div>\n\t\t\t\t\t\t<\/div>\n\t\t\t\t<\/div>\n\t\t\t\t<div class=\"elementor-element elementor-element-0abed08 vert elementor-widget elementor-widget-heading\" data-id=\"0abed08\" data-element_type=\"widget\" data-widget_type=\"heading.default\">\n\t\t\t\t<div class=\"elementor-widget-container\">\n\t\t\t\t\t<h2 class=\"elementor-heading-title elementor-size-default\">Kiesabbau<\/h2>\t\t\t\t<\/div>\n\t\t\t\t<\/div>\n\t\t\t\t\t<\/div>\n\t\t<\/div>\n\t\t\t\t\t<\/div>\n\t\t<\/section>\n\t\t\t\t<section class=\"elementor-section elementor-top-section elementor-element elementor-element-23fb905 elementor-section-boxed elementor-section-height-default elementor-section-height-default\" data-id=\"23fb905\" data-element_type=\"section\">\n\t\t\t\t\t\t<div class=\"elementor-container elementor-column-gap-default\">\n\t\t\t\t\t<div class=\"elementor-column elementor-col-100 elementor-top-column elementor-element elementor-element-12a63c7\" data-id=\"12a63c7\" data-element_type=\"column\">\n\t\t\t<div class=\"elementor-widget-wrap elementor-element-populated\">\n\t\t\t\t\t\t<div class=\"elementor-element elementor-element-0bcb0f0 elementor-widget elementor-widget-text-editor\" data-id=\"0bcb0f0\" data-element_type=\"widget\" data-widget_type=\"text-editor.default\">\n\t\t\t\t<div class=\"elementor-widget-container\">\n\t\t\t\t\t\t\t\t\t<p>Im Gebiet zwischen Saint-Louis\/Bourgfelden und H\u00e9genheim wird die Kiesgrube zu einem Landschaftspark umgestaltet. Der Kiesabbau wird voraussichtlich bis etwa 2040 fortgesetzt. Der Kies gelangt auf F\u00f6rderb\u00e4ndern in das Werk der Firma KIBAG am Stadtrand von Basel, in unmittelbare N\u00e4he der franz\u00f6sischen Grenze. Ein Teil des gewonnenen Kieses wird f\u00fcr die Herstellung von Beton verwendet. Ein anderer Teil geht direkt an Baustellen in der Region f\u00fcr den Bau und Infrastruktur.<\/p>\n\t\t\t\t\t\t\t\t<\/div>\n\t\t\t\t<\/div>\n\t\t\t\t\t<\/div>\n\t\t<\/div>\n\t\t\t\t\t<\/div>\n\t\t<\/section>\n\t\t\t\t<section class=\"elementor-section elementor-top-section elementor-element elementor-element-ef023c8 elementor-section-boxed elementor-section-height-default elementor-section-height-default\" data-id=\"ef023c8\" data-element_type=\"section\">\n\t\t\t\t\t\t<div class=\"elementor-container elementor-column-gap-default\">\n\t\t\t\t\t<div class=\"elementor-column elementor-col-100 elementor-top-column elementor-element elementor-element-8db6d38\" data-id=\"8db6d38\" data-element_type=\"column\">\n\t\t\t<div class=\"elementor-widget-wrap elementor-element-populated\">\n\t\t\t\t\t\t<div class=\"elementor-element elementor-element-96df600 eael-tooltip-align-left elementor-widget elementor-widget-eael-tooltip\" data-id=\"96df600\" data-element_type=\"widget\" data-widget_type=\"eael-tooltip.default\">\n\t\t\t\t<div class=\"elementor-widget-container\">\n\t\t\t\t\t\t<div class=\"eael-tooltip\">\n\t\t\t\t\t<span class=\"eael-tooltip-content\" tabindex=\"0\" aria-describedby=\"tooltip-text-96df600\"><img decoding=\"async\" src=\"https:\/\/www.parcdescarrieres.net\/wp-content\/uploads\/2021\/04\/Foto-Kiesgrube_KIBAG_\u252c\u00aecourvoisier-1.jpg\" alt=\"\"><\/span>\n  \t\t\t<span id=\"tooltip-text-96df600\" class=\"eael-tooltip-text eael-tooltip-right\" role=\"tooltip\"><p>Copyright: Courvoisier<\/p>\n<\/span>\n  \t\t\t<\/div>\n\t\t\t\t\t<\/div>\n\t\t\t\t<\/div>\n\t\t\t\t\t<\/div>\n\t\t<\/div>\n\t\t\t\t\t<\/div>\n\t\t<\/section>\n\t\t\t\t<section class=\"elementor-section elementor-top-section elementor-element elementor-element-6f93f28 elementor-section-boxed elementor-section-height-default elementor-section-height-default\" data-id=\"6f93f28\" data-element_type=\"section\">\n\t\t\t\t\t\t<div class=\"elementor-container elementor-column-gap-default\">\n\t\t\t\t\t<div class=\"elementor-column elementor-col-100 elementor-top-column elementor-element elementor-element-82afda9\" data-id=\"82afda9\" data-element_type=\"column\">\n\t\t\t<div class=\"elementor-widget-wrap elementor-element-populated\">\n\t\t\t\t\t\t<div class=\"elementor-element elementor-element-e6e8e03 elementor-widget elementor-widget-spacer\" data-id=\"e6e8e03\" data-element_type=\"widget\" data-widget_type=\"spacer.default\">\n\t\t\t\t<div class=\"elementor-widget-container\">\n\t\t\t\t\t\t\t<div class=\"elementor-spacer\">\n\t\t\t<div class=\"elementor-spacer-inner\"><\/div>\n\t\t<\/div>\n\t\t\t\t\t\t<\/div>\n\t\t\t\t<\/div>\n\t\t\t\t<div class=\"elementor-element elementor-element-7935bfc vert elementor-widget elementor-widget-heading\" data-id=\"7935bfc\" data-element_type=\"widget\" data-widget_type=\"heading.default\">\n\t\t\t\t<div class=\"elementor-widget-container\">\n\t\t\t\t\t<h2 class=\"elementor-heading-title elementor-size-default\">Gestaltung eines Parks aus dem Materialkreislauf und der \u00abMehrauff\u00fcllung\u00bb der Kiesgrube<\/h2>\t\t\t\t<\/div>\n\t\t\t\t<\/div>\n\t\t\t\t<div class=\"elementor-element elementor-element-86cd91c elementor-widget elementor-widget-text-editor\" data-id=\"86cd91c\" data-element_type=\"widget\" data-widget_type=\"text-editor.default\">\n\t\t\t\t<div class=\"elementor-widget-container\">\n\t\t\t\t\t\t\t\t\t<p>Der Kies wird bis in eine Tiefe von rund 15 Metern abgebaut. Ist die Grube ersch\u00f6pft, wird sie mit unbelastetem Bodenaushub (Materialien aus dem Aushub lokaler Baustellen) gef\u00fcllt.<\/p>\n<p>Im Rahmen des IBA-Projekts Parc des Carri\u00e8res haben die franz\u00f6sischen Beh\u00f6rden eine Mehraufsch\u00fcttung bewilligt. Das heisst, dass die Kiesabbaufirma die Grube bis zu 2 Meter \u00fcber die urspr\u00fcngliche Gel\u00e4ndeh\u00f6he hinaus auff\u00fcllen darf. Die Aufsch\u00fcttung wird dann mit einer fruchtbaren Erdschicht, dem sogenannten <em>Humus<\/em>, gedeckt. Nach der Wiederherstellung wird ein Teil des Kiesgrubengel\u00e4ndes wieder der Ladwirtschaft zugef\u00fchrt. Ein Teil der Fl\u00e4che wird in einen Landschaftspark umgewandelt.<\/p>\n<p>Das System der \u201eMehrauff\u00fcllung\u201c generiert zus\u00e4tzliche finanzielle Mittel f\u00fcr die Umsetzung der weiteren Phasen des Landschaftsparks (Phasen 2 und 3). <a href=\"https:\/\/www.parcdescarrieres.net\/de\/neugestaltung\/\" rel=\"noopener\">Siehe Projektetappen.<\/a><\/p>\n\t\t\t\t\t\t\t\t<\/div>\n\t\t\t\t<\/div>\n\t\t\t\t\t<\/div>\n\t\t<\/div>\n\t\t\t\t\t<\/div>\n\t\t<\/section>\n\t\t\t\t<\/div>\n\t\t","protected":false},"excerpt":{"rendered":"<p>Die Kiesgrube Kies, eine lokale Ressource Der Rhein und seine Nebenfl\u00fcsse haben im Laufe von Jahrmillionen viel Gesteinsmaterial aus den Alpen in die Ebenen getragen. Der dabei abgelagerte Kies stellt eine wertvolle Ressource dar. In &#8230;<\/p>\n","protected":false},"author":1,"featured_media":0,"parent":0,"menu_order":0,"comment_status":"closed","ping_status":"closed","template":"","meta":{"footnotes":""},"class_list":["post-1021","page","type-page","status-publish","hentry"],"yoast_head":"<!-- This site is optimized with the Yoast SEO plugin v25.3.1 - https:\/\/yoast.com\/wordpress\/plugins\/seo\/ -->\n<title>Die Kiesgrube | Parc des Carri\u00e8res<\/title>\n<meta name=\"robots\" content=\"index, follow, max-snippet:-1, max-image-preview:large, max-video-preview:-1\" \/>\n<link rel=\"canonical\" href=\"https:\/\/www.parcdescarrieres.net\/de\/die-kiesgrube\/\" \/>\n<meta property=\"og:locale\" content=\"de_DE\" \/>\n<meta property=\"og:type\" content=\"article\" \/>\n<meta property=\"og:title\" content=\"Die Kiesgrube | Parc des Carri\u00e8res\" \/>\n<meta property=\"og:description\" content=\"Die Kiesgrube Kies, eine lokale Ressource Der Rhein und seine Nebenfl\u00fcsse haben im Laufe von Jahrmillionen viel Gesteinsmaterial aus den Alpen in die Ebenen getragen. Der dabei abgelagerte Kies stellt eine wertvolle Ressource dar. In ...\" \/>\n<meta property=\"og:url\" content=\"https:\/\/www.parcdescarrieres.net\/de\/die-kiesgrube\/\" \/>\n<meta property=\"og:site_name\" content=\"Parc des Carri\u00e8res\" \/>\n<meta property=\"article:modified_time\" content=\"2021-06-23T15:19:59+00:00\" \/>\n<meta property=\"og:image\" content=\"https:\/\/www.parcdescarrieres.net\/wp-content\/uploads\/2021\/04\/Le-gravier-une-ressource_AncienneGraviere_Bourgfelden-S115-Patrick-Noel-Ville-de-Saint-Louis.jpg\" \/>\n<meta name=\"twitter:card\" content=\"summary_large_image\" \/>\n<meta name=\"twitter:label1\" content=\"Gesch\u00e4tzte Lesezeit\" \/>\n\t<meta name=\"twitter:data1\" content=\"2\u00a0Minuten\" \/>\n<script type=\"application\/ld+json\" class=\"yoast-schema-graph\">{\"@context\":\"https:\/\/schema.org\",\"@graph\":[{\"@type\":\"WebPage\",\"@id\":\"https:\/\/www.parcdescarrieres.net\/de\/die-kiesgrube\/\",\"url\":\"https:\/\/www.parcdescarrieres.net\/de\/die-kiesgrube\/\",\"name\":\"Die Kiesgrube | Parc des Carri\u00e8res\",\"isPartOf\":{\"@id\":\"https:\/\/www.parcdescarrieres.net\/de\/#website\"},\"primaryImageOfPage\":{\"@id\":\"https:\/\/www.parcdescarrieres.net\/de\/die-kiesgrube\/#primaryimage\"},\"image\":{\"@id\":\"https:\/\/www.parcdescarrieres.net\/de\/die-kiesgrube\/#primaryimage\"},\"thumbnailUrl\":\"https:\/\/www.parcdescarrieres.net\/wp-content\/uploads\/2021\/04\/Le-gravier-une-ressource_AncienneGraviere_Bourgfelden-S115-Patrick-Noel-Ville-de-Saint-Louis.jpg\",\"datePublished\":\"2021-06-23T15:17:49+00:00\",\"dateModified\":\"2021-06-23T15:19:59+00:00\",\"breadcrumb\":{\"@id\":\"https:\/\/www.parcdescarrieres.net\/de\/die-kiesgrube\/#breadcrumb\"},\"inLanguage\":\"de\",\"potentialAction\":[{\"@type\":\"ReadAction\",\"target\":[\"https:\/\/www.parcdescarrieres.net\/de\/die-kiesgrube\/\"]}]},{\"@type\":\"ImageObject\",\"inLanguage\":\"de\",\"@id\":\"https:\/\/www.parcdescarrieres.net\/de\/die-kiesgrube\/#primaryimage\",\"url\":\"https:\/\/www.parcdescarrieres.net\/wp-content\/uploads\/2021\/04\/Le-gravier-une-ressource_AncienneGraviere_Bourgfelden-S115-Patrick-Noel-Ville-de-Saint-Louis.jpg\",\"contentUrl\":\"https:\/\/www.parcdescarrieres.net\/wp-content\/uploads\/2021\/04\/Le-gravier-une-ressource_AncienneGraviere_Bourgfelden-S115-Patrick-Noel-Ville-de-Saint-Louis.jpg\"},{\"@type\":\"BreadcrumbList\",\"@id\":\"https:\/\/www.parcdescarrieres.net\/de\/die-kiesgrube\/#breadcrumb\",\"itemListElement\":[{\"@type\":\"ListItem\",\"position\":1,\"name\":\"Accueil\",\"item\":\"https:\/\/www.parcdescarrieres.net\/de\/\"},{\"@type\":\"ListItem\",\"position\":2,\"name\":\"Die Kiesgrube\"}]},{\"@type\":\"WebSite\",\"@id\":\"https:\/\/www.parcdescarrieres.net\/de\/#website\",\"url\":\"https:\/\/www.parcdescarrieres.net\/de\/\",\"name\":\"Parc des Carri\u00e8res\",\"description\":\"\",\"publisher\":{\"@id\":\"https:\/\/www.parcdescarrieres.net\/de\/#organization\"},\"potentialAction\":[{\"@type\":\"SearchAction\",\"target\":{\"@type\":\"EntryPoint\",\"urlTemplate\":\"https:\/\/www.parcdescarrieres.net\/de\/?s={search_term_string}\"},\"query-input\":{\"@type\":\"PropertyValueSpecification\",\"valueRequired\":true,\"valueName\":\"search_term_string\"}}],\"inLanguage\":\"de\"},{\"@type\":\"Organization\",\"@id\":\"https:\/\/www.parcdescarrieres.net\/de\/#organization\",\"name\":\"Association Parc des Carri\u00e8res\",\"url\":\"https:\/\/www.parcdescarrieres.net\/de\/\",\"logo\":{\"@type\":\"ImageObject\",\"inLanguage\":\"de\",\"@id\":\"https:\/\/www.parcdescarrieres.net\/de\/#\/schema\/logo\/image\/\",\"url\":\"https:\/\/www.parcdescarrieres.net\/wp-content\/uploads\/2021\/04\/logo_nb.png\",\"contentUrl\":\"https:\/\/www.parcdescarrieres.net\/wp-content\/uploads\/2021\/04\/logo_nb.png\",\"width\":235,\"height\":86,\"caption\":\"Association Parc des Carri\u00e8res\"},\"image\":{\"@id\":\"https:\/\/www.parcdescarrieres.net\/de\/#\/schema\/logo\/image\/\"}}]}<\/script>\n<!-- \/ Yoast SEO plugin. -->","yoast_head_json":{"title":"Die Kiesgrube | Parc des Carri\u00e8res","robots":{"index":"index","follow":"follow","max-snippet":"max-snippet:-1","max-image-preview":"max-image-preview:large","max-video-preview":"max-video-preview:-1"},"canonical":"https:\/\/www.parcdescarrieres.net\/de\/die-kiesgrube\/","og_locale":"de_DE","og_type":"article","og_title":"Die Kiesgrube | Parc des Carri\u00e8res","og_description":"Die Kiesgrube Kies, eine lokale Ressource Der Rhein und seine Nebenfl\u00fcsse haben im Laufe von Jahrmillionen viel Gesteinsmaterial aus den Alpen in die Ebenen getragen. Der dabei abgelagerte Kies stellt eine wertvolle Ressource dar. In ...","og_url":"https:\/\/www.parcdescarrieres.net\/de\/die-kiesgrube\/","og_site_name":"Parc des Carri\u00e8res","article_modified_time":"2021-06-23T15:19:59+00:00","og_image":[{"url":"https:\/\/www.parcdescarrieres.net\/wp-content\/uploads\/2021\/04\/Le-gravier-une-ressource_AncienneGraviere_Bourgfelden-S115-Patrick-Noel-Ville-de-Saint-Louis.jpg","type":"","width":"","height":""}],"twitter_card":"summary_large_image","twitter_misc":{"Gesch\u00e4tzte Lesezeit":"2\u00a0Minuten"},"schema":{"@context":"https:\/\/schema.org","@graph":[{"@type":"WebPage","@id":"https:\/\/www.parcdescarrieres.net\/de\/die-kiesgrube\/","url":"https:\/\/www.parcdescarrieres.net\/de\/die-kiesgrube\/","name":"Die Kiesgrube | Parc des Carri\u00e8res","isPartOf":{"@id":"https:\/\/www.parcdescarrieres.net\/de\/#website"},"primaryImageOfPage":{"@id":"https:\/\/www.parcdescarrieres.net\/de\/die-kiesgrube\/#primaryimage"},"image":{"@id":"https:\/\/www.parcdescarrieres.net\/de\/die-kiesgrube\/#primaryimage"},"thumbnailUrl":"https:\/\/www.parcdescarrieres.net\/wp-content\/uploads\/2021\/04\/Le-gravier-une-ressource_AncienneGraviere_Bourgfelden-S115-Patrick-Noel-Ville-de-Saint-Louis.jpg","datePublished":"2021-06-23T15:17:49+00:00","dateModified":"2021-06-23T15:19:59+00:00","breadcrumb":{"@id":"https:\/\/www.parcdescarrieres.net\/de\/die-kiesgrube\/#breadcrumb"},"inLanguage":"de","potentialAction":[{"@type":"ReadAction","target":["https:\/\/www.parcdescarrieres.net\/de\/die-kiesgrube\/"]}]},{"@type":"ImageObject","inLanguage":"de","@id":"https:\/\/www.parcdescarrieres.net\/de\/die-kiesgrube\/#primaryimage","url":"https:\/\/www.parcdescarrieres.net\/wp-content\/uploads\/2021\/04\/Le-gravier-une-ressource_AncienneGraviere_Bourgfelden-S115-Patrick-Noel-Ville-de-Saint-Louis.jpg","contentUrl":"https:\/\/www.parcdescarrieres.net\/wp-content\/uploads\/2021\/04\/Le-gravier-une-ressource_AncienneGraviere_Bourgfelden-S115-Patrick-Noel-Ville-de-Saint-Louis.jpg"},{"@type":"BreadcrumbList","@id":"https:\/\/www.parcdescarrieres.net\/de\/die-kiesgrube\/#breadcrumb","itemListElement":[{"@type":"ListItem","position":1,"name":"Accueil","item":"https:\/\/www.parcdescarrieres.net\/de\/"},{"@type":"ListItem","position":2,"name":"Die Kiesgrube"}]},{"@type":"WebSite","@id":"https:\/\/www.parcdescarrieres.net\/de\/#website","url":"https:\/\/www.parcdescarrieres.net\/de\/","name":"Parc des Carri\u00e8res","description":"","publisher":{"@id":"https:\/\/www.parcdescarrieres.net\/de\/#organization"},"potentialAction":[{"@type":"SearchAction","target":{"@type":"EntryPoint","urlTemplate":"https:\/\/www.parcdescarrieres.net\/de\/?s={search_term_string}"},"query-input":{"@type":"PropertyValueSpecification","valueRequired":true,"valueName":"search_term_string"}}],"inLanguage":"de"},{"@type":"Organization","@id":"https:\/\/www.parcdescarrieres.net\/de\/#organization","name":"Association Parc des Carri\u00e8res","url":"https:\/\/www.parcdescarrieres.net\/de\/","logo":{"@type":"ImageObject","inLanguage":"de","@id":"https:\/\/www.parcdescarrieres.net\/de\/#\/schema\/logo\/image\/","url":"https:\/\/www.parcdescarrieres.net\/wp-content\/uploads\/2021\/04\/logo_nb.png","contentUrl":"https:\/\/www.parcdescarrieres.net\/wp-content\/uploads\/2021\/04\/logo_nb.png","width":235,"height":86,"caption":"Association Parc des Carri\u00e8res"},"image":{"@id":"https:\/\/www.parcdescarrieres.net\/de\/#\/schema\/logo\/image\/"}}]}},"_links":{"self":[{"href":"https:\/\/www.parcdescarrieres.net\/de\/wp-json\/wp\/v2\/pages\/1021","targetHints":{"allow":["GET"]}}],"collection":[{"href":"https:\/\/www.parcdescarrieres.net\/de\/wp-json\/wp\/v2\/pages"}],"about":[{"href":"https:\/\/www.parcdescarrieres.net\/de\/wp-json\/wp\/v2\/types\/page"}],"author":[{"embeddable":true,"href":"https:\/\/www.parcdescarrieres.net\/de\/wp-json\/wp\/v2\/users\/1"}],"replies":[{"embeddable":true,"href":"https:\/\/www.parcdescarrieres.net\/de\/wp-json\/wp\/v2\/comments?post=1021"}],"version-history":[{"count":3,"href":"https:\/\/www.parcdescarrieres.net\/de\/wp-json\/wp\/v2\/pages\/1021\/revisions"}],"predecessor-version":[{"id":1026,"href":"https:\/\/www.parcdescarrieres.net\/de\/wp-json\/wp\/v2\/pages\/1021\/revisions\/1026"}],"wp:attachment":[{"href":"https:\/\/www.parcdescarrieres.net\/de\/wp-json\/wp\/v2\/media?parent=1021"}],"curies":[{"name":"wp","href":"https:\/\/api.w.org\/{rel}","templated":true}]}}