{"id":1023,"date":"2021-06-23T17:19:57","date_gmt":"2021-06-23T15:19:57","guid":{"rendered":"https:\/\/www.parcdescarrieres.net\/die-renaturierung\/"},"modified":"2021-06-23T17:21:07","modified_gmt":"2021-06-23T15:21:07","slug":"die-renaturierung","status":"publish","type":"page","link":"https:\/\/www.parcdescarrieres.net\/de\/die-renaturierung\/","title":{"rendered":"Die Renaturierung"},"content":{"rendered":"\t\t<div data-elementor-type=\"wp-page\" data-elementor-id=\"1023\" class=\"elementor elementor-1023 elementor-24\">\n\t\t\t\t\t\t<section class=\"elementor-section elementor-top-section elementor-element elementor-element-7808b298 elementor-section-full_width elementor-section-stretched banner elementor-section-height-default elementor-section-height-default\" data-id=\"7808b298\" data-element_type=\"section\" data-settings=\"{&quot;stretch_section&quot;:&quot;section-stretched&quot;,&quot;background_background&quot;:&quot;classic&quot;}\">\n\t\t\t\t\t\t<div class=\"elementor-container elementor-column-gap-default\">\n\t\t\t\t\t<div class=\"elementor-column elementor-col-100 elementor-top-column elementor-element elementor-element-7eb1b143\" data-id=\"7eb1b143\" data-element_type=\"column\">\n\t\t\t<div class=\"elementor-widget-wrap elementor-element-populated\">\n\t\t\t\t\t\t<div class=\"elementor-element elementor-element-2efbf719 elementor-widget elementor-widget-heading\" data-id=\"2efbf719\" data-element_type=\"widget\" data-widget_type=\"heading.default\">\n\t\t\t\t<div class=\"elementor-widget-container\">\n\t\t\t\t\t<h1 class=\"elementor-heading-title elementor-size-default\">Die Renaturierung<\/h1>\t\t\t\t<\/div>\n\t\t\t\t<\/div>\n\t\t\t\t\t<\/div>\n\t\t<\/div>\n\t\t\t\t\t<\/div>\n\t\t<\/section>\n\t\t\t\t<section class=\"elementor-section elementor-top-section elementor-element elementor-element-097ab30 elementor-section-boxed elementor-section-height-default elementor-section-height-default\" data-id=\"097ab30\" data-element_type=\"section\">\n\t\t\t\t\t\t<div class=\"elementor-container elementor-column-gap-default\">\n\t\t\t\t\t<div class=\"elementor-column elementor-col-100 elementor-top-column elementor-element elementor-element-2ab3988\" data-id=\"2ab3988\" data-element_type=\"column\">\n\t\t\t<div class=\"elementor-widget-wrap elementor-element-populated\">\n\t\t\t\t\t\t<div class=\"elementor-element elementor-element-0c3b7ca elementor-widget elementor-widget-spacer\" data-id=\"0c3b7ca\" data-element_type=\"widget\" data-widget_type=\"spacer.default\">\n\t\t\t\t<div class=\"elementor-widget-container\">\n\t\t\t\t\t\t\t<div class=\"elementor-spacer\">\n\t\t\t<div class=\"elementor-spacer-inner\"><\/div>\n\t\t<\/div>\n\t\t\t\t\t\t<\/div>\n\t\t\t\t<\/div>\n\t\t\t\t<div class=\"elementor-element elementor-element-6b80f8e vert elementor-widget elementor-widget-heading\" data-id=\"6b80f8e\" data-element_type=\"widget\" data-widget_type=\"heading.default\">\n\t\t\t\t<div class=\"elementor-widget-container\">\n\t\t\t\t\t<h2 class=\"elementor-heading-title elementor-size-default\">Renaturierung der Fl\u00e4chen<\/h2>\t\t\t\t<\/div>\n\t\t\t\t<\/div>\n\t\t\t\t<div class=\"elementor-element elementor-element-4be0785 elementor-widget elementor-widget-text-editor\" data-id=\"4be0785\" data-element_type=\"widget\" data-widget_type=\"text-editor.default\">\n\t\t\t\t<div class=\"elementor-widget-container\">\n\t\t\t\t\t\t\t\t\t<p>Die Renaturierung ist eine wesentliche Herausforderung, um die Auswirkungen der Lebensraumfragmentierung, die durch die Stadt- und Infrastrukturentwicklung verursacht wird, sowie die Bodenverarmung durch intensive Landwirtschaft abzumildern. Die im Rahmen der Renaturierung durchgef\u00fchrten \u00f6kologischen Massnahmen m\u00fcssen sorgf\u00e4ltig geplant werden und die lokalen Besonderheiten ber\u00fccksichtigen, um Naturr\u00e4ume, welche die lokale Biodiversit\u00e4t beg\u00fcnstigen, wiederherzustellen oder neu zu schaffen.<\/p>\n<p>Kiesgruben sind ideale Gebiete f\u00fcr diese \u00f6kologischen Massnahmen. Nach jahrzehntelanger Nutzung werden sie stillgelegt und zeigen die Spuren menschlicher Aktivit\u00e4ten. Die Kiesgrube zwischen Basel, Allschwil, H\u00e9genheim und Saint-Louis wird noch bis 2040 weiterbetrieben. Mit dem Projekt IBA Parc des Carri\u00e8res haben franz\u00f6sische und Schweizer Gebietsk\u00f6rperschaften sowie Privatakteure (Kiesabbaufirma und Landbesitzer) die Federf\u00fchrung bei der Entwicklung dieses Gebiets \u00fcbernommen. W\u00e4hrend der Kiesabbau fortgef\u00fchrt wird, werden die stillgelegten Gruben aufgef\u00fcllt und zu einem Landschaftspark umgestaltet.<\/p>\n<p>Das Gebiet um die Kiesgrube wurde lange durch intensive Landwirtschaft gepr\u00e4gt. Dank der Beteiligung der Landbesitzer werden die Parzellen teilweise zu Lebensr\u00e4umen f\u00fcr die Fauna und die Flora umgestaltet. Insgesamt sollen 11 Hektar renaturiert werden.<\/p>\n<p>Weitere Informationen: <strong><a href=\"https:\/\/www.parcdescarrieres.net\/de\/neugestaltung\/\">Siehe Projektetappen<\/a><\/strong> <\/p>\n\t\t\t\t\t\t\t\t<\/div>\n\t\t\t\t<\/div>\n\t\t\t\t<div class=\"elementor-element elementor-element-3ff08b6 eael-tooltip-align-left elementor-widget elementor-widget-eael-tooltip\" data-id=\"3ff08b6\" data-element_type=\"widget\" data-widget_type=\"eael-tooltip.default\">\n\t\t\t\t<div class=\"elementor-widget-container\">\n\t\t\t\t\t\t<div class=\"eael-tooltip\">\n\t\t\t\t\t<span class=\"eael-tooltip-content\" tabindex=\"0\" aria-describedby=\"tooltip-text-3ff08b6\"><img decoding=\"async\" src=\"https:\/\/www.parcdescarrieres.net\/wp-content\/uploads\/2021\/04\/Renaturation_Foto-Lebensraum_courvoisier_3-scaled.jpg\" alt=\"\"><\/span>\n  \t\t\t<span id=\"tooltip-text-3ff08b6\" class=\"eael-tooltip-text eael-tooltip-right\" role=\"tooltip\"><p>Copyright: Courvoisier Stadtentwicklung GmbH<\/p>\n<\/span>\n  \t\t\t<\/div>\n\t\t\t\t\t<\/div>\n\t\t\t\t<\/div>\n\t\t\t\t\t<\/div>\n\t\t<\/div>\n\t\t\t\t\t<\/div>\n\t\t<\/section>\n\t\t\t\t<\/div>\n\t\t","protected":false},"excerpt":{"rendered":"<p>Die Renaturierung Renaturierung der Fl\u00e4chen Die Renaturierung ist eine wesentliche Herausforderung, um die Auswirkungen der Lebensraumfragmentierung, die durch die Stadt- und Infrastrukturentwicklung verursacht wird, sowie die Bodenverarmung durch intensive Landwirtschaft abzumildern. Die im Rahmen der &#8230;<\/p>\n","protected":false},"author":1,"featured_media":0,"parent":0,"menu_order":0,"comment_status":"closed","ping_status":"closed","template":"","meta":{"footnotes":""},"class_list":["post-1023","page","type-page","status-publish","hentry"],"yoast_head":"<!-- This site is optimized with the Yoast SEO plugin v25.3.1 - https:\/\/yoast.com\/wordpress\/plugins\/seo\/ -->\n<title>Die Renaturierung | Parc des Carri\u00e8res<\/title>\n<meta name=\"robots\" content=\"index, follow, max-snippet:-1, max-image-preview:large, max-video-preview:-1\" \/>\n<link rel=\"canonical\" href=\"https:\/\/www.parcdescarrieres.net\/de\/die-renaturierung\/\" \/>\n<meta property=\"og:locale\" content=\"de_DE\" \/>\n<meta property=\"og:type\" content=\"article\" \/>\n<meta property=\"og:title\" content=\"Die Renaturierung | Parc des Carri\u00e8res\" \/>\n<meta property=\"og:description\" content=\"Die Renaturierung Renaturierung der Fl\u00e4chen Die Renaturierung ist eine wesentliche Herausforderung, um die Auswirkungen der Lebensraumfragmentierung, die durch die Stadt- und Infrastrukturentwicklung verursacht wird, sowie die Bodenverarmung durch intensive Landwirtschaft abzumildern. Die im Rahmen der ...\" \/>\n<meta property=\"og:url\" content=\"https:\/\/www.parcdescarrieres.net\/de\/die-renaturierung\/\" \/>\n<meta property=\"og:site_name\" content=\"Parc des Carri\u00e8res\" \/>\n<meta property=\"article:modified_time\" content=\"2021-06-23T15:21:07+00:00\" \/>\n<meta property=\"og:image\" content=\"https:\/\/www.parcdescarrieres.net\/wp-content\/uploads\/2021\/04\/Renaturation_Foto-Lebensraum_courvoisier_3-scaled.jpg\" \/>\n<meta name=\"twitter:card\" content=\"summary_large_image\" \/>\n<meta name=\"twitter:label1\" content=\"Gesch\u00e4tzte Lesezeit\" \/>\n\t<meta name=\"twitter:data1\" content=\"1\u00a0Minute\" \/>\n<script type=\"application\/ld+json\" class=\"yoast-schema-graph\">{\"@context\":\"https:\/\/schema.org\",\"@graph\":[{\"@type\":\"WebPage\",\"@id\":\"https:\/\/www.parcdescarrieres.net\/de\/die-renaturierung\/\",\"url\":\"https:\/\/www.parcdescarrieres.net\/de\/die-renaturierung\/\",\"name\":\"Die Renaturierung | Parc des Carri\u00e8res\",\"isPartOf\":{\"@id\":\"https:\/\/www.parcdescarrieres.net\/de\/#website\"},\"primaryImageOfPage\":{\"@id\":\"https:\/\/www.parcdescarrieres.net\/de\/die-renaturierung\/#primaryimage\"},\"image\":{\"@id\":\"https:\/\/www.parcdescarrieres.net\/de\/die-renaturierung\/#primaryimage\"},\"thumbnailUrl\":\"https:\/\/www.parcdescarrieres.net\/wp-content\/uploads\/2021\/04\/Renaturation_Foto-Lebensraum_courvoisier_3-scaled.jpg\",\"datePublished\":\"2021-06-23T15:19:57+00:00\",\"dateModified\":\"2021-06-23T15:21:07+00:00\",\"breadcrumb\":{\"@id\":\"https:\/\/www.parcdescarrieres.net\/de\/die-renaturierung\/#breadcrumb\"},\"inLanguage\":\"de\",\"potentialAction\":[{\"@type\":\"ReadAction\",\"target\":[\"https:\/\/www.parcdescarrieres.net\/de\/die-renaturierung\/\"]}]},{\"@type\":\"ImageObject\",\"inLanguage\":\"de\",\"@id\":\"https:\/\/www.parcdescarrieres.net\/de\/die-renaturierung\/#primaryimage\",\"url\":\"https:\/\/www.parcdescarrieres.net\/wp-content\/uploads\/2021\/04\/Renaturation_Foto-Lebensraum_courvoisier_3-scaled.jpg\",\"contentUrl\":\"https:\/\/www.parcdescarrieres.net\/wp-content\/uploads\/2021\/04\/Renaturation_Foto-Lebensraum_courvoisier_3-scaled.jpg\"},{\"@type\":\"BreadcrumbList\",\"@id\":\"https:\/\/www.parcdescarrieres.net\/de\/die-renaturierung\/#breadcrumb\",\"itemListElement\":[{\"@type\":\"ListItem\",\"position\":1,\"name\":\"Accueil\",\"item\":\"https:\/\/www.parcdescarrieres.net\/de\/\"},{\"@type\":\"ListItem\",\"position\":2,\"name\":\"Die Renaturierung\"}]},{\"@type\":\"WebSite\",\"@id\":\"https:\/\/www.parcdescarrieres.net\/de\/#website\",\"url\":\"https:\/\/www.parcdescarrieres.net\/de\/\",\"name\":\"Parc des Carri\u00e8res\",\"description\":\"\",\"publisher\":{\"@id\":\"https:\/\/www.parcdescarrieres.net\/de\/#organization\"},\"potentialAction\":[{\"@type\":\"SearchAction\",\"target\":{\"@type\":\"EntryPoint\",\"urlTemplate\":\"https:\/\/www.parcdescarrieres.net\/de\/?s={search_term_string}\"},\"query-input\":{\"@type\":\"PropertyValueSpecification\",\"valueRequired\":true,\"valueName\":\"search_term_string\"}}],\"inLanguage\":\"de\"},{\"@type\":\"Organization\",\"@id\":\"https:\/\/www.parcdescarrieres.net\/de\/#organization\",\"name\":\"Association Parc des Carri\u00e8res\",\"url\":\"https:\/\/www.parcdescarrieres.net\/de\/\",\"logo\":{\"@type\":\"ImageObject\",\"inLanguage\":\"de\",\"@id\":\"https:\/\/www.parcdescarrieres.net\/de\/#\/schema\/logo\/image\/\",\"url\":\"https:\/\/www.parcdescarrieres.net\/wp-content\/uploads\/2021\/04\/logo_nb.png\",\"contentUrl\":\"https:\/\/www.parcdescarrieres.net\/wp-content\/uploads\/2021\/04\/logo_nb.png\",\"width\":235,\"height\":86,\"caption\":\"Association Parc des Carri\u00e8res\"},\"image\":{\"@id\":\"https:\/\/www.parcdescarrieres.net\/de\/#\/schema\/logo\/image\/\"}}]}<\/script>\n<!-- \/ Yoast SEO plugin. -->","yoast_head_json":{"title":"Die Renaturierung | Parc des Carri\u00e8res","robots":{"index":"index","follow":"follow","max-snippet":"max-snippet:-1","max-image-preview":"max-image-preview:large","max-video-preview":"max-video-preview:-1"},"canonical":"https:\/\/www.parcdescarrieres.net\/de\/die-renaturierung\/","og_locale":"de_DE","og_type":"article","og_title":"Die Renaturierung | Parc des Carri\u00e8res","og_description":"Die Renaturierung Renaturierung der Fl\u00e4chen Die Renaturierung ist eine wesentliche Herausforderung, um die Auswirkungen der Lebensraumfragmentierung, die durch die Stadt- und Infrastrukturentwicklung verursacht wird, sowie die Bodenverarmung durch intensive Landwirtschaft abzumildern. Die im Rahmen der ...","og_url":"https:\/\/www.parcdescarrieres.net\/de\/die-renaturierung\/","og_site_name":"Parc des Carri\u00e8res","article_modified_time":"2021-06-23T15:21:07+00:00","og_image":[{"url":"https:\/\/www.parcdescarrieres.net\/wp-content\/uploads\/2021\/04\/Renaturation_Foto-Lebensraum_courvoisier_3-scaled.jpg","type":"","width":"","height":""}],"twitter_card":"summary_large_image","twitter_misc":{"Gesch\u00e4tzte Lesezeit":"1\u00a0Minute"},"schema":{"@context":"https:\/\/schema.org","@graph":[{"@type":"WebPage","@id":"https:\/\/www.parcdescarrieres.net\/de\/die-renaturierung\/","url":"https:\/\/www.parcdescarrieres.net\/de\/die-renaturierung\/","name":"Die Renaturierung | Parc des Carri\u00e8res","isPartOf":{"@id":"https:\/\/www.parcdescarrieres.net\/de\/#website"},"primaryImageOfPage":{"@id":"https:\/\/www.parcdescarrieres.net\/de\/die-renaturierung\/#primaryimage"},"image":{"@id":"https:\/\/www.parcdescarrieres.net\/de\/die-renaturierung\/#primaryimage"},"thumbnailUrl":"https:\/\/www.parcdescarrieres.net\/wp-content\/uploads\/2021\/04\/Renaturation_Foto-Lebensraum_courvoisier_3-scaled.jpg","datePublished":"2021-06-23T15:19:57+00:00","dateModified":"2021-06-23T15:21:07+00:00","breadcrumb":{"@id":"https:\/\/www.parcdescarrieres.net\/de\/die-renaturierung\/#breadcrumb"},"inLanguage":"de","potentialAction":[{"@type":"ReadAction","target":["https:\/\/www.parcdescarrieres.net\/de\/die-renaturierung\/"]}]},{"@type":"ImageObject","inLanguage":"de","@id":"https:\/\/www.parcdescarrieres.net\/de\/die-renaturierung\/#primaryimage","url":"https:\/\/www.parcdescarrieres.net\/wp-content\/uploads\/2021\/04\/Renaturation_Foto-Lebensraum_courvoisier_3-scaled.jpg","contentUrl":"https:\/\/www.parcdescarrieres.net\/wp-content\/uploads\/2021\/04\/Renaturation_Foto-Lebensraum_courvoisier_3-scaled.jpg"},{"@type":"BreadcrumbList","@id":"https:\/\/www.parcdescarrieres.net\/de\/die-renaturierung\/#breadcrumb","itemListElement":[{"@type":"ListItem","position":1,"name":"Accueil","item":"https:\/\/www.parcdescarrieres.net\/de\/"},{"@type":"ListItem","position":2,"name":"Die Renaturierung"}]},{"@type":"WebSite","@id":"https:\/\/www.parcdescarrieres.net\/de\/#website","url":"https:\/\/www.parcdescarrieres.net\/de\/","name":"Parc des Carri\u00e8res","description":"","publisher":{"@id":"https:\/\/www.parcdescarrieres.net\/de\/#organization"},"potentialAction":[{"@type":"SearchAction","target":{"@type":"EntryPoint","urlTemplate":"https:\/\/www.parcdescarrieres.net\/de\/?s={search_term_string}"},"query-input":{"@type":"PropertyValueSpecification","valueRequired":true,"valueName":"search_term_string"}}],"inLanguage":"de"},{"@type":"Organization","@id":"https:\/\/www.parcdescarrieres.net\/de\/#organization","name":"Association Parc des Carri\u00e8res","url":"https:\/\/www.parcdescarrieres.net\/de\/","logo":{"@type":"ImageObject","inLanguage":"de","@id":"https:\/\/www.parcdescarrieres.net\/de\/#\/schema\/logo\/image\/","url":"https:\/\/www.parcdescarrieres.net\/wp-content\/uploads\/2021\/04\/logo_nb.png","contentUrl":"https:\/\/www.parcdescarrieres.net\/wp-content\/uploads\/2021\/04\/logo_nb.png","width":235,"height":86,"caption":"Association Parc des Carri\u00e8res"},"image":{"@id":"https:\/\/www.parcdescarrieres.net\/de\/#\/schema\/logo\/image\/"}}]}},"_links":{"self":[{"href":"https:\/\/www.parcdescarrieres.net\/de\/wp-json\/wp\/v2\/pages\/1023","targetHints":{"allow":["GET"]}}],"collection":[{"href":"https:\/\/www.parcdescarrieres.net\/de\/wp-json\/wp\/v2\/pages"}],"about":[{"href":"https:\/\/www.parcdescarrieres.net\/de\/wp-json\/wp\/v2\/types\/page"}],"author":[{"embeddable":true,"href":"https:\/\/www.parcdescarrieres.net\/de\/wp-json\/wp\/v2\/users\/1"}],"replies":[{"embeddable":true,"href":"https:\/\/www.parcdescarrieres.net\/de\/wp-json\/wp\/v2\/comments?post=1023"}],"version-history":[{"count":3,"href":"https:\/\/www.parcdescarrieres.net\/de\/wp-json\/wp\/v2\/pages\/1023\/revisions"}],"predecessor-version":[{"id":1028,"href":"https:\/\/www.parcdescarrieres.net\/de\/wp-json\/wp\/v2\/pages\/1023\/revisions\/1028"}],"wp:attachment":[{"href":"https:\/\/www.parcdescarrieres.net\/de\/wp-json\/wp\/v2\/media?parent=1023"}],"curies":[{"name":"wp","href":"https:\/\/api.w.org\/{rel}","templated":true}]}}