{"id":1029,"date":"2021-06-23T17:22:53","date_gmt":"2021-06-23T15:22:53","guid":{"rendered":"https:\/\/www.parcdescarrieres.net\/natur-und-wirtschaft\/"},"modified":"2021-06-23T17:26:06","modified_gmt":"2021-06-23T15:26:06","slug":"natur-und-wirtschaft","status":"publish","type":"page","link":"https:\/\/www.parcdescarrieres.net\/de\/natur-und-wirtschaft\/","title":{"rendered":"Natur und Wirtschaft"},"content":{"rendered":"\t\t<div data-elementor-type=\"wp-page\" data-elementor-id=\"1029\" class=\"elementor elementor-1029 elementor-28\">\n\t\t\t\t\t\t<section class=\"elementor-section elementor-top-section elementor-element elementor-element-fab5c26 elementor-section-full_width elementor-section-stretched banner elementor-section-height-default elementor-section-height-default\" data-id=\"fab5c26\" data-element_type=\"section\" data-settings=\"{&quot;stretch_section&quot;:&quot;section-stretched&quot;,&quot;background_background&quot;:&quot;classic&quot;}\">\n\t\t\t\t\t\t<div class=\"elementor-container elementor-column-gap-default\">\n\t\t\t\t\t<div class=\"elementor-column elementor-col-100 elementor-top-column elementor-element elementor-element-a8d3daf\" data-id=\"a8d3daf\" data-element_type=\"column\">\n\t\t\t<div class=\"elementor-widget-wrap elementor-element-populated\">\n\t\t\t\t\t\t<div class=\"elementor-element elementor-element-17fccea4 elementor-widget elementor-widget-heading\" data-id=\"17fccea4\" data-element_type=\"widget\" data-widget_type=\"heading.default\">\n\t\t\t\t<div class=\"elementor-widget-container\">\n\t\t\t\t\t<h1 class=\"elementor-heading-title elementor-size-default\">Natur und Wirtschaft<\/h1>\t\t\t\t<\/div>\n\t\t\t\t<\/div>\n\t\t\t\t\t<\/div>\n\t\t<\/div>\n\t\t\t\t\t<\/div>\n\t\t<\/section>\n\t\t\t\t<section class=\"elementor-section elementor-top-section elementor-element elementor-element-31f6686 elementor-section-boxed elementor-section-height-default elementor-section-height-default\" data-id=\"31f6686\" data-element_type=\"section\">\n\t\t\t\t\t\t<div class=\"elementor-container elementor-column-gap-default\">\n\t\t\t\t\t<div class=\"elementor-column elementor-col-100 elementor-top-column elementor-element elementor-element-82b5a2a\" data-id=\"82b5a2a\" data-element_type=\"column\">\n\t\t\t<div class=\"elementor-widget-wrap elementor-element-populated\">\n\t\t\t\t\t\t<div class=\"elementor-element elementor-element-e801a39 elementor-widget elementor-widget-spacer\" data-id=\"e801a39\" data-element_type=\"widget\" data-widget_type=\"spacer.default\">\n\t\t\t\t<div class=\"elementor-widget-container\">\n\t\t\t\t\t\t\t<div class=\"elementor-spacer\">\n\t\t\t<div class=\"elementor-spacer-inner\"><\/div>\n\t\t<\/div>\n\t\t\t\t\t\t<\/div>\n\t\t\t\t<\/div>\n\t\t\t\t<div class=\"elementor-element elementor-element-1190814 vert elementor-widget elementor-widget-heading\" data-id=\"1190814\" data-element_type=\"widget\" data-widget_type=\"heading.default\">\n\t\t\t\t<div class=\"elementor-widget-container\">\n\t\t\t\t\t<h2 class=\"elementor-heading-title elementor-size-default\">Ver\u00e4nderungen im Landschaftsraum\n<\/h2>\t\t\t\t<\/div>\n\t\t\t\t<\/div>\n\t\t\t\t<div class=\"elementor-element elementor-element-7fe8eb0 elementor-widget elementor-widget-text-editor\" data-id=\"7fe8eb0\" data-element_type=\"widget\" data-widget_type=\"text-editor.default\">\n\t\t\t\t<div class=\"elementor-widget-container\">\n\t\t\t\t\t\t\t\t\t<p>Noch vor zehn Jahren stellte das Gebiet zwischen den Gemeinden Basel, Allschwil, Saint-Louis und H\u00e9genheim mit grossen Monokulturfeldern, Kiesabbau und umliegenden Wohn- und Industriebgebieten die typische Landschaft der Rheinebene dar. Dieser f\u00fcr die Region strategische Raum steht nun im Mittelpunkt wichtiger kurz- und mittelfristiger Projekte. Grosse Verkehrs-, Siedlungs- und Wirtschaftsentwicklungsprojekte sind geplant oder werden bereits umgesetzt.<\/p>\n<p>Das Projekt IBA Parc des Carri\u00e8res nahm diese Ver\u00e4nderungen vorweg und fokussierte sich auf die Aufwertung des Lebensraums vor der Siedlungsausdehnung. Ausserdem haben sich die franz\u00f6sischen und Schweizer Gemeinden dadurch besser kennengelernt, gemeinsame Arbeitsmethoden entwickelt und sind von der Bedeutung einer koordinierten Planung \u00fcberzeugt. Die Vereinsmitglieder verfolgen das Ziel, sich aktiv an der Planung und grenz\u00fcberschreitenden Koordination von Projekten um den Park zu beteiligen. <\/p>\n<p>Die Grossprojekte um den Park sind:<\/p>\n<ul>\n<li> <a href=\"http:\/\/www.baselink.com\/\" target=\"_blank\" rel=\"noopener\">BaseLink<\/a>: Neubau von Geb\u00e4uden in Allschwil mit dem Ziel, ein Zentrum f\u00fcr Life Sciences und die damit verbundenen Spitzentechnologien zu schaffen<\/li>\n<li> ZUBA (Zubringer Bachgraben Allschwil): grenz\u00fcberschreitendes Projekt zur Entlastung des lokalen Strassennetzes und zur Direktanbindung von Allschwil an die Nationalstrasse. Weitere Informationen auf der <a href=\"https:\/\/www.baselland.ch\/politik-und-behorden\/direktionen\/bau-und-umweltschutzdirektion\/tiefbauamt\/projekte\/kantonsstrassen\/zubringer-bachgraben-nordtangente\" target=\"_blank\" rel=\"noopener\">Website des Kantons Basel-Landschaft<\/a>.<\/li>\n<li>Projekt Umgehungsstrasse H\u00e9genheim \u2013 H\u00e9singue<\/li>\n<\/ul>\n\t\t\t\t\t\t\t\t<\/div>\n\t\t\t\t<\/div>\n\t\t\t\t<div class=\"elementor-element elementor-element-a29df77 elementor-widget elementor-widget-image\" data-id=\"a29df77\" data-element_type=\"widget\" data-widget_type=\"image.default\">\n\t\t\t\t<div class=\"elementor-widget-container\">\n\t\t\t\t\t\t\t\t\t\t\t\t<figure class=\"wp-caption\">\n\t\t\t\t\t\t\t\t\t\t<img fetchpriority=\"high\" decoding=\"async\" width=\"804\" height=\"876\" src=\"https:\/\/www.parcdescarrieres.net\/wp-content\/uploads\/2021\/05\/ZonesDeveloppement\u00a9IBA-Basel.png\" class=\"attachment-large size-large wp-image-938\" alt=\"\" srcset=\"https:\/\/www.parcdescarrieres.net\/wp-content\/uploads\/2021\/05\/ZonesDeveloppement\u00a9IBA-Basel.png 804w, https:\/\/www.parcdescarrieres.net\/wp-content\/uploads\/2021\/05\/ZonesDeveloppement\u00a9IBA-Basel-346x377.png 346w, https:\/\/www.parcdescarrieres.net\/wp-content\/uploads\/2021\/05\/ZonesDeveloppement\u00a9IBA-Basel-768x837.png 768w\" sizes=\"(max-width: 804px) 100vw, 804px\" \/>\t\t\t\t\t\t\t\t\t\t\t<figcaption class=\"widget-image-caption wp-caption-text\">Copyright: IBA BASEL \/ Grafiken: Stadtluft Basel<\/figcaption>\n\t\t\t\t\t\t\t\t\t\t<\/figure>\n\t\t\t\t\t\t\t\t\t<\/div>\n\t\t\t\t<\/div>\n\t\t\t\t\t<\/div>\n\t\t<\/div>\n\t\t\t\t\t<\/div>\n\t\t<\/section>\n\t\t\t\t<section class=\"elementor-section elementor-top-section elementor-element elementor-element-60b6683 elementor-section-boxed elementor-section-height-default elementor-section-height-default\" data-id=\"60b6683\" data-element_type=\"section\">\n\t\t\t\t\t\t<div class=\"elementor-container elementor-column-gap-default\">\n\t\t\t\t\t<div class=\"elementor-column elementor-col-100 elementor-top-column elementor-element elementor-element-866faf1\" data-id=\"866faf1\" data-element_type=\"column\">\n\t\t\t<div class=\"elementor-widget-wrap elementor-element-populated\">\n\t\t\t\t\t\t<div class=\"elementor-element elementor-element-da92cb0 elementor-widget elementor-widget-spacer\" data-id=\"da92cb0\" data-element_type=\"widget\" data-widget_type=\"spacer.default\">\n\t\t\t\t<div class=\"elementor-widget-container\">\n\t\t\t\t\t\t\t<div class=\"elementor-spacer\">\n\t\t\t<div class=\"elementor-spacer-inner\"><\/div>\n\t\t<\/div>\n\t\t\t\t\t\t<\/div>\n\t\t\t\t<\/div>\n\t\t\t\t<div class=\"elementor-element elementor-element-0659899 vert elementor-widget elementor-widget-heading\" data-id=\"0659899\" data-element_type=\"widget\" data-widget_type=\"heading.default\">\n\t\t\t\t<div class=\"elementor-widget-container\">\n\t\t\t\t\t<h2 class=\"elementor-heading-title elementor-size-default\">Zusammenspiel von Natur und Wirtschaft<\/h2>\t\t\t\t<\/div>\n\t\t\t\t<\/div>\n\t\t\t\t<div class=\"elementor-element elementor-element-27e9b54 elementor-widget elementor-widget-text-editor\" data-id=\"27e9b54\" data-element_type=\"widget\" data-widget_type=\"text-editor.default\">\n\t\t\t\t<div class=\"elementor-widget-container\">\n\t\t\t\t\t\t\t\t\t<p>Das Projekt und das gemeinsame Engagement der \u00f6ffentlichen und privaten Akteure zeigen die m\u00f6glichen und w\u00fcnschenswerten Synergien zwischen wirtschaftlicher Aktivit\u00e4t und \u00f6kologischer Aufwertung. Der Kiesabbau und die Renaturierung erfolgen nach strengen beh\u00f6rdlichen Auflagen. Die Kiesabbaufirma ist Mitglied im Verein Parc des Carri\u00e8res und steht mit den angrenzenden Gemeinden und mit den Beh\u00f6rden in Frankreich und der Schweiz im engen Austausch. <\/p>\n\t\t\t\t\t\t\t\t<\/div>\n\t\t\t\t<\/div>\n\t\t\t\t\t<\/div>\n\t\t<\/div>\n\t\t\t\t\t<\/div>\n\t\t<\/section>\n\t\t\t\t<\/div>\n\t\t","protected":false},"excerpt":{"rendered":"<p>Natur und Wirtschaft Ver\u00e4nderungen im Landschaftsraum Noch vor zehn Jahren stellte das Gebiet zwischen den Gemeinden Basel, Allschwil, Saint-Louis und H\u00e9genheim mit grossen Monokulturfeldern, Kiesabbau und umliegenden Wohn- und Industriebgebieten die typische Landschaft der Rheinebene &#8230;<\/p>\n","protected":false},"author":1,"featured_media":0,"parent":0,"menu_order":0,"comment_status":"closed","ping_status":"closed","template":"","meta":{"footnotes":""},"class_list":["post-1029","page","type-page","status-publish","hentry"],"yoast_head":"<!-- This site is optimized with the Yoast SEO plugin v25.3.1 - https:\/\/yoast.com\/wordpress\/plugins\/seo\/ -->\n<title>Natur und Wirtschaft | Parc des Carri\u00e8res<\/title>\n<meta name=\"robots\" content=\"index, follow, max-snippet:-1, max-image-preview:large, max-video-preview:-1\" \/>\n<link rel=\"canonical\" href=\"https:\/\/www.parcdescarrieres.net\/de\/natur-und-wirtschaft\/\" \/>\n<meta property=\"og:locale\" content=\"de_DE\" \/>\n<meta property=\"og:type\" content=\"article\" \/>\n<meta property=\"og:title\" content=\"Natur und Wirtschaft | Parc des Carri\u00e8res\" \/>\n<meta property=\"og:description\" content=\"Natur und Wirtschaft Ver\u00e4nderungen im Landschaftsraum Noch vor zehn Jahren stellte das Gebiet zwischen den Gemeinden Basel, Allschwil, Saint-Louis und H\u00e9genheim mit grossen Monokulturfeldern, Kiesabbau und umliegenden Wohn- und Industriebgebieten die typische Landschaft der Rheinebene ...\" \/>\n<meta property=\"og:url\" content=\"https:\/\/www.parcdescarrieres.net\/de\/natur-und-wirtschaft\/\" \/>\n<meta property=\"og:site_name\" content=\"Parc des Carri\u00e8res\" \/>\n<meta property=\"article:modified_time\" content=\"2021-06-23T15:26:06+00:00\" \/>\n<meta name=\"twitter:card\" content=\"summary_large_image\" \/>\n<meta name=\"twitter:label1\" content=\"Gesch\u00e4tzte Lesezeit\" \/>\n\t<meta name=\"twitter:data1\" content=\"1\u00a0Minute\" \/>\n<script type=\"application\/ld+json\" class=\"yoast-schema-graph\">{\"@context\":\"https:\/\/schema.org\",\"@graph\":[{\"@type\":\"WebPage\",\"@id\":\"https:\/\/www.parcdescarrieres.net\/de\/natur-und-wirtschaft\/\",\"url\":\"https:\/\/www.parcdescarrieres.net\/de\/natur-und-wirtschaft\/\",\"name\":\"Natur und Wirtschaft | Parc des Carri\u00e8res\",\"isPartOf\":{\"@id\":\"https:\/\/www.parcdescarrieres.net\/de\/#website\"},\"datePublished\":\"2021-06-23T15:22:53+00:00\",\"dateModified\":\"2021-06-23T15:26:06+00:00\",\"breadcrumb\":{\"@id\":\"https:\/\/www.parcdescarrieres.net\/de\/natur-und-wirtschaft\/#breadcrumb\"},\"inLanguage\":\"de\",\"potentialAction\":[{\"@type\":\"ReadAction\",\"target\":[\"https:\/\/www.parcdescarrieres.net\/de\/natur-und-wirtschaft\/\"]}]},{\"@type\":\"BreadcrumbList\",\"@id\":\"https:\/\/www.parcdescarrieres.net\/de\/natur-und-wirtschaft\/#breadcrumb\",\"itemListElement\":[{\"@type\":\"ListItem\",\"position\":1,\"name\":\"Accueil\",\"item\":\"https:\/\/www.parcdescarrieres.net\/de\/\"},{\"@type\":\"ListItem\",\"position\":2,\"name\":\"Natur und Wirtschaft\"}]},{\"@type\":\"WebSite\",\"@id\":\"https:\/\/www.parcdescarrieres.net\/de\/#website\",\"url\":\"https:\/\/www.parcdescarrieres.net\/de\/\",\"name\":\"Parc des Carri\u00e8res\",\"description\":\"\",\"publisher\":{\"@id\":\"https:\/\/www.parcdescarrieres.net\/de\/#organization\"},\"potentialAction\":[{\"@type\":\"SearchAction\",\"target\":{\"@type\":\"EntryPoint\",\"urlTemplate\":\"https:\/\/www.parcdescarrieres.net\/de\/?s={search_term_string}\"},\"query-input\":{\"@type\":\"PropertyValueSpecification\",\"valueRequired\":true,\"valueName\":\"search_term_string\"}}],\"inLanguage\":\"de\"},{\"@type\":\"Organization\",\"@id\":\"https:\/\/www.parcdescarrieres.net\/de\/#organization\",\"name\":\"Association Parc des Carri\u00e8res\",\"url\":\"https:\/\/www.parcdescarrieres.net\/de\/\",\"logo\":{\"@type\":\"ImageObject\",\"inLanguage\":\"de\",\"@id\":\"https:\/\/www.parcdescarrieres.net\/de\/#\/schema\/logo\/image\/\",\"url\":\"https:\/\/www.parcdescarrieres.net\/wp-content\/uploads\/2021\/04\/logo_nb.png\",\"contentUrl\":\"https:\/\/www.parcdescarrieres.net\/wp-content\/uploads\/2021\/04\/logo_nb.png\",\"width\":235,\"height\":86,\"caption\":\"Association Parc des Carri\u00e8res\"},\"image\":{\"@id\":\"https:\/\/www.parcdescarrieres.net\/de\/#\/schema\/logo\/image\/\"}}]}<\/script>\n<!-- \/ Yoast SEO plugin. -->","yoast_head_json":{"title":"Natur und Wirtschaft | Parc des Carri\u00e8res","robots":{"index":"index","follow":"follow","max-snippet":"max-snippet:-1","max-image-preview":"max-image-preview:large","max-video-preview":"max-video-preview:-1"},"canonical":"https:\/\/www.parcdescarrieres.net\/de\/natur-und-wirtschaft\/","og_locale":"de_DE","og_type":"article","og_title":"Natur und Wirtschaft | Parc des Carri\u00e8res","og_description":"Natur und Wirtschaft Ver\u00e4nderungen im Landschaftsraum Noch vor zehn Jahren stellte das Gebiet zwischen den Gemeinden Basel, Allschwil, Saint-Louis und H\u00e9genheim mit grossen Monokulturfeldern, Kiesabbau und umliegenden Wohn- und Industriebgebieten die typische Landschaft der Rheinebene ...","og_url":"https:\/\/www.parcdescarrieres.net\/de\/natur-und-wirtschaft\/","og_site_name":"Parc des Carri\u00e8res","article_modified_time":"2021-06-23T15:26:06+00:00","twitter_card":"summary_large_image","twitter_misc":{"Gesch\u00e4tzte Lesezeit":"1\u00a0Minute"},"schema":{"@context":"https:\/\/schema.org","@graph":[{"@type":"WebPage","@id":"https:\/\/www.parcdescarrieres.net\/de\/natur-und-wirtschaft\/","url":"https:\/\/www.parcdescarrieres.net\/de\/natur-und-wirtschaft\/","name":"Natur und Wirtschaft | Parc des Carri\u00e8res","isPartOf":{"@id":"https:\/\/www.parcdescarrieres.net\/de\/#website"},"datePublished":"2021-06-23T15:22:53+00:00","dateModified":"2021-06-23T15:26:06+00:00","breadcrumb":{"@id":"https:\/\/www.parcdescarrieres.net\/de\/natur-und-wirtschaft\/#breadcrumb"},"inLanguage":"de","potentialAction":[{"@type":"ReadAction","target":["https:\/\/www.parcdescarrieres.net\/de\/natur-und-wirtschaft\/"]}]},{"@type":"BreadcrumbList","@id":"https:\/\/www.parcdescarrieres.net\/de\/natur-und-wirtschaft\/#breadcrumb","itemListElement":[{"@type":"ListItem","position":1,"name":"Accueil","item":"https:\/\/www.parcdescarrieres.net\/de\/"},{"@type":"ListItem","position":2,"name":"Natur und Wirtschaft"}]},{"@type":"WebSite","@id":"https:\/\/www.parcdescarrieres.net\/de\/#website","url":"https:\/\/www.parcdescarrieres.net\/de\/","name":"Parc des Carri\u00e8res","description":"","publisher":{"@id":"https:\/\/www.parcdescarrieres.net\/de\/#organization"},"potentialAction":[{"@type":"SearchAction","target":{"@type":"EntryPoint","urlTemplate":"https:\/\/www.parcdescarrieres.net\/de\/?s={search_term_string}"},"query-input":{"@type":"PropertyValueSpecification","valueRequired":true,"valueName":"search_term_string"}}],"inLanguage":"de"},{"@type":"Organization","@id":"https:\/\/www.parcdescarrieres.net\/de\/#organization","name":"Association Parc des Carri\u00e8res","url":"https:\/\/www.parcdescarrieres.net\/de\/","logo":{"@type":"ImageObject","inLanguage":"de","@id":"https:\/\/www.parcdescarrieres.net\/de\/#\/schema\/logo\/image\/","url":"https:\/\/www.parcdescarrieres.net\/wp-content\/uploads\/2021\/04\/logo_nb.png","contentUrl":"https:\/\/www.parcdescarrieres.net\/wp-content\/uploads\/2021\/04\/logo_nb.png","width":235,"height":86,"caption":"Association Parc des Carri\u00e8res"},"image":{"@id":"https:\/\/www.parcdescarrieres.net\/de\/#\/schema\/logo\/image\/"}}]}},"_links":{"self":[{"href":"https:\/\/www.parcdescarrieres.net\/de\/wp-json\/wp\/v2\/pages\/1029","targetHints":{"allow":["GET"]}}],"collection":[{"href":"https:\/\/www.parcdescarrieres.net\/de\/wp-json\/wp\/v2\/pages"}],"about":[{"href":"https:\/\/www.parcdescarrieres.net\/de\/wp-json\/wp\/v2\/types\/page"}],"author":[{"embeddable":true,"href":"https:\/\/www.parcdescarrieres.net\/de\/wp-json\/wp\/v2\/users\/1"}],"replies":[{"embeddable":true,"href":"https:\/\/www.parcdescarrieres.net\/de\/wp-json\/wp\/v2\/comments?post=1029"}],"version-history":[{"count":6,"href":"https:\/\/www.parcdescarrieres.net\/de\/wp-json\/wp\/v2\/pages\/1029\/revisions"}],"predecessor-version":[{"id":1040,"href":"https:\/\/www.parcdescarrieres.net\/de\/wp-json\/wp\/v2\/pages\/1029\/revisions\/1040"}],"wp:attachment":[{"href":"https:\/\/www.parcdescarrieres.net\/de\/wp-json\/wp\/v2\/media?parent=1029"}],"curies":[{"name":"wp","href":"https:\/\/api.w.org\/{rel}","templated":true}]}}