{"id":1035,"date":"2021-06-23T17:24:57","date_gmt":"2021-06-23T15:24:57","guid":{"rendered":"https:\/\/www.parcdescarrieres.net\/unsere-struktur\/"},"modified":"2024-07-10T10:23:52","modified_gmt":"2024-07-10T08:23:52","slug":"unsere-struktur","status":"publish","type":"page","link":"https:\/\/www.parcdescarrieres.net\/de\/unsere-struktur\/","title":{"rendered":"Unsere Struktur"},"content":{"rendered":"\t\t<div data-elementor-type=\"wp-page\" data-elementor-id=\"1035\" class=\"elementor elementor-1035 elementor-32\">\n\t\t\t\t\t\t<section class=\"elementor-section elementor-top-section elementor-element elementor-element-3a3e826f elementor-section-full_width elementor-section-stretched banner elementor-section-height-default elementor-section-height-default\" data-id=\"3a3e826f\" data-element_type=\"section\" data-settings=\"{&quot;stretch_section&quot;:&quot;section-stretched&quot;,&quot;background_background&quot;:&quot;classic&quot;}\">\n\t\t\t\t\t\t<div class=\"elementor-container elementor-column-gap-default\">\n\t\t\t\t\t<div class=\"elementor-column elementor-col-100 elementor-top-column elementor-element elementor-element-128d12f\" data-id=\"128d12f\" data-element_type=\"column\">\n\t\t\t<div class=\"elementor-widget-wrap elementor-element-populated\">\n\t\t\t\t\t\t<div class=\"elementor-element elementor-element-7a1d7188 elementor-widget elementor-widget-heading\" data-id=\"7a1d7188\" data-element_type=\"widget\" data-widget_type=\"heading.default\">\n\t\t\t\t<div class=\"elementor-widget-container\">\n\t\t\t\t\t<h1 class=\"elementor-heading-title elementor-size-default\">Unsere Struktur<\/h1>\t\t\t\t<\/div>\n\t\t\t\t<\/div>\n\t\t\t\t\t<\/div>\n\t\t<\/div>\n\t\t\t\t\t<\/div>\n\t\t<\/section>\n\t\t\t\t<section class=\"elementor-section elementor-top-section elementor-element elementor-element-6d9c0e6 elementor-section-boxed elementor-section-height-default elementor-section-height-default\" data-id=\"6d9c0e6\" data-element_type=\"section\">\n\t\t\t\t\t\t<div class=\"elementor-container elementor-column-gap-default\">\n\t\t\t\t\t<div class=\"elementor-column elementor-col-100 elementor-top-column elementor-element elementor-element-b1c403f\" data-id=\"b1c403f\" data-element_type=\"column\">\n\t\t\t<div class=\"elementor-widget-wrap elementor-element-populated\">\n\t\t\t\t\t\t<div class=\"elementor-element elementor-element-32218ae elementor-widget elementor-widget-spacer\" data-id=\"32218ae\" data-element_type=\"widget\" data-widget_type=\"spacer.default\">\n\t\t\t\t<div class=\"elementor-widget-container\">\n\t\t\t\t\t\t\t<div class=\"elementor-spacer\">\n\t\t\t<div class=\"elementor-spacer-inner\"><\/div>\n\t\t<\/div>\n\t\t\t\t\t\t<\/div>\n\t\t\t\t<\/div>\n\t\t\t\t<div class=\"elementor-element elementor-element-e21d6de vert elementor-widget elementor-widget-heading\" data-id=\"e21d6de\" data-element_type=\"widget\" data-widget_type=\"heading.default\">\n\t\t\t\t<div class=\"elementor-widget-container\">\n\t\t\t\t\t<h2 class=\"elementor-heading-title elementor-size-default\">Unsere Mitglieder<\/h2>\t\t\t\t<\/div>\n\t\t\t\t<\/div>\n\t\t\t\t<div class=\"elementor-element elementor-element-23a75be elementor-widget elementor-widget-text-editor\" data-id=\"23a75be\" data-element_type=\"widget\" data-widget_type=\"text-editor.default\">\n\t\t\t\t<div class=\"elementor-widget-container\">\n\t\t\t\t\t\t\t\t\t<p>Der Verein Parc des Carri\u00e8res ist das Ergebnis einer \u00f6ffentlichen-privaten Partnerschaft mit franz\u00f6sischen und Schweizer Partner. Er setzt sich aus 10 Mitgliedern zusammen:<\/p>\n<ul>\n<li>Aktivmitglieder<br \/>Saint-Louis Agglom\u00e9ration, Stadt Saint-Louis, Stadt H\u00e9genheim, Kanton Basel-Stadt, Kanton Basel-Landschaft, Gemeinde Allschwil<\/li>\n<li>Partnermitglieder<br \/>B\u00fcrgerspital Basel, KIBAG AG, Trinationaler Eurodistrict Basel \/ IBA Basel 2020 und EuroAirport Basel-Mulhouse-Freibourg<\/li>\n<\/ul>\n\t\t\t\t\t\t\t\t<\/div>\n\t\t\t\t<\/div>\n\t\t\t\t\t<\/div>\n\t\t<\/div>\n\t\t\t\t\t<\/div>\n\t\t<\/section>\n\t\t\t\t<section class=\"elementor-section elementor-top-section elementor-element elementor-element-cd460db elementor-section-boxed elementor-section-height-default elementor-section-height-default\" data-id=\"cd460db\" data-element_type=\"section\">\n\t\t\t\t\t\t<div class=\"elementor-container elementor-column-gap-default\">\n\t\t\t\t\t<div class=\"elementor-column elementor-col-100 elementor-top-column elementor-element elementor-element-554c277\" data-id=\"554c277\" data-element_type=\"column\">\n\t\t\t<div class=\"elementor-widget-wrap elementor-element-populated\">\n\t\t\t\t\t\t<div class=\"elementor-element elementor-element-99eebf2 vert elementor-widget elementor-widget-heading\" data-id=\"99eebf2\" data-element_type=\"widget\" data-widget_type=\"heading.default\">\n\t\t\t\t<div class=\"elementor-widget-container\">\n\t\t\t\t\t<h2 class=\"elementor-heading-title elementor-size-default\">Unsere Gremien<\/h2>\t\t\t\t<\/div>\n\t\t\t\t<\/div>\n\t\t\t\t<div class=\"elementor-element elementor-element-f70888c vert elementor-widget elementor-widget-heading\" data-id=\"f70888c\" data-element_type=\"widget\" data-widget_type=\"heading.default\">\n\t\t\t\t<div class=\"elementor-widget-container\">\n\t\t\t\t\t<h3 class=\"elementor-heading-title elementor-size-default\">Mitgliederversammlung<\/h3>\t\t\t\t<\/div>\n\t\t\t\t<\/div>\n\t\t\t\t<div class=\"elementor-element elementor-element-432bbeb elementor-widget elementor-widget-text-editor\" data-id=\"432bbeb\" data-element_type=\"widget\" data-widget_type=\"text-editor.default\">\n\t\t\t\t<div class=\"elementor-widget-container\">\n\t\t\t\t\t\t\t\t\t<p>Die Mitgliederversammlung ist das h\u00f6chste Gremium des Vereins, in dem jedes Vereinsmitglied vertreten ist. in dem jedes Vereinsmitglied vertreten ist. Aktuell besteht sie aus 10 Vertretungen. Sie tagen mindestens einmal j\u00e4hrlich, um das Budget abzustimmen und zu pr\u00fcfen. Alle zwei Jahre w\u00e4hlen sie die Vorstandsmitglieder.<\/p>\n\t\t\t\t\t\t\t\t<\/div>\n\t\t\t\t<\/div>\n\t\t\t\t<div class=\"elementor-element elementor-element-524e547 vert elementor-widget elementor-widget-heading\" data-id=\"524e547\" data-element_type=\"widget\" data-widget_type=\"heading.default\">\n\t\t\t\t<div class=\"elementor-widget-container\">\n\t\t\t\t\t<h3 class=\"elementor-heading-title elementor-size-default\">Vorstand<\/h3>\t\t\t\t<\/div>\n\t\t\t\t<\/div>\n\t\t\t\t<div class=\"elementor-element elementor-element-0e7d54a elementor-widget elementor-widget-text-editor\" data-id=\"0e7d54a\" data-element_type=\"widget\" data-widget_type=\"text-editor.default\">\n\t\t\t\t<div class=\"elementor-widget-container\">\n\t\t\t\t\t\t\t\t\t<p>Der Vorstand besteht aus 6 Mitgliedern. Ausschliesslich die Aktivmitglieder (franz\u00f6sische und Schweizer Gebietsk\u00f6rperschaften) haben einen Sitz. Er legt die Hauptziele und Kommunikationsmassnahmen des Vereins fest, bereitet das Budget f\u00fcr das kommende Jahr vor, und schliesst Vereinbarungen oder Partnerschaften ab, die f\u00fcr die Fortf\u00fchrung der Vereinsaktivit\u00e4ten erforderlich sind.<\/p>\n<p>Der Vorstand wird alle zwei Jahre erneuert, zeitgleich mit dem Wechsel der Pr\u00e4sidentschaft. Der Verein wird abwechselnd von einer franz\u00f6sischen und einer Schweizer Vertretung gef\u00fchrt.<\/p>\n<p>Aktuell pr\u00e4sidiert den Verein Herr Philippe Knibiely, erster Stellvertretender B\u00fcrgermeister Saint-Louis.<br>Vizepr\u00e4sident ist Herr Isaac Reber, Regierungsrat vom Kanton Basel-Landschaft.<br><\/p>\t\t\t\t\t\t\t\t<\/div>\n\t\t\t\t<\/div>\n\t\t\t\t\t<\/div>\n\t\t<\/div>\n\t\t\t\t\t<\/div>\n\t\t<\/section>\n\t\t\t\t<section class=\"elementor-section elementor-top-section elementor-element elementor-element-896d2f1 elementor-section-boxed elementor-section-height-default elementor-section-height-default\" data-id=\"896d2f1\" data-element_type=\"section\">\n\t\t\t\t\t\t<div class=\"elementor-container elementor-column-gap-default\">\n\t\t\t\t\t<div class=\"elementor-column elementor-col-100 elementor-top-column elementor-element elementor-element-50e9f5a\" data-id=\"50e9f5a\" data-element_type=\"column\">\n\t\t\t<div class=\"elementor-widget-wrap elementor-element-populated\">\n\t\t\t\t\t\t<div class=\"elementor-element elementor-element-aa3170e elementor-widget elementor-widget-image\" data-id=\"aa3170e\" data-element_type=\"widget\" data-widget_type=\"image.default\">\n\t\t\t\t<div class=\"elementor-widget-container\">\n\t\t\t\t\t\t\t\t\t\t\t\t<figure class=\"wp-caption\">\n\t\t\t\t\t\t\t\t\t\t<img fetchpriority=\"high\" decoding=\"async\" width=\"1170\" height=\"878\" src=\"https:\/\/www.parcdescarrieres.net\/wp-content\/uploads\/2021\/04\/Les-instances_AG-reunion-du-comite-directeur-a-Hegenheim-1170x878.jpg\" class=\"attachment-large size-large wp-image-901\" alt=\"\" srcset=\"https:\/\/www.parcdescarrieres.net\/wp-content\/uploads\/2021\/04\/Les-instances_AG-reunion-du-comite-directeur-a-Hegenheim-1170x878.jpg 1170w, https:\/\/www.parcdescarrieres.net\/wp-content\/uploads\/2021\/04\/Les-instances_AG-reunion-du-comite-directeur-a-Hegenheim-503x377.jpg 503w, https:\/\/www.parcdescarrieres.net\/wp-content\/uploads\/2021\/04\/Les-instances_AG-reunion-du-comite-directeur-a-Hegenheim-768x576.jpg 768w, https:\/\/www.parcdescarrieres.net\/wp-content\/uploads\/2021\/04\/Les-instances_AG-reunion-du-comite-directeur-a-Hegenheim-1536x1152.jpg 1536w, https:\/\/www.parcdescarrieres.net\/wp-content\/uploads\/2021\/04\/Les-instances_AG-reunion-du-comite-directeur-a-Hegenheim-2048x1536.jpg 2048w\" sizes=\"(max-width: 1170px) 100vw, 1170px\" \/>\t\t\t\t\t\t\t\t\t\t\t<figcaption class=\"widget-image-caption wp-caption-text\">Vorstandssitzung in H\u00e9genheim - 2019<\/figcaption>\n\t\t\t\t\t\t\t\t\t\t<\/figure>\n\t\t\t\t\t\t\t\t\t<\/div>\n\t\t\t\t<\/div>\n\t\t\t\t\t<\/div>\n\t\t<\/div>\n\t\t\t\t\t<\/div>\n\t\t<\/section>\n\t\t\t\t<section class=\"elementor-section elementor-top-section elementor-element elementor-element-517eea5 elementor-section-boxed elementor-section-height-default elementor-section-height-default\" data-id=\"517eea5\" data-element_type=\"section\">\n\t\t\t\t\t\t<div class=\"elementor-container elementor-column-gap-default\">\n\t\t\t\t\t<div class=\"elementor-column elementor-col-100 elementor-top-column elementor-element elementor-element-1ade6c3\" data-id=\"1ade6c3\" data-element_type=\"column\">\n\t\t\t<div class=\"elementor-widget-wrap elementor-element-populated\">\n\t\t\t\t\t\t<div class=\"elementor-element elementor-element-7192487 vert elementor-widget elementor-widget-heading\" data-id=\"7192487\" data-element_type=\"widget\" data-widget_type=\"heading.default\">\n\t\t\t\t<div class=\"elementor-widget-container\">\n\t\t\t\t\t<h3 class=\"elementor-heading-title elementor-size-default\">Arbeitsgruppen<\/h3>\t\t\t\t<\/div>\n\t\t\t\t<\/div>\n\t\t\t\t<div class=\"elementor-element elementor-element-e12f538 elementor-widget elementor-widget-text-editor\" data-id=\"e12f538\" data-element_type=\"widget\" data-widget_type=\"text-editor.default\">\n\t\t\t\t<div class=\"elementor-widget-container\">\n\t\t\t\t\t\t\t\t\t<p>Die Arbeitsgruppen sind f\u00fcr die gemeinsame Entwicklung und Koordination des Projekts verantwortlich. Sie setzen sich aus Fachleute zusammen, welche die \u00f6ffentlichen und privaten Vereinspartner vertreten, und widmen sich zwei Hauptthemen:<\/p>\n<p>Der technische Ausschuss bereitet die politischen Sitzungen vor. Die Partner treffen sich auf fachlicher Ebene, im sich \u00fcber die Zielsetzung des Vereins sowie \u00fcber das Projekt IBA Parc des Carri\u00e8res und der hiermit verbundenen Projekte auszutauschen.<\/p>\n<p>Das Organisationskomitee wurde gegr\u00fcndet, um \u00f6ffentliche Veranstaltungen zu planen und die Kommunikationsmassnahmen zu definieren. Es bestehet haupts\u00e4chlich aus Vertretern der Gebietsk\u00f6rperschaften, darunter auch Mitarbeiter der Kommunikationsabteilungen. Je nach Thema werden weitere Personen eingeladen oder in die Planung einbezogen.<\/p>\n\t\t\t\t\t\t\t\t<\/div>\n\t\t\t\t<\/div>\n\t\t\t\t<div class=\"elementor-element elementor-element-4b3217b elementor-widget elementor-widget-image\" data-id=\"4b3217b\" data-element_type=\"widget\" data-widget_type=\"image.default\">\n\t\t\t\t<div class=\"elementor-widget-container\">\n\t\t\t\t\t\t\t\t\t\t\t\t<figure class=\"wp-caption\">\n\t\t\t\t\t\t\t\t\t\t<img decoding=\"async\" width=\"1170\" height=\"878\" src=\"https:\/\/www.parcdescarrieres.net\/wp-content\/uploads\/2021\/04\/Groupes-de-travail_Comite-organisation\u00a9Marc-Rueff-1170x878.jpg\" class=\"attachment-large size-large wp-image-902\" alt=\"\" srcset=\"https:\/\/www.parcdescarrieres.net\/wp-content\/uploads\/2021\/04\/Groupes-de-travail_Comite-organisation\u00a9Marc-Rueff-1170x878.jpg 1170w, https:\/\/www.parcdescarrieres.net\/wp-content\/uploads\/2021\/04\/Groupes-de-travail_Comite-organisation\u00a9Marc-Rueff-503x377.jpg 503w, https:\/\/www.parcdescarrieres.net\/wp-content\/uploads\/2021\/04\/Groupes-de-travail_Comite-organisation\u00a9Marc-Rueff-768x576.jpg 768w, https:\/\/www.parcdescarrieres.net\/wp-content\/uploads\/2021\/04\/Groupes-de-travail_Comite-organisation\u00a9Marc-Rueff-1536x1152.jpg 1536w, https:\/\/www.parcdescarrieres.net\/wp-content\/uploads\/2021\/04\/Groupes-de-travail_Comite-organisation\u00a9Marc-Rueff-2048x1536.jpg 2048w\" sizes=\"(max-width: 1170px) 100vw, 1170px\" \/>\t\t\t\t\t\t\t\t\t\t\t<figcaption class=\"widget-image-caption wp-caption-text\">Besuch der Kiesgrube mit dem Organisationskomitee<\/figcaption>\n\t\t\t\t\t\t\t\t\t\t<\/figure>\n\t\t\t\t\t\t\t\t\t<\/div>\n\t\t\t\t<\/div>\n\t\t\t\t\t<\/div>\n\t\t<\/div>\n\t\t\t\t\t<\/div>\n\t\t<\/section>\n\t\t\t\t<\/div>\n\t\t","protected":false},"excerpt":{"rendered":"<p>Unsere Struktur Unsere Mitglieder Der Verein Parc des Carri\u00e8res ist das Ergebnis einer \u00f6ffentlichen-privaten Partnerschaft mit franz\u00f6sischen und Schweizer Partner. Er setzt sich aus 10 Mitgliedern zusammen: AktivmitgliederSaint-Louis Agglom\u00e9ration, Stadt Saint-Louis, Stadt H\u00e9genheim, Kanton Basel-Stadt, &#8230;<\/p>\n","protected":false},"author":1,"featured_media":0,"parent":0,"menu_order":0,"comment_status":"closed","ping_status":"closed","template":"","meta":{"footnotes":""},"class_list":["post-1035","page","type-page","status-publish","hentry"],"yoast_head":"<!-- This site is optimized with the Yoast SEO plugin v25.3.1 - https:\/\/yoast.com\/wordpress\/plugins\/seo\/ -->\n<title>Unsere Struktur | Parc des Carri\u00e8res<\/title>\n<meta name=\"robots\" content=\"index, follow, max-snippet:-1, max-image-preview:large, max-video-preview:-1\" \/>\n<link rel=\"canonical\" href=\"https:\/\/www.parcdescarrieres.net\/de\/unsere-struktur\/\" \/>\n<meta property=\"og:locale\" content=\"de_DE\" \/>\n<meta property=\"og:type\" content=\"article\" \/>\n<meta property=\"og:title\" content=\"Unsere Struktur | Parc des Carri\u00e8res\" \/>\n<meta property=\"og:description\" content=\"Unsere Struktur Unsere Mitglieder Der Verein Parc des Carri\u00e8res ist das Ergebnis einer \u00f6ffentlichen-privaten Partnerschaft mit franz\u00f6sischen und Schweizer Partner. Er setzt sich aus 10 Mitgliedern zusammen: AktivmitgliederSaint-Louis Agglom\u00e9ration, Stadt Saint-Louis, Stadt H\u00e9genheim, Kanton Basel-Stadt, ...\" \/>\n<meta property=\"og:url\" content=\"https:\/\/www.parcdescarrieres.net\/de\/unsere-struktur\/\" \/>\n<meta property=\"og:site_name\" content=\"Parc des Carri\u00e8res\" \/>\n<meta property=\"article:modified_time\" content=\"2024-07-10T08:23:52+00:00\" \/>\n<meta property=\"og:image\" content=\"https:\/\/www.parcdescarrieres.net\/wp-content\/uploads\/2021\/04\/Les-instances_AG-reunion-du-comite-directeur-a-Hegenheim-1170x878.jpg\" \/>\n<meta name=\"twitter:card\" content=\"summary_large_image\" \/>\n<meta name=\"twitter:label1\" content=\"Gesch\u00e4tzte Lesezeit\" \/>\n\t<meta name=\"twitter:data1\" content=\"3\u00a0Minuten\" \/>\n<script type=\"application\/ld+json\" class=\"yoast-schema-graph\">{\"@context\":\"https:\/\/schema.org\",\"@graph\":[{\"@type\":\"WebPage\",\"@id\":\"https:\/\/www.parcdescarrieres.net\/de\/unsere-struktur\/\",\"url\":\"https:\/\/www.parcdescarrieres.net\/de\/unsere-struktur\/\",\"name\":\"Unsere Struktur | Parc des Carri\u00e8res\",\"isPartOf\":{\"@id\":\"https:\/\/www.parcdescarrieres.net\/de\/#website\"},\"primaryImageOfPage\":{\"@id\":\"https:\/\/www.parcdescarrieres.net\/de\/unsere-struktur\/#primaryimage\"},\"image\":{\"@id\":\"https:\/\/www.parcdescarrieres.net\/de\/unsere-struktur\/#primaryimage\"},\"thumbnailUrl\":\"https:\/\/www.parcdescarrieres.net\/wp-content\/uploads\/2021\/04\/Les-instances_AG-reunion-du-comite-directeur-a-Hegenheim-1170x878.jpg\",\"datePublished\":\"2021-06-23T15:24:57+00:00\",\"dateModified\":\"2024-07-10T08:23:52+00:00\",\"breadcrumb\":{\"@id\":\"https:\/\/www.parcdescarrieres.net\/de\/unsere-struktur\/#breadcrumb\"},\"inLanguage\":\"de\",\"potentialAction\":[{\"@type\":\"ReadAction\",\"target\":[\"https:\/\/www.parcdescarrieres.net\/de\/unsere-struktur\/\"]}]},{\"@type\":\"ImageObject\",\"inLanguage\":\"de\",\"@id\":\"https:\/\/www.parcdescarrieres.net\/de\/unsere-struktur\/#primaryimage\",\"url\":\"https:\/\/www.parcdescarrieres.net\/wp-content\/uploads\/2021\/04\/Les-instances_AG-reunion-du-comite-directeur-a-Hegenheim-1170x878.jpg\",\"contentUrl\":\"https:\/\/www.parcdescarrieres.net\/wp-content\/uploads\/2021\/04\/Les-instances_AG-reunion-du-comite-directeur-a-Hegenheim-1170x878.jpg\"},{\"@type\":\"BreadcrumbList\",\"@id\":\"https:\/\/www.parcdescarrieres.net\/de\/unsere-struktur\/#breadcrumb\",\"itemListElement\":[{\"@type\":\"ListItem\",\"position\":1,\"name\":\"Accueil\",\"item\":\"https:\/\/www.parcdescarrieres.net\/de\/\"},{\"@type\":\"ListItem\",\"position\":2,\"name\":\"Unsere Struktur\"}]},{\"@type\":\"WebSite\",\"@id\":\"https:\/\/www.parcdescarrieres.net\/de\/#website\",\"url\":\"https:\/\/www.parcdescarrieres.net\/de\/\",\"name\":\"Parc des Carri\u00e8res\",\"description\":\"\",\"publisher\":{\"@id\":\"https:\/\/www.parcdescarrieres.net\/de\/#organization\"},\"potentialAction\":[{\"@type\":\"SearchAction\",\"target\":{\"@type\":\"EntryPoint\",\"urlTemplate\":\"https:\/\/www.parcdescarrieres.net\/de\/?s={search_term_string}\"},\"query-input\":{\"@type\":\"PropertyValueSpecification\",\"valueRequired\":true,\"valueName\":\"search_term_string\"}}],\"inLanguage\":\"de\"},{\"@type\":\"Organization\",\"@id\":\"https:\/\/www.parcdescarrieres.net\/de\/#organization\",\"name\":\"Association Parc des Carri\u00e8res\",\"url\":\"https:\/\/www.parcdescarrieres.net\/de\/\",\"logo\":{\"@type\":\"ImageObject\",\"inLanguage\":\"de\",\"@id\":\"https:\/\/www.parcdescarrieres.net\/de\/#\/schema\/logo\/image\/\",\"url\":\"https:\/\/www.parcdescarrieres.net\/wp-content\/uploads\/2021\/04\/logo_nb.png\",\"contentUrl\":\"https:\/\/www.parcdescarrieres.net\/wp-content\/uploads\/2021\/04\/logo_nb.png\",\"width\":235,\"height\":86,\"caption\":\"Association Parc des Carri\u00e8res\"},\"image\":{\"@id\":\"https:\/\/www.parcdescarrieres.net\/de\/#\/schema\/logo\/image\/\"}}]}<\/script>\n<!-- \/ Yoast SEO plugin. -->","yoast_head_json":{"title":"Unsere Struktur | Parc des Carri\u00e8res","robots":{"index":"index","follow":"follow","max-snippet":"max-snippet:-1","max-image-preview":"max-image-preview:large","max-video-preview":"max-video-preview:-1"},"canonical":"https:\/\/www.parcdescarrieres.net\/de\/unsere-struktur\/","og_locale":"de_DE","og_type":"article","og_title":"Unsere Struktur | Parc des Carri\u00e8res","og_description":"Unsere Struktur Unsere Mitglieder Der Verein Parc des Carri\u00e8res ist das Ergebnis einer \u00f6ffentlichen-privaten Partnerschaft mit franz\u00f6sischen und Schweizer Partner. Er setzt sich aus 10 Mitgliedern zusammen: AktivmitgliederSaint-Louis Agglom\u00e9ration, Stadt Saint-Louis, Stadt H\u00e9genheim, Kanton Basel-Stadt, ...","og_url":"https:\/\/www.parcdescarrieres.net\/de\/unsere-struktur\/","og_site_name":"Parc des Carri\u00e8res","article_modified_time":"2024-07-10T08:23:52+00:00","og_image":[{"url":"https:\/\/www.parcdescarrieres.net\/wp-content\/uploads\/2021\/04\/Les-instances_AG-reunion-du-comite-directeur-a-Hegenheim-1170x878.jpg","type":"","width":"","height":""}],"twitter_card":"summary_large_image","twitter_misc":{"Gesch\u00e4tzte Lesezeit":"3\u00a0Minuten"},"schema":{"@context":"https:\/\/schema.org","@graph":[{"@type":"WebPage","@id":"https:\/\/www.parcdescarrieres.net\/de\/unsere-struktur\/","url":"https:\/\/www.parcdescarrieres.net\/de\/unsere-struktur\/","name":"Unsere Struktur | Parc des Carri\u00e8res","isPartOf":{"@id":"https:\/\/www.parcdescarrieres.net\/de\/#website"},"primaryImageOfPage":{"@id":"https:\/\/www.parcdescarrieres.net\/de\/unsere-struktur\/#primaryimage"},"image":{"@id":"https:\/\/www.parcdescarrieres.net\/de\/unsere-struktur\/#primaryimage"},"thumbnailUrl":"https:\/\/www.parcdescarrieres.net\/wp-content\/uploads\/2021\/04\/Les-instances_AG-reunion-du-comite-directeur-a-Hegenheim-1170x878.jpg","datePublished":"2021-06-23T15:24:57+00:00","dateModified":"2024-07-10T08:23:52+00:00","breadcrumb":{"@id":"https:\/\/www.parcdescarrieres.net\/de\/unsere-struktur\/#breadcrumb"},"inLanguage":"de","potentialAction":[{"@type":"ReadAction","target":["https:\/\/www.parcdescarrieres.net\/de\/unsere-struktur\/"]}]},{"@type":"ImageObject","inLanguage":"de","@id":"https:\/\/www.parcdescarrieres.net\/de\/unsere-struktur\/#primaryimage","url":"https:\/\/www.parcdescarrieres.net\/wp-content\/uploads\/2021\/04\/Les-instances_AG-reunion-du-comite-directeur-a-Hegenheim-1170x878.jpg","contentUrl":"https:\/\/www.parcdescarrieres.net\/wp-content\/uploads\/2021\/04\/Les-instances_AG-reunion-du-comite-directeur-a-Hegenheim-1170x878.jpg"},{"@type":"BreadcrumbList","@id":"https:\/\/www.parcdescarrieres.net\/de\/unsere-struktur\/#breadcrumb","itemListElement":[{"@type":"ListItem","position":1,"name":"Accueil","item":"https:\/\/www.parcdescarrieres.net\/de\/"},{"@type":"ListItem","position":2,"name":"Unsere Struktur"}]},{"@type":"WebSite","@id":"https:\/\/www.parcdescarrieres.net\/de\/#website","url":"https:\/\/www.parcdescarrieres.net\/de\/","name":"Parc des Carri\u00e8res","description":"","publisher":{"@id":"https:\/\/www.parcdescarrieres.net\/de\/#organization"},"potentialAction":[{"@type":"SearchAction","target":{"@type":"EntryPoint","urlTemplate":"https:\/\/www.parcdescarrieres.net\/de\/?s={search_term_string}"},"query-input":{"@type":"PropertyValueSpecification","valueRequired":true,"valueName":"search_term_string"}}],"inLanguage":"de"},{"@type":"Organization","@id":"https:\/\/www.parcdescarrieres.net\/de\/#organization","name":"Association Parc des Carri\u00e8res","url":"https:\/\/www.parcdescarrieres.net\/de\/","logo":{"@type":"ImageObject","inLanguage":"de","@id":"https:\/\/www.parcdescarrieres.net\/de\/#\/schema\/logo\/image\/","url":"https:\/\/www.parcdescarrieres.net\/wp-content\/uploads\/2021\/04\/logo_nb.png","contentUrl":"https:\/\/www.parcdescarrieres.net\/wp-content\/uploads\/2021\/04\/logo_nb.png","width":235,"height":86,"caption":"Association Parc des Carri\u00e8res"},"image":{"@id":"https:\/\/www.parcdescarrieres.net\/de\/#\/schema\/logo\/image\/"}}]}},"_links":{"self":[{"href":"https:\/\/www.parcdescarrieres.net\/de\/wp-json\/wp\/v2\/pages\/1035","targetHints":{"allow":["GET"]}}],"collection":[{"href":"https:\/\/www.parcdescarrieres.net\/de\/wp-json\/wp\/v2\/pages"}],"about":[{"href":"https:\/\/www.parcdescarrieres.net\/de\/wp-json\/wp\/v2\/types\/page"}],"author":[{"embeddable":true,"href":"https:\/\/www.parcdescarrieres.net\/de\/wp-json\/wp\/v2\/users\/1"}],"replies":[{"embeddable":true,"href":"https:\/\/www.parcdescarrieres.net\/de\/wp-json\/wp\/v2\/comments?post=1035"}],"version-history":[{"count":6,"href":"https:\/\/www.parcdescarrieres.net\/de\/wp-json\/wp\/v2\/pages\/1035\/revisions"}],"predecessor-version":[{"id":1685,"href":"https:\/\/www.parcdescarrieres.net\/de\/wp-json\/wp\/v2\/pages\/1035\/revisions\/1685"}],"wp:attachment":[{"href":"https:\/\/www.parcdescarrieres.net\/de\/wp-json\/wp\/v2\/media?parent=1035"}],"curies":[{"name":"wp","href":"https:\/\/api.w.org\/{rel}","templated":true}]}}