{"id":1346,"date":"2021-09-09T09:03:46","date_gmt":"2021-09-09T07:03:46","guid":{"rendered":"https:\/\/www.parcdescarrieres.net\/impressum\/"},"modified":"2021-09-09T09:04:30","modified_gmt":"2021-09-09T07:04:30","slug":"impressum","status":"publish","type":"page","link":"https:\/\/www.parcdescarrieres.net\/de\/impressum\/","title":{"rendered":"Impressum"},"content":{"rendered":"\t\t<div data-elementor-type=\"wp-page\" data-elementor-id=\"1346\" class=\"elementor elementor-1346 elementor-40\">\n\t\t\t\t\t\t<section class=\"elementor-section elementor-top-section elementor-element elementor-element-57339a3e elementor-section-boxed elementor-section-height-default elementor-section-height-default\" data-id=\"57339a3e\" data-element_type=\"section\">\n\t\t\t\t\t\t<div class=\"elementor-container elementor-column-gap-default\">\n\t\t\t\t\t<div class=\"elementor-column elementor-col-100 elementor-top-column elementor-element elementor-element-a333c69\" data-id=\"a333c69\" data-element_type=\"column\">\n\t\t\t<div class=\"elementor-widget-wrap elementor-element-populated\">\n\t\t\t\t\t\t<div class=\"elementor-element elementor-element-6f2082a6 elementor-widget elementor-widget-text-editor\" data-id=\"6f2082a6\" data-element_type=\"widget\" data-widget_type=\"text-editor.default\">\n\t\t\t\t<div class=\"elementor-widget-container\">\n\t\t\t\t\t\t\t\t\t<h2 class=\"has-text-align-center\"><strong>1. Identifizierung des Herausgebers und des Webhosters<\/strong><\/h2>\n<div class=\"wp-block-columns\">\n<div class=\"wp-block-column\">\n<h3>Herausgeber:<\/h3>\n<p>Verein Parc des Carri\u00e8res<br \/>Maison TRIRHENA<br \/>Pont du Palmrain<br \/>FR-68128 Village-Neuf<br \/>SIRET: 85372629700015<\/p>\n<\/div>\n<div class=\"wp-block-column\">\n<h3>Webhoster:<\/h3>\n<p>1&amp;1 Ionos<br \/>7 Place de la Gare<br \/>57200 Sarreguemines<br \/>Tel. : 0970 808 911<\/p>\n<\/div>\n<\/div>\n<h2 class=\"has-text-align-center\"><strong>2. Datenschutzerkl\u00e4rung<\/strong><\/h2>\n<h3>ERHEBUNG UND VERARBEITUNG PERSONENBEZOGENER DATEN<\/h3>\n<p>Wir erheben folgende Informationen:<\/p>\n<ul>\n<li>Nachname<\/li>\n<li>Vorname<\/li>\n<li>Telefon<\/li>\n<li>E-Mail<\/li>\n<li>Postanschrift<\/li>\n<\/ul>\n<p>Diese personenbezogenen Daten werden \u00fcber unsere Online-Formulare erfasst. Wir verwenden die gesammelten Daten, ausschliesslich um Ihre \u00fcber das Kontaktformular gestellten Fragen zu beantworten. Nur die Mitglieder des Vereins Parc des Carri\u00e8res sind f\u00fcr die Verarbeitung Ihrer pers\u00f6nlichen Daten verantwortlich.<\/p>\n<p>Verantwortlich f\u00fcr die Verarbeitung Ihrer Daten ist: <\/p>\n<p>Verein Parc des Carri\u00e8res<br \/>c\/o Eurodistrict Trinational de B\u00e2le Maison TriRhena<br \/>Pont du Palmrain<br \/>F-68128 Village-Neuf<\/p>\n<p>E-Mail: parcdescarrieres@gmail.com<\/p>\n<p>Die Erfassung und Verarbeitung Ihrer personenbezogenen Daten erfolgt in \u00dcbereinstimmung mit der Datenschutz-Grundverordnung (DSGVO) n\u00b02016-679 vom 27. April 2016 und dem franz\u00f6sischen Datenschutzgesetz vom 20. Juni 2018.<\/p>\n<p>Insofern Sie mit dem Verein Parc des Carri\u00e8res in keiner vertraglichen Beziehung stehen, werden Ihre Daten in unserer Datenbank f\u00fcr einen Zeitraum von maximal 3 Jahren gespeichert. Andernfalls behalten wir uns das Recht vor, diese Informationen f\u00fcr maximal 6 Jahre zu speichern.<\/p>\n<p>Ohne Einwilligung des Nutzers der Website werden keine personenbezogenen Daten ver\u00f6ffentlicht, ausgetauscht, \u00fcbertragen oder auf irgendeinem Medium an Dritte verkauft. Nur im Falle des rechtm\u00e4ssigen Erwerbs des Vereins Parc des Carri\u00e8res und seiner Rechte w\u00fcrde die \u00dcbermittlung der personenbezogenen Daten an den Erwerber erfolgen. Der Erwerber w\u00e4re in diesem Fall im gleichen Massen zur Aufbewahrung und \u00c4nderung der pers\u00f6nlichen Daten verpflichtet.<\/p>\n<h3>IHRE RECHTE<\/h3>\n<p>Gem\u00e4ss der DSGVO und dem franz\u00f6sischen Datenschutzgesetz haben Sie das Recht auf Auskunft \u00fcber die Sie betreffenden Daten, sowie Berichtigung oder L\u00f6schung dieser Daten. Sie k\u00f6nnen genaue Informationen dar\u00fcber verlangen, wie Ihre personenbezogenen Daten verarbeitet werden, oder die Verarbeitung dieser Daten einschr\u00e4nken. Sie k\u00f6nnen Ihre Einwilligung zur Verarbeitung Ihrer Daten jederzeit widerrufen. Zuletzt haben Sie das Recht auf Daten\u00fcbertragbarkeit. Zuletzt haben Sie das Recht auf Daten\u00fcbertragbarkeit.<\/p>\n<p>Um eines oder mehrere dieser Rechte auszu\u00fcben, wenden Sie sich per E-Mail an parcdescarrieres@gmail.com oder per Post an den oben genannten f\u00fcr die Datenverarbeitung Verantwortlichen.<\/p>\n<p>Wenn Sie nach Kontaktnahme mit uns der Ansicht sind, dass Ihre Datenschutzrechte nicht ber\u00fccksichtigt wurden, k\u00f6nnen Sie bei der zust\u00e4ndigen Aufsichtsbeh\u00f6rde, die CNIL, eine Beschwerde einreichen:<\/p>\n<p>Commission Nationale de l\u2019Informatique et des Libert\u00e9s (CNIL)<br \/>3 Place de Fontenoy TSA 80715<br \/>75334 PARIS CEDEX 07<br \/>Telefionnummer: +33 (0)1 53 73 22 22 <br \/>Website: www.cnil.fr<\/p>\n<h3>Cookies<\/h3>\n<p>Ein Cookie ist eine kleine Textdatei, die Internetseiten auf Ihrem Computer, Tablet oder Mobilger\u00e4t speichern, wenn Sie sie besuchen. Sie erm\u00f6glicht dieser Internetseiten, Ihre Handlungen und Einstellungen f\u00fcr einen bestimmten Zeitraum aufzuzeichnen.<\/p>\n<p>Diese Website verwendet Cookies, um den Lageplan des Parc des Carri\u00e8res unten auf der Seite anzuzeigen. Diese von Google Maps gesetzten Cookies k\u00f6nnen aktiv sein, wenn Sie bei einem Google-Konto angemeldet sind.<\/p>\n<p>Sie k\u00f6nnen der Verwendung von Cookies auf dieser Internetseite problemlos zustimmen oder widersprechen. Um der Verwendung von Cookies zuzustimmen, klicken Sie auf die Schaltfl\u00e4che \u00ab<strong>OK, alles akzeptieren<\/strong>\u00bb im Banner am unteren Rand des Bildschirms (diese Schaltfl\u00e4che ist nicht sichtbar, wenn Sie bereits zugestimmt haben oder weiter auf der Internetseite surfen). Um Ihre Wahl zu \u00e4ndern, verwenden Sie die Schaltfl\u00e4che \u00ab<strong>Cookie-Verwaltung<\/strong>\u00bb am unteren Rand des Bildschirms.<br \/>Dies gilt nicht f\u00fcr technisch notwendige Cookies.<\/p>\n<p>Sie k\u00f6nnen jedoch die Verwendung aller gespeicherten Cookies nach Belieben verwalten. Sie k\u00f6nnen alle bereits auf Ihrem Computer gespeicherten Cookies l\u00f6schen und die meisten Webbrowser so einstellen, dass die Cookies abgeblockt werden. Wenn Sie so vorgehen m\u00f6chten, m\u00fcssen Sie m\u00f6glicherweise bei jedem Besuch einer Website bestimmte Einstellungen selbst vornehmen, und einige Dienste und Funktionen sind m\u00f6glicherweise nicht verf\u00fcgbar. <br \/>Unter <a href=\"https:\/\/www.cnil.fr\/fr\/cookies-les-outils-pour-les-maitriser\" target=\"_blank\" rel=\"noreferrer noopener\">diesem Link<\/a> erfahren Sie, wie Sie cookies in Ihrem Browser komplett blockieren k\u00f6nnen.<\/p>\n<h2 class=\"has-text-align-center\"><strong>3. E-Mails<\/strong><\/h2>\n<p>E-Mails k\u00f6nnen abgefangen werden. Geben Sie keine unn\u00f6tigen oder sensiblen pers\u00f6nlichen Informationen an. Wenn Sie uns solche Informationen zukommen lassen m\u00f6chten, bitte nur per Post.<\/p>\n\t\t\t\t\t\t\t\t<\/div>\n\t\t\t\t<\/div>\n\t\t\t\t\t<\/div>\n\t\t<\/div>\n\t\t\t\t\t<\/div>\n\t\t<\/section>\n\t\t\t\t<\/div>\n\t\t","protected":false},"excerpt":{"rendered":"<p>1. Identifizierung des Herausgebers und des Webhosters Herausgeber: Verein Parc des Carri\u00e8resMaison TRIRHENAPont du PalmrainFR-68128 Village-NeufSIRET: 85372629700015 Webhoster: 1&amp;1 Ionos7 Place de la Gare57200 SarregueminesTel. : 0970 808 911 2. Datenschutzerkl\u00e4rung ERHEBUNG UND VERARBEITUNG PERSONENBEZOGENER &#8230;<\/p>\n","protected":false},"author":1,"featured_media":911,"parent":0,"menu_order":0,"comment_status":"closed","ping_status":"closed","template":"","meta":{"footnotes":""},"class_list":["post-1346","page","type-page","status-publish","has-post-thumbnail","hentry"],"yoast_head":"<!-- This site is optimized with the Yoast SEO plugin v25.3.1 - https:\/\/yoast.com\/wordpress\/plugins\/seo\/ -->\n<title>Impressum | Parc des Carri\u00e8res<\/title>\n<meta name=\"robots\" content=\"index, follow, max-snippet:-1, max-image-preview:large, max-video-preview:-1\" \/>\n<link rel=\"canonical\" href=\"https:\/\/www.parcdescarrieres.net\/de\/impressum\/\" \/>\n<meta property=\"og:locale\" content=\"de_DE\" \/>\n<meta property=\"og:type\" content=\"article\" \/>\n<meta property=\"og:title\" content=\"Impressum | Parc des Carri\u00e8res\" \/>\n<meta property=\"og:description\" content=\"1. Identifizierung des Herausgebers und des Webhosters Herausgeber: Verein Parc des Carri\u00e8resMaison TRIRHENAPont du PalmrainFR-68128 Village-NeufSIRET: 85372629700015 Webhoster: 1&amp;1 Ionos7 Place de la Gare57200 SarregueminesTel. : 0970 808 911 2. Datenschutzerkl\u00e4rung ERHEBUNG UND VERARBEITUNG PERSONENBEZOGENER ...\" \/>\n<meta property=\"og:url\" content=\"https:\/\/www.parcdescarrieres.net\/de\/impressum\/\" \/>\n<meta property=\"og:site_name\" content=\"Parc des Carri\u00e8res\" \/>\n<meta property=\"article:modified_time\" content=\"2021-09-09T07:04:30+00:00\" \/>\n<meta property=\"og:image\" content=\"https:\/\/www.parcdescarrieres.net\/wp-content\/uploads\/2021\/04\/IBA-Parc-des-Carrieres_vue-illustration-parcelle-1\u00a9-LAPs-IBA-scaled.jpg\" \/>\n\t<meta property=\"og:image:width\" content=\"2560\" \/>\n\t<meta property=\"og:image:height\" content=\"1030\" \/>\n\t<meta property=\"og:image:type\" content=\"image\/jpeg\" \/>\n<meta name=\"twitter:card\" content=\"summary_large_image\" \/>\n<meta name=\"twitter:label1\" content=\"Gesch\u00e4tzte Lesezeit\" \/>\n\t<meta name=\"twitter:data1\" content=\"3\u00a0Minuten\" \/>\n<script type=\"application\/ld+json\" class=\"yoast-schema-graph\">{\"@context\":\"https:\/\/schema.org\",\"@graph\":[{\"@type\":\"WebPage\",\"@id\":\"https:\/\/www.parcdescarrieres.net\/de\/impressum\/\",\"url\":\"https:\/\/www.parcdescarrieres.net\/de\/impressum\/\",\"name\":\"Impressum | Parc des Carri\u00e8res\",\"isPartOf\":{\"@id\":\"https:\/\/www.parcdescarrieres.net\/de\/#website\"},\"primaryImageOfPage\":{\"@id\":\"https:\/\/www.parcdescarrieres.net\/de\/impressum\/#primaryimage\"},\"image\":{\"@id\":\"https:\/\/www.parcdescarrieres.net\/de\/impressum\/#primaryimage\"},\"thumbnailUrl\":\"https:\/\/www.parcdescarrieres.net\/wp-content\/uploads\/2021\/04\/IBA-Parc-des-Carrieres_vue-illustration-parcelle-1\u00a9-LAPs-IBA-scaled.jpg\",\"datePublished\":\"2021-09-09T07:03:46+00:00\",\"dateModified\":\"2021-09-09T07:04:30+00:00\",\"breadcrumb\":{\"@id\":\"https:\/\/www.parcdescarrieres.net\/de\/impressum\/#breadcrumb\"},\"inLanguage\":\"de\",\"potentialAction\":[{\"@type\":\"ReadAction\",\"target\":[\"https:\/\/www.parcdescarrieres.net\/de\/impressum\/\"]}]},{\"@type\":\"ImageObject\",\"inLanguage\":\"de\",\"@id\":\"https:\/\/www.parcdescarrieres.net\/de\/impressum\/#primaryimage\",\"url\":\"https:\/\/www.parcdescarrieres.net\/wp-content\/uploads\/2021\/04\/IBA-Parc-des-Carrieres_vue-illustration-parcelle-1\u00a9-LAPs-IBA-scaled.jpg\",\"contentUrl\":\"https:\/\/www.parcdescarrieres.net\/wp-content\/uploads\/2021\/04\/IBA-Parc-des-Carrieres_vue-illustration-parcelle-1\u00a9-LAPs-IBA-scaled.jpg\",\"width\":2560,\"height\":1030},{\"@type\":\"BreadcrumbList\",\"@id\":\"https:\/\/www.parcdescarrieres.net\/de\/impressum\/#breadcrumb\",\"itemListElement\":[{\"@type\":\"ListItem\",\"position\":1,\"name\":\"Accueil\",\"item\":\"https:\/\/www.parcdescarrieres.net\/de\/\"},{\"@type\":\"ListItem\",\"position\":2,\"name\":\"Impressum\"}]},{\"@type\":\"WebSite\",\"@id\":\"https:\/\/www.parcdescarrieres.net\/de\/#website\",\"url\":\"https:\/\/www.parcdescarrieres.net\/de\/\",\"name\":\"Parc des Carri\u00e8res\",\"description\":\"\",\"publisher\":{\"@id\":\"https:\/\/www.parcdescarrieres.net\/de\/#organization\"},\"potentialAction\":[{\"@type\":\"SearchAction\",\"target\":{\"@type\":\"EntryPoint\",\"urlTemplate\":\"https:\/\/www.parcdescarrieres.net\/de\/?s={search_term_string}\"},\"query-input\":{\"@type\":\"PropertyValueSpecification\",\"valueRequired\":true,\"valueName\":\"search_term_string\"}}],\"inLanguage\":\"de\"},{\"@type\":\"Organization\",\"@id\":\"https:\/\/www.parcdescarrieres.net\/de\/#organization\",\"name\":\"Association Parc des Carri\u00e8res\",\"url\":\"https:\/\/www.parcdescarrieres.net\/de\/\",\"logo\":{\"@type\":\"ImageObject\",\"inLanguage\":\"de\",\"@id\":\"https:\/\/www.parcdescarrieres.net\/de\/#\/schema\/logo\/image\/\",\"url\":\"https:\/\/www.parcdescarrieres.net\/wp-content\/uploads\/2021\/04\/logo_nb.png\",\"contentUrl\":\"https:\/\/www.parcdescarrieres.net\/wp-content\/uploads\/2021\/04\/logo_nb.png\",\"width\":235,\"height\":86,\"caption\":\"Association Parc des Carri\u00e8res\"},\"image\":{\"@id\":\"https:\/\/www.parcdescarrieres.net\/de\/#\/schema\/logo\/image\/\"}}]}<\/script>\n<!-- \/ Yoast SEO plugin. -->","yoast_head_json":{"title":"Impressum | Parc des Carri\u00e8res","robots":{"index":"index","follow":"follow","max-snippet":"max-snippet:-1","max-image-preview":"max-image-preview:large","max-video-preview":"max-video-preview:-1"},"canonical":"https:\/\/www.parcdescarrieres.net\/de\/impressum\/","og_locale":"de_DE","og_type":"article","og_title":"Impressum | Parc des Carri\u00e8res","og_description":"1. Identifizierung des Herausgebers und des Webhosters Herausgeber: Verein Parc des Carri\u00e8resMaison TRIRHENAPont du PalmrainFR-68128 Village-NeufSIRET: 85372629700015 Webhoster: 1&amp;1 Ionos7 Place de la Gare57200 SarregueminesTel. : 0970 808 911 2. Datenschutzerkl\u00e4rung ERHEBUNG UND VERARBEITUNG PERSONENBEZOGENER ...","og_url":"https:\/\/www.parcdescarrieres.net\/de\/impressum\/","og_site_name":"Parc des Carri\u00e8res","article_modified_time":"2021-09-09T07:04:30+00:00","og_image":[{"width":2560,"height":1030,"url":"https:\/\/www.parcdescarrieres.net\/wp-content\/uploads\/2021\/04\/IBA-Parc-des-Carrieres_vue-illustration-parcelle-1\u00a9-LAPs-IBA-scaled.jpg","type":"image\/jpeg"}],"twitter_card":"summary_large_image","twitter_misc":{"Gesch\u00e4tzte Lesezeit":"3\u00a0Minuten"},"schema":{"@context":"https:\/\/schema.org","@graph":[{"@type":"WebPage","@id":"https:\/\/www.parcdescarrieres.net\/de\/impressum\/","url":"https:\/\/www.parcdescarrieres.net\/de\/impressum\/","name":"Impressum | Parc des Carri\u00e8res","isPartOf":{"@id":"https:\/\/www.parcdescarrieres.net\/de\/#website"},"primaryImageOfPage":{"@id":"https:\/\/www.parcdescarrieres.net\/de\/impressum\/#primaryimage"},"image":{"@id":"https:\/\/www.parcdescarrieres.net\/de\/impressum\/#primaryimage"},"thumbnailUrl":"https:\/\/www.parcdescarrieres.net\/wp-content\/uploads\/2021\/04\/IBA-Parc-des-Carrieres_vue-illustration-parcelle-1\u00a9-LAPs-IBA-scaled.jpg","datePublished":"2021-09-09T07:03:46+00:00","dateModified":"2021-09-09T07:04:30+00:00","breadcrumb":{"@id":"https:\/\/www.parcdescarrieres.net\/de\/impressum\/#breadcrumb"},"inLanguage":"de","potentialAction":[{"@type":"ReadAction","target":["https:\/\/www.parcdescarrieres.net\/de\/impressum\/"]}]},{"@type":"ImageObject","inLanguage":"de","@id":"https:\/\/www.parcdescarrieres.net\/de\/impressum\/#primaryimage","url":"https:\/\/www.parcdescarrieres.net\/wp-content\/uploads\/2021\/04\/IBA-Parc-des-Carrieres_vue-illustration-parcelle-1\u00a9-LAPs-IBA-scaled.jpg","contentUrl":"https:\/\/www.parcdescarrieres.net\/wp-content\/uploads\/2021\/04\/IBA-Parc-des-Carrieres_vue-illustration-parcelle-1\u00a9-LAPs-IBA-scaled.jpg","width":2560,"height":1030},{"@type":"BreadcrumbList","@id":"https:\/\/www.parcdescarrieres.net\/de\/impressum\/#breadcrumb","itemListElement":[{"@type":"ListItem","position":1,"name":"Accueil","item":"https:\/\/www.parcdescarrieres.net\/de\/"},{"@type":"ListItem","position":2,"name":"Impressum"}]},{"@type":"WebSite","@id":"https:\/\/www.parcdescarrieres.net\/de\/#website","url":"https:\/\/www.parcdescarrieres.net\/de\/","name":"Parc des Carri\u00e8res","description":"","publisher":{"@id":"https:\/\/www.parcdescarrieres.net\/de\/#organization"},"potentialAction":[{"@type":"SearchAction","target":{"@type":"EntryPoint","urlTemplate":"https:\/\/www.parcdescarrieres.net\/de\/?s={search_term_string}"},"query-input":{"@type":"PropertyValueSpecification","valueRequired":true,"valueName":"search_term_string"}}],"inLanguage":"de"},{"@type":"Organization","@id":"https:\/\/www.parcdescarrieres.net\/de\/#organization","name":"Association Parc des Carri\u00e8res","url":"https:\/\/www.parcdescarrieres.net\/de\/","logo":{"@type":"ImageObject","inLanguage":"de","@id":"https:\/\/www.parcdescarrieres.net\/de\/#\/schema\/logo\/image\/","url":"https:\/\/www.parcdescarrieres.net\/wp-content\/uploads\/2021\/04\/logo_nb.png","contentUrl":"https:\/\/www.parcdescarrieres.net\/wp-content\/uploads\/2021\/04\/logo_nb.png","width":235,"height":86,"caption":"Association Parc des Carri\u00e8res"},"image":{"@id":"https:\/\/www.parcdescarrieres.net\/de\/#\/schema\/logo\/image\/"}}]}},"_links":{"self":[{"href":"https:\/\/www.parcdescarrieres.net\/de\/wp-json\/wp\/v2\/pages\/1346","targetHints":{"allow":["GET"]}}],"collection":[{"href":"https:\/\/www.parcdescarrieres.net\/de\/wp-json\/wp\/v2\/pages"}],"about":[{"href":"https:\/\/www.parcdescarrieres.net\/de\/wp-json\/wp\/v2\/types\/page"}],"author":[{"embeddable":true,"href":"https:\/\/www.parcdescarrieres.net\/de\/wp-json\/wp\/v2\/users\/1"}],"replies":[{"embeddable":true,"href":"https:\/\/www.parcdescarrieres.net\/de\/wp-json\/wp\/v2\/comments?post=1346"}],"version-history":[{"count":3,"href":"https:\/\/www.parcdescarrieres.net\/de\/wp-json\/wp\/v2\/pages\/1346\/revisions"}],"predecessor-version":[{"id":1349,"href":"https:\/\/www.parcdescarrieres.net\/de\/wp-json\/wp\/v2\/pages\/1346\/revisions\/1349"}],"wp:featuredmedia":[{"embeddable":true,"href":"https:\/\/www.parcdescarrieres.net\/de\/wp-json\/wp\/v2\/media\/911"}],"wp:attachment":[{"href":"https:\/\/www.parcdescarrieres.net\/de\/wp-json\/wp\/v2\/media?parent=1346"}],"curies":[{"name":"wp","href":"https:\/\/api.w.org\/{rel}","templated":true}]}}