{"id":962,"date":"2021-06-21T16:51:10","date_gmt":"2021-06-21T14:51:10","guid":{"rendered":"https:\/\/www.parcdescarrieres.net\/iba-basel-2020\/"},"modified":"2021-06-23T17:51:42","modified_gmt":"2021-06-23T15:51:42","slug":"iba-basel-2020","status":"publish","type":"page","link":"https:\/\/www.parcdescarrieres.net\/de\/iba-basel-2020\/","title":{"rendered":"IBA Basel 2020"},"content":{"rendered":"\t\t<div data-elementor-type=\"wp-page\" data-elementor-id=\"962\" class=\"elementor elementor-962 elementor-20\">\n\t\t\t\t\t\t<section class=\"elementor-section elementor-top-section elementor-element elementor-element-57c874eb elementor-section-full_width elementor-section-stretched banner elementor-section-height-default elementor-section-height-default\" data-id=\"57c874eb\" data-element_type=\"section\" data-settings=\"{&quot;stretch_section&quot;:&quot;section-stretched&quot;,&quot;background_background&quot;:&quot;classic&quot;}\">\n\t\t\t\t\t\t<div class=\"elementor-container elementor-column-gap-default\">\n\t\t\t\t\t<div class=\"elementor-column elementor-col-100 elementor-top-column elementor-element elementor-element-48b2d262\" data-id=\"48b2d262\" data-element_type=\"column\">\n\t\t\t<div class=\"elementor-widget-wrap elementor-element-populated\">\n\t\t\t\t\t\t<div class=\"elementor-element elementor-element-338ce7d7 elementor-widget elementor-widget-heading\" data-id=\"338ce7d7\" data-element_type=\"widget\" data-widget_type=\"heading.default\">\n\t\t\t\t<div class=\"elementor-widget-container\">\n\t\t\t\t\t<h1 class=\"elementor-heading-title elementor-size-default\">IBA Basel 2020<\/h1>\t\t\t\t<\/div>\n\t\t\t\t<\/div>\n\t\t\t\t\t<\/div>\n\t\t<\/div>\n\t\t\t\t\t<\/div>\n\t\t<\/section>\n\t\t\t\t<section class=\"elementor-section elementor-top-section elementor-element elementor-element-b94a808 elementor-section-boxed elementor-section-height-default elementor-section-height-default\" data-id=\"b94a808\" data-element_type=\"section\">\n\t\t\t\t\t\t<div class=\"elementor-container elementor-column-gap-default\">\n\t\t\t\t\t<div class=\"elementor-column elementor-col-100 elementor-top-column elementor-element elementor-element-ab71a82\" data-id=\"ab71a82\" data-element_type=\"column\">\n\t\t\t<div class=\"elementor-widget-wrap elementor-element-populated\">\n\t\t\t\t\t\t<div class=\"elementor-element elementor-element-9691d10 vert elementor-widget elementor-widget-heading\" data-id=\"9691d10\" data-element_type=\"widget\" data-widget_type=\"heading.default\">\n\t\t\t\t<div class=\"elementor-widget-container\">\n\t\t\t\t\t<h2 class=\"elementor-heading-title elementor-size-default\">IBA Basel 2020<\/h2>\t\t\t\t<\/div>\n\t\t\t\t<\/div>\n\t\t\t\t\t<\/div>\n\t\t<\/div>\n\t\t\t\t\t<\/div>\n\t\t<\/section>\n\t\t\t\t<section class=\"elementor-section elementor-top-section elementor-element elementor-element-fade658 elementor-section-boxed elementor-section-height-default elementor-section-height-default\" data-id=\"fade658\" data-element_type=\"section\">\n\t\t\t\t\t\t<div class=\"elementor-container elementor-column-gap-default\">\n\t\t\t\t\t<div class=\"elementor-column elementor-col-100 elementor-top-column elementor-element elementor-element-c38edb5\" data-id=\"c38edb5\" data-element_type=\"column\">\n\t\t\t<div class=\"elementor-widget-wrap elementor-element-populated\">\n\t\t\t\t\t\t<div class=\"elementor-element elementor-element-5feb70c elementor-widget elementor-widget-text-editor\" data-id=\"5feb70c\" data-element_type=\"widget\" data-widget_type=\"text-editor.default\">\n\t\t\t\t<div class=\"elementor-widget-container\">\n\t\t\t\t\t\t\t\t\t<p>Die Internationalen Bauausstellungen (IBA) sind Instrumente der deutschen Planungs- und Baukultur. Jede IBA l\u00e4uft \u00fcber 10 Jahre und fokussiert sich auf ein Hauptthema. Die IBA Basel, unterst\u00fctzt von franz\u00f6sischen, deutschen und Schweizer Gebietsk\u00f6rperschaften, legte den Schwerpunkt auf die grenz\u00fcberschreitende Raumordnung in der Region Basel. Sie hat dazu beigetragen, eine gemeinsame Planungskultur zu schaffen, Modellprojekte und Arbeitsmethoden zu entwickeln sowie privat-\u00f6ffentliche Partnerschaften zu bilden. <\/p>\n<p>Das Projekt IBA Parc des Carri\u00e8res wurde im Rahmen des Projektaufrufs der IBA Basel im Jahr 2011 initiiert und acht Jahre lang von der IBA Basel auf fachlicher Ebene unterst\u00fctzt. Das Projekt bietet einen bedeutsamen Mehrwert f\u00fcr die Bev\u00f6lkerung im Dreiland und zeigt wie eine enge Zusammenarbeit Grenzen \u00fcberwinden und die B\u00fcrgerinnen und B\u00fcrger zusammenbringen kann. Das Projekt IBA Parc des Carri\u00e8res geh\u00f6rt zu den 20 Projekten, die aufgrund ihres Modellcharakters mit dem IBA-Label ausgezeichnet wurden.<\/p>\n<p>Die IBA hat eine wesentliche Rolle im Projekt gespielt. Insbesondere hat sie:<\/p>\n<ul>\n<li>die Relevanz der Initiative zur Aufwertung der regionalen Kiesgruben erkannt;<\/li>\n<li>die Entwicklung und Umsetzung eines von einer Privatperson initiierten Projekts erm\u00f6glicht;<\/li>\n<li>die Vernetzung der Projektakteure unterst\u00fctzt und das Projekt mit anderen Vorhaben in der Region verbunden;<\/li>\n<li>als Vermittlerin und interkultureller Akteurin gewirkt, um kulturelle, sprachliche und rechtliche Unterschiede zu \u00fcberwinden;<\/li>\n<li>den notwendigen Anstoss (Finanzierung\/Steuerung mehrerer Fach- und Planungsstudien) gegeben;<\/li>\n<li>ihre Expertise eingebracht;<\/li>\n<li>den innovativen Charakter und die Qualit\u00e4t des Projekts beg\u00fcnstigt, insbesondere durch den Labelisierungsprozess und die Beratung des wissenschaftlichen IBA-Kuratoriums;<\/li>\n<li>die Bev\u00f6lkerung eingebunden (Organisation von F\u00fchrungen, partizipative Bepflanzung, Vortr\u00e4ge in den Schulen usw.).<\/li>\n<\/ul>\n\t\t\t\t\t\t\t\t<\/div>\n\t\t\t\t<\/div>\n\t\t\t\t<div class=\"elementor-element elementor-element-4faa9c5 elementor-widget elementor-widget-text-editor\" data-id=\"4faa9c5\" data-element_type=\"widget\" data-widget_type=\"text-editor.default\">\n\t\t\t\t<div class=\"elementor-widget-container\">\n\t\t\t\t\t\t\t\t\t<p>Gegen Ende der IBA Basel \u00fcbernahm der Trinationale Eurodistrict Basel die Projektkoordination unter der Leitung des Vereins Parc des Carri\u00e8res.<\/p>\n\t\t\t\t\t\t\t\t<\/div>\n\t\t\t\t<\/div>\n\t\t\t\t\t<\/div>\n\t\t<\/div>\n\t\t\t\t\t<\/div>\n\t\t<\/section>\n\t\t\t\t<section class=\"elementor-section elementor-top-section elementor-element elementor-element-161d2d1 elementor-section-boxed elementor-section-height-default elementor-section-height-default\" data-id=\"161d2d1\" data-element_type=\"section\">\n\t\t\t\t\t\t<div class=\"elementor-container elementor-column-gap-default\">\n\t\t\t\t\t<div class=\"elementor-column elementor-col-100 elementor-top-column elementor-element elementor-element-ff018f6\" data-id=\"ff018f6\" data-element_type=\"column\">\n\t\t\t<div class=\"elementor-widget-wrap elementor-element-populated\">\n\t\t\t\t\t\t<div class=\"elementor-element elementor-element-19d8abe elementor-widget elementor-widget-image\" data-id=\"19d8abe\" data-element_type=\"widget\" data-widget_type=\"image.default\">\n\t\t\t\t<div class=\"elementor-widget-container\">\n\t\t\t\t\t\t\t\t\t\t\t\t\t\t\t\t<a href=\"https:\/\/www.iba-basel.net\/de\/home\" target=\"_blank\">\n\t\t\t\t\t\t\t<img decoding=\"async\" src=\"https:\/\/www.parcdescarrieres.net\/wp-content\/uploads\/elementor\/thumbs\/IBA-BASEL-logo-qqutzswddsrl6by2ltxyq1mxuuxhot060gljma9fpe.png\" title=\"IBA BASEL logo\" alt=\"IBA BASEL logo\" loading=\"lazy\" \/>\t\t\t\t\t\t\t\t<\/a>\n\t\t\t\t\t\t\t\t\t\t\t\t\t\t\t<\/div>\n\t\t\t\t<\/div>\n\t\t\t\t\t<\/div>\n\t\t<\/div>\n\t\t\t\t\t<\/div>\n\t\t<\/section>\n\t\t\t\t<section class=\"elementor-section elementor-top-section elementor-element elementor-element-1dd505a elementor-section-boxed elementor-section-height-default elementor-section-height-default\" data-id=\"1dd505a\" data-element_type=\"section\">\n\t\t\t\t\t\t<div class=\"elementor-container elementor-column-gap-default\">\n\t\t\t\t\t<div class=\"elementor-column elementor-col-100 elementor-top-column elementor-element elementor-element-2706746\" data-id=\"2706746\" data-element_type=\"column\">\n\t\t\t<div class=\"elementor-widget-wrap elementor-element-populated\">\n\t\t\t\t\t\t<div class=\"elementor-element elementor-element-2ca66c2 elementor-widget elementor-widget-text-editor\" data-id=\"2ca66c2\" data-element_type=\"widget\" data-widget_type=\"text-editor.default\">\n\t\t\t\t<div class=\"elementor-widget-container\">\n\t\t\t\t\t\t\t\t\t<p style=\"text-align: center;\"><a href=\"https:\/\/www.iba-basel.net\/de\/home\" target=\"_blank\" rel=\"noopener\">www.iba-basel.net<\/a><\/p>\n\t\t\t\t\t\t\t\t<\/div>\n\t\t\t\t<\/div>\n\t\t\t\t\t<\/div>\n\t\t<\/div>\n\t\t\t\t\t<\/div>\n\t\t<\/section>\n\t\t\t\t<\/div>\n\t\t","protected":false},"excerpt":{"rendered":"<p>IBA Basel 2020 IBA Basel 2020 Die Internationalen Bauausstellungen (IBA) sind Instrumente der deutschen Planungs- und Baukultur. Jede IBA l\u00e4uft \u00fcber 10 Jahre und fokussiert sich auf ein Hauptthema. Die IBA Basel, unterst\u00fctzt von franz\u00f6sischen, &#8230;<\/p>\n","protected":false},"author":1,"featured_media":0,"parent":0,"menu_order":0,"comment_status":"closed","ping_status":"closed","template":"","meta":{"footnotes":""},"class_list":["post-962","page","type-page","status-publish","hentry"],"yoast_head":"<!-- This site is optimized with the Yoast SEO plugin v25.3.1 - https:\/\/yoast.com\/wordpress\/plugins\/seo\/ -->\n<title>IBA Basel 2020 | Parc des Carri\u00e8res<\/title>\n<meta name=\"robots\" content=\"index, follow, max-snippet:-1, max-image-preview:large, max-video-preview:-1\" \/>\n<link rel=\"canonical\" href=\"https:\/\/www.parcdescarrieres.net\/de\/iba-basel-2020\/\" \/>\n<meta property=\"og:locale\" content=\"de_DE\" \/>\n<meta property=\"og:type\" content=\"article\" \/>\n<meta property=\"og:title\" content=\"IBA Basel 2020 | Parc des Carri\u00e8res\" \/>\n<meta property=\"og:description\" content=\"IBA Basel 2020 IBA Basel 2020 Die Internationalen Bauausstellungen (IBA) sind Instrumente der deutschen Planungs- und Baukultur. Jede IBA l\u00e4uft \u00fcber 10 Jahre und fokussiert sich auf ein Hauptthema. Die IBA Basel, unterst\u00fctzt von franz\u00f6sischen, ...\" \/>\n<meta property=\"og:url\" content=\"https:\/\/www.parcdescarrieres.net\/de\/iba-basel-2020\/\" \/>\n<meta property=\"og:site_name\" content=\"Parc des Carri\u00e8res\" \/>\n<meta property=\"article:modified_time\" content=\"2021-06-23T15:51:42+00:00\" \/>\n<meta property=\"og:image\" content=\"https:\/\/www.parcdescarrieres.net\/wp-content\/uploads\/elementor\/thumbs\/IBA-BASEL-logo-p5y5xhg61g6nvjj3tcm96sumx6ako405upj9wrf3cy.png\" \/>\n<meta name=\"twitter:card\" content=\"summary_large_image\" \/>\n<meta name=\"twitter:label1\" content=\"Gesch\u00e4tzte Lesezeit\" \/>\n\t<meta name=\"twitter:data1\" content=\"1\u00a0Minute\" \/>\n<script type=\"application\/ld+json\" class=\"yoast-schema-graph\">{\"@context\":\"https:\/\/schema.org\",\"@graph\":[{\"@type\":\"WebPage\",\"@id\":\"https:\/\/www.parcdescarrieres.net\/de\/iba-basel-2020\/\",\"url\":\"https:\/\/www.parcdescarrieres.net\/de\/iba-basel-2020\/\",\"name\":\"IBA Basel 2020 | Parc des Carri\u00e8res\",\"isPartOf\":{\"@id\":\"https:\/\/www.parcdescarrieres.net\/de\/#website\"},\"primaryImageOfPage\":{\"@id\":\"https:\/\/www.parcdescarrieres.net\/de\/iba-basel-2020\/#primaryimage\"},\"image\":{\"@id\":\"https:\/\/www.parcdescarrieres.net\/de\/iba-basel-2020\/#primaryimage\"},\"thumbnailUrl\":\"https:\/\/www.parcdescarrieres.net\/wp-content\/uploads\/elementor\/thumbs\/IBA-BASEL-logo-p5y5xhg61g6nvjj3tcm96sumx6ako405upj9wrf3cy.png\",\"datePublished\":\"2021-06-21T14:51:10+00:00\",\"dateModified\":\"2021-06-23T15:51:42+00:00\",\"breadcrumb\":{\"@id\":\"https:\/\/www.parcdescarrieres.net\/de\/iba-basel-2020\/#breadcrumb\"},\"inLanguage\":\"de\",\"potentialAction\":[{\"@type\":\"ReadAction\",\"target\":[\"https:\/\/www.parcdescarrieres.net\/de\/iba-basel-2020\/\"]}]},{\"@type\":\"ImageObject\",\"inLanguage\":\"de\",\"@id\":\"https:\/\/www.parcdescarrieres.net\/de\/iba-basel-2020\/#primaryimage\",\"url\":\"https:\/\/www.parcdescarrieres.net\/wp-content\/uploads\/elementor\/thumbs\/IBA-BASEL-logo-p5y5xhg61g6nvjj3tcm96sumx6ako405upj9wrf3cy.png\",\"contentUrl\":\"https:\/\/www.parcdescarrieres.net\/wp-content\/uploads\/elementor\/thumbs\/IBA-BASEL-logo-p5y5xhg61g6nvjj3tcm96sumx6ako405upj9wrf3cy.png\"},{\"@type\":\"BreadcrumbList\",\"@id\":\"https:\/\/www.parcdescarrieres.net\/de\/iba-basel-2020\/#breadcrumb\",\"itemListElement\":[{\"@type\":\"ListItem\",\"position\":1,\"name\":\"Accueil\",\"item\":\"https:\/\/www.parcdescarrieres.net\/de\/\"},{\"@type\":\"ListItem\",\"position\":2,\"name\":\"IBA Basel 2020\"}]},{\"@type\":\"WebSite\",\"@id\":\"https:\/\/www.parcdescarrieres.net\/de\/#website\",\"url\":\"https:\/\/www.parcdescarrieres.net\/de\/\",\"name\":\"Parc des Carri\u00e8res\",\"description\":\"\",\"publisher\":{\"@id\":\"https:\/\/www.parcdescarrieres.net\/de\/#organization\"},\"potentialAction\":[{\"@type\":\"SearchAction\",\"target\":{\"@type\":\"EntryPoint\",\"urlTemplate\":\"https:\/\/www.parcdescarrieres.net\/de\/?s={search_term_string}\"},\"query-input\":{\"@type\":\"PropertyValueSpecification\",\"valueRequired\":true,\"valueName\":\"search_term_string\"}}],\"inLanguage\":\"de\"},{\"@type\":\"Organization\",\"@id\":\"https:\/\/www.parcdescarrieres.net\/de\/#organization\",\"name\":\"Association Parc des Carri\u00e8res\",\"url\":\"https:\/\/www.parcdescarrieres.net\/de\/\",\"logo\":{\"@type\":\"ImageObject\",\"inLanguage\":\"de\",\"@id\":\"https:\/\/www.parcdescarrieres.net\/de\/#\/schema\/logo\/image\/\",\"url\":\"https:\/\/www.parcdescarrieres.net\/wp-content\/uploads\/2021\/04\/logo_nb.png\",\"contentUrl\":\"https:\/\/www.parcdescarrieres.net\/wp-content\/uploads\/2021\/04\/logo_nb.png\",\"width\":235,\"height\":86,\"caption\":\"Association Parc des Carri\u00e8res\"},\"image\":{\"@id\":\"https:\/\/www.parcdescarrieres.net\/de\/#\/schema\/logo\/image\/\"}}]}<\/script>\n<!-- \/ Yoast SEO plugin. -->","yoast_head_json":{"title":"IBA Basel 2020 | Parc des Carri\u00e8res","robots":{"index":"index","follow":"follow","max-snippet":"max-snippet:-1","max-image-preview":"max-image-preview:large","max-video-preview":"max-video-preview:-1"},"canonical":"https:\/\/www.parcdescarrieres.net\/de\/iba-basel-2020\/","og_locale":"de_DE","og_type":"article","og_title":"IBA Basel 2020 | Parc des Carri\u00e8res","og_description":"IBA Basel 2020 IBA Basel 2020 Die Internationalen Bauausstellungen (IBA) sind Instrumente der deutschen Planungs- und Baukultur. Jede IBA l\u00e4uft \u00fcber 10 Jahre und fokussiert sich auf ein Hauptthema. Die IBA Basel, unterst\u00fctzt von franz\u00f6sischen, ...","og_url":"https:\/\/www.parcdescarrieres.net\/de\/iba-basel-2020\/","og_site_name":"Parc des Carri\u00e8res","article_modified_time":"2021-06-23T15:51:42+00:00","og_image":[{"url":"https:\/\/www.parcdescarrieres.net\/wp-content\/uploads\/elementor\/thumbs\/IBA-BASEL-logo-p5y5xhg61g6nvjj3tcm96sumx6ako405upj9wrf3cy.png","type":"","width":"","height":""}],"twitter_card":"summary_large_image","twitter_misc":{"Gesch\u00e4tzte Lesezeit":"1\u00a0Minute"},"schema":{"@context":"https:\/\/schema.org","@graph":[{"@type":"WebPage","@id":"https:\/\/www.parcdescarrieres.net\/de\/iba-basel-2020\/","url":"https:\/\/www.parcdescarrieres.net\/de\/iba-basel-2020\/","name":"IBA Basel 2020 | Parc des Carri\u00e8res","isPartOf":{"@id":"https:\/\/www.parcdescarrieres.net\/de\/#website"},"primaryImageOfPage":{"@id":"https:\/\/www.parcdescarrieres.net\/de\/iba-basel-2020\/#primaryimage"},"image":{"@id":"https:\/\/www.parcdescarrieres.net\/de\/iba-basel-2020\/#primaryimage"},"thumbnailUrl":"https:\/\/www.parcdescarrieres.net\/wp-content\/uploads\/elementor\/thumbs\/IBA-BASEL-logo-p5y5xhg61g6nvjj3tcm96sumx6ako405upj9wrf3cy.png","datePublished":"2021-06-21T14:51:10+00:00","dateModified":"2021-06-23T15:51:42+00:00","breadcrumb":{"@id":"https:\/\/www.parcdescarrieres.net\/de\/iba-basel-2020\/#breadcrumb"},"inLanguage":"de","potentialAction":[{"@type":"ReadAction","target":["https:\/\/www.parcdescarrieres.net\/de\/iba-basel-2020\/"]}]},{"@type":"ImageObject","inLanguage":"de","@id":"https:\/\/www.parcdescarrieres.net\/de\/iba-basel-2020\/#primaryimage","url":"https:\/\/www.parcdescarrieres.net\/wp-content\/uploads\/elementor\/thumbs\/IBA-BASEL-logo-p5y5xhg61g6nvjj3tcm96sumx6ako405upj9wrf3cy.png","contentUrl":"https:\/\/www.parcdescarrieres.net\/wp-content\/uploads\/elementor\/thumbs\/IBA-BASEL-logo-p5y5xhg61g6nvjj3tcm96sumx6ako405upj9wrf3cy.png"},{"@type":"BreadcrumbList","@id":"https:\/\/www.parcdescarrieres.net\/de\/iba-basel-2020\/#breadcrumb","itemListElement":[{"@type":"ListItem","position":1,"name":"Accueil","item":"https:\/\/www.parcdescarrieres.net\/de\/"},{"@type":"ListItem","position":2,"name":"IBA Basel 2020"}]},{"@type":"WebSite","@id":"https:\/\/www.parcdescarrieres.net\/de\/#website","url":"https:\/\/www.parcdescarrieres.net\/de\/","name":"Parc des Carri\u00e8res","description":"","publisher":{"@id":"https:\/\/www.parcdescarrieres.net\/de\/#organization"},"potentialAction":[{"@type":"SearchAction","target":{"@type":"EntryPoint","urlTemplate":"https:\/\/www.parcdescarrieres.net\/de\/?s={search_term_string}"},"query-input":{"@type":"PropertyValueSpecification","valueRequired":true,"valueName":"search_term_string"}}],"inLanguage":"de"},{"@type":"Organization","@id":"https:\/\/www.parcdescarrieres.net\/de\/#organization","name":"Association Parc des Carri\u00e8res","url":"https:\/\/www.parcdescarrieres.net\/de\/","logo":{"@type":"ImageObject","inLanguage":"de","@id":"https:\/\/www.parcdescarrieres.net\/de\/#\/schema\/logo\/image\/","url":"https:\/\/www.parcdescarrieres.net\/wp-content\/uploads\/2021\/04\/logo_nb.png","contentUrl":"https:\/\/www.parcdescarrieres.net\/wp-content\/uploads\/2021\/04\/logo_nb.png","width":235,"height":86,"caption":"Association Parc des Carri\u00e8res"},"image":{"@id":"https:\/\/www.parcdescarrieres.net\/de\/#\/schema\/logo\/image\/"}}]}},"_links":{"self":[{"href":"https:\/\/www.parcdescarrieres.net\/de\/wp-json\/wp\/v2\/pages\/962","targetHints":{"allow":["GET"]}}],"collection":[{"href":"https:\/\/www.parcdescarrieres.net\/de\/wp-json\/wp\/v2\/pages"}],"about":[{"href":"https:\/\/www.parcdescarrieres.net\/de\/wp-json\/wp\/v2\/types\/page"}],"author":[{"embeddable":true,"href":"https:\/\/www.parcdescarrieres.net\/de\/wp-json\/wp\/v2\/users\/1"}],"replies":[{"embeddable":true,"href":"https:\/\/www.parcdescarrieres.net\/de\/wp-json\/wp\/v2\/comments?post=962"}],"version-history":[{"count":6,"href":"https:\/\/www.parcdescarrieres.net\/de\/wp-json\/wp\/v2\/pages\/962\/revisions"}],"predecessor-version":[{"id":1073,"href":"https:\/\/www.parcdescarrieres.net\/de\/wp-json\/wp\/v2\/pages\/962\/revisions\/1073"}],"wp:attachment":[{"href":"https:\/\/www.parcdescarrieres.net\/de\/wp-json\/wp\/v2\/media?parent=962"}],"curies":[{"name":"wp","href":"https:\/\/api.w.org\/{rel}","templated":true}]}}