{"id":966,"date":"2021-06-21T16:56:10","date_gmt":"2021-06-21T14:56:10","guid":{"rendered":"https:\/\/www.parcdescarrieres.net\/die-biodiversitat\/"},"modified":"2021-06-21T16:56:11","modified_gmt":"2021-06-21T14:56:11","slug":"die-biodiversitat","status":"publish","type":"page","link":"https:\/\/www.parcdescarrieres.net\/de\/die-biodiversitat\/","title":{"rendered":"Die Biodiversit\u00e4t"},"content":{"rendered":"\t\t<div data-elementor-type=\"wp-page\" data-elementor-id=\"966\" class=\"elementor elementor-966 elementor-26\">\n\t\t\t\t\t\t<section class=\"elementor-section elementor-top-section elementor-element elementor-element-181329dd elementor-section-full_width elementor-section-stretched banner elementor-section-height-default elementor-section-height-default\" data-id=\"181329dd\" data-element_type=\"section\" data-settings=\"{&quot;stretch_section&quot;:&quot;section-stretched&quot;,&quot;background_background&quot;:&quot;classic&quot;}\">\n\t\t\t\t\t\t<div class=\"elementor-container elementor-column-gap-default\">\n\t\t\t\t\t<div class=\"elementor-column elementor-col-100 elementor-top-column elementor-element elementor-element-5389ddab\" data-id=\"5389ddab\" data-element_type=\"column\">\n\t\t\t<div class=\"elementor-widget-wrap elementor-element-populated\">\n\t\t\t\t\t\t<div class=\"elementor-element elementor-element-3a79e71f elementor-widget elementor-widget-heading\" data-id=\"3a79e71f\" data-element_type=\"widget\" data-widget_type=\"heading.default\">\n\t\t\t\t<div class=\"elementor-widget-container\">\n\t\t\t\t\t<h1 class=\"elementor-heading-title elementor-size-default\">Die Biodiversit\u00e4t<\/h1>\t\t\t\t<\/div>\n\t\t\t\t<\/div>\n\t\t\t\t\t<\/div>\n\t\t<\/div>\n\t\t\t\t\t<\/div>\n\t\t<\/section>\n\t\t\t\t<section class=\"elementor-section elementor-top-section elementor-element elementor-element-77926e4 elementor-section-boxed elementor-section-height-default elementor-section-height-default\" data-id=\"77926e4\" data-element_type=\"section\">\n\t\t\t\t\t\t<div class=\"elementor-container elementor-column-gap-default\">\n\t\t\t\t\t<div class=\"elementor-column elementor-col-100 elementor-top-column elementor-element elementor-element-76ec8a3\" data-id=\"76ec8a3\" data-element_type=\"column\">\n\t\t\t<div class=\"elementor-widget-wrap elementor-element-populated\">\n\t\t\t\t\t\t<div class=\"elementor-element elementor-element-0b02850 elementor-widget elementor-widget-spacer\" data-id=\"0b02850\" data-element_type=\"widget\" data-widget_type=\"spacer.default\">\n\t\t\t\t<div class=\"elementor-widget-container\">\n\t\t\t\t\t\t\t<div class=\"elementor-spacer\">\n\t\t\t<div class=\"elementor-spacer-inner\"><\/div>\n\t\t<\/div>\n\t\t\t\t\t\t<\/div>\n\t\t\t\t<\/div>\n\t\t\t\t<div class=\"elementor-element elementor-element-ad47659 vert elementor-widget elementor-widget-heading\" data-id=\"ad47659\" data-element_type=\"widget\" data-widget_type=\"heading.default\">\n\t\t\t\t<div class=\"elementor-widget-container\">\n\t\t\t\t\t<h2 class=\"elementor-heading-title elementor-size-default\">F\u00f6rderung der Biodiversit\u00e4t<\/h2>\t\t\t\t<\/div>\n\t\t\t\t<\/div>\n\t\t\t\t<div class=\"elementor-element elementor-element-58bdf24 elementor-widget elementor-widget-text-editor\" data-id=\"58bdf24\" data-element_type=\"widget\" data-widget_type=\"text-editor.default\">\n\t\t\t\t<div class=\"elementor-widget-container\">\n\t\t\t\t\t\t\t\t\t<p>In der Region Basel sind viele \u00d6kosysteme vom Verlust der Artenvielfalt bedroht. Insekten, Schmetterlinge, V\u00f6gel und kleine Nager geh\u00f6ren zu den am st\u00e4rksten betroffenen Tierarten. Mit der Wiederherstellung vielf\u00e4ltiger Habitate setzt das Projekt IBA Parc des Carri\u00e8res konkreten Massnahmen zur Verbesserung der Situation um. Die im Rahmen des Projekts neu geschaffenen extensiv bewirtschafteten Heuwiesen, Trockenb\u00f6den, kleinen Feuchtgebiete und schattigen Geh\u00f6lzinseln werden die R\u00fcckkehr einer vielf\u00e4ltigen Flora und Fauna f\u00f6rdern. So entsteht eine attraktive, abwechslungsreiche Landschaft.<\/p>\n\t\t\t\t\t\t\t\t<\/div>\n\t\t\t\t<\/div>\n\t\t\t\t\t<\/div>\n\t\t<\/div>\n\t\t\t\t\t<\/div>\n\t\t<\/section>\n\t\t\t\t<section class=\"elementor-section elementor-top-section elementor-element elementor-element-799633e elementor-section-boxed elementor-section-height-default elementor-section-height-default\" data-id=\"799633e\" data-element_type=\"section\">\n\t\t\t\t\t\t<div class=\"elementor-container elementor-column-gap-default\">\n\t\t\t\t\t<div class=\"elementor-column elementor-col-100 elementor-top-column elementor-element elementor-element-f746bd3\" data-id=\"f746bd3\" data-element_type=\"column\">\n\t\t\t<div class=\"elementor-widget-wrap elementor-element-populated\">\n\t\t\t\t\t\t<div class=\"elementor-element elementor-element-826d965 vert elementor-widget elementor-widget-heading\" data-id=\"826d965\" data-element_type=\"widget\" data-widget_type=\"heading.default\">\n\t\t\t\t<div class=\"elementor-widget-container\">\n\t\t\t\t\t<h2 class=\"elementor-heading-title elementor-size-default\">Die Kiesgrube, ein Lebensraum f\u00fcr viele Tier- und Pflanzenarten<\/h2>\t\t\t\t<\/div>\n\t\t\t\t<\/div>\n\t\t\t\t<div class=\"elementor-element elementor-element-fcf8306 elementor-widget elementor-widget-text-editor\" data-id=\"fcf8306\" data-element_type=\"widget\" data-widget_type=\"text-editor.default\">\n\t\t\t\t<div class=\"elementor-widget-container\">\n\t\t\t\t\t\t\t\t\t<p>Nicht nur die neu gestalteten Parkfl\u00e4chen, sondern auch die offenen Kiesabbaufl\u00e4chen bieten wertvolle Lebensr\u00e4ume. Insbesondere f\u00fcr Pflanzen und Tiere, die urspr\u00fcnglich in Auengebieten beheimatet waren, sind diese Ersatzhabitate \u00fcberlebenswichtig. In den steilen Kiesw\u00e4nden br\u00fcten beispielsweise Uferschwalben und im Schlammweiher leben stark bedrohte Amphibienarten wie die Geburtshelferkr\u00f6te.<\/p>\n\t\t\t\t\t\t\t\t<\/div>\n\t\t\t\t<\/div>\n\t\t\t\t<div class=\"elementor-element elementor-element-963916f eael-tooltip-align-left elementor-widget elementor-widget-eael-tooltip\" data-id=\"963916f\" data-element_type=\"widget\" data-widget_type=\"eael-tooltip.default\">\n\t\t\t\t<div class=\"elementor-widget-container\">\n\t\t\t\t\t\t<div class=\"eael-tooltip\">\n\t\t\t\t\t<span class=\"eael-tooltip-content\" tabindex=\"0\" aria-describedby=\"tooltip-text-963916f\"><img decoding=\"async\" src=\"https:\/\/www.parcdescarrieres.net\/wp-content\/uploads\/2021\/04\/Les-gravieres-un-habitat-naturel-scaled.jpg\" alt=\"\"><\/span>\n  \t\t\t<span id=\"tooltip-text-963916f\" class=\"eael-tooltip-text eael-tooltip-right\" role=\"tooltip\"><p>Lebensraum - Copyright: Courvoisier Stadtentwicklung GmbH<\/p>\n<\/span>\n  \t\t\t<\/div>\n\t\t\t\t\t<\/div>\n\t\t\t\t<\/div>\n\t\t\t\t<div class=\"elementor-element elementor-element-641f671 vert elementor-widget elementor-widget-heading\" data-id=\"641f671\" data-element_type=\"widget\" data-widget_type=\"heading.default\">\n\t\t\t\t<div class=\"elementor-widget-container\">\n\t\t\t\t\t<h2 class=\"elementor-heading-title elementor-size-default\">Eine gr\u00fcne Lunge vor den Toren der Stadt<\/h2>\t\t\t\t<\/div>\n\t\t\t\t<\/div>\n\t\t\t\t<div class=\"elementor-element elementor-element-72e4be0 elementor-widget elementor-widget-text-editor\" data-id=\"72e4be0\" data-element_type=\"widget\" data-widget_type=\"text-editor.default\">\n\t\t\t\t<div class=\"elementor-widget-container\">\n\t\t\t\t\t\t\t\t\t<p>Die Oberrheinische Tiefebene reagiert besonders empfindlich auf den Klimawandel. Das Projekt IBA Parc des Carri\u00e8res leistet einen konkreten Beitrag angesichts zunehmender Hitze- und Trockenperioden. Mit \u00fcber 700 neu gepflanzten B\u00e4umen und 1\u2019500 Str\u00e4uchern sowie Feuchtgebieten und schattigen Fl\u00e4chen wird der Landschaftspark zu einem wesentlichen Glied im regionalen \u00f6kologischen Netz. Er tr\u00e4gt zum Klimaschutz bei und f\u00f6rdert die Schaffung einer k\u00fchlen Insel. Inmitten ausgedehnter stadtnaher landwirtschaftlicher Fl\u00e4chen ist der Park eine gr\u00fcne Lunge vor den Toren der Stadt.<\/p>\n\t\t\t\t\t\t\t\t<\/div>\n\t\t\t\t<\/div>\n\t\t\t\t\t<\/div>\n\t\t<\/div>\n\t\t\t\t\t<\/div>\n\t\t<\/section>\n\t\t\t\t<\/div>\n\t\t","protected":false},"excerpt":{"rendered":"<p>Die Biodiversit\u00e4t F\u00f6rderung der Biodiversit\u00e4t In der Region Basel sind viele \u00d6kosysteme vom Verlust der Artenvielfalt bedroht. Insekten, Schmetterlinge, V\u00f6gel und kleine Nager geh\u00f6ren zu den am st\u00e4rksten betroffenen Tierarten. Mit der Wiederherstellung vielf\u00e4ltiger Habitate &#8230;<\/p>\n","protected":false},"author":1,"featured_media":0,"parent":0,"menu_order":0,"comment_status":"closed","ping_status":"closed","template":"","meta":{"footnotes":""},"class_list":["post-966","page","type-page","status-publish","hentry"],"yoast_head":"<!-- This site is optimized with the Yoast SEO plugin v25.3.1 - https:\/\/yoast.com\/wordpress\/plugins\/seo\/ -->\n<title>Die Biodiversit\u00e4t | Parc des Carri\u00e8res<\/title>\n<meta name=\"robots\" content=\"index, follow, max-snippet:-1, max-image-preview:large, max-video-preview:-1\" \/>\n<link rel=\"canonical\" href=\"https:\/\/www.parcdescarrieres.net\/de\/die-biodiversitat\/\" \/>\n<meta property=\"og:locale\" content=\"de_DE\" \/>\n<meta property=\"og:type\" content=\"article\" \/>\n<meta property=\"og:title\" content=\"Die Biodiversit\u00e4t | Parc des Carri\u00e8res\" \/>\n<meta property=\"og:description\" content=\"Die Biodiversit\u00e4t F\u00f6rderung der Biodiversit\u00e4t In der Region Basel sind viele \u00d6kosysteme vom Verlust der Artenvielfalt bedroht. Insekten, Schmetterlinge, V\u00f6gel und kleine Nager geh\u00f6ren zu den am st\u00e4rksten betroffenen Tierarten. Mit der Wiederherstellung vielf\u00e4ltiger Habitate ...\" \/>\n<meta property=\"og:url\" content=\"https:\/\/www.parcdescarrieres.net\/de\/die-biodiversitat\/\" \/>\n<meta property=\"og:site_name\" content=\"Parc des Carri\u00e8res\" \/>\n<meta property=\"article:modified_time\" content=\"2021-06-21T14:56:11+00:00\" \/>\n<meta property=\"og:image\" content=\"https:\/\/www.parcdescarrieres.net\/wp-content\/uploads\/2021\/04\/Les-gravieres-un-habitat-naturel-scaled.jpg\" \/>\n<meta name=\"twitter:card\" content=\"summary_large_image\" \/>\n<meta name=\"twitter:label1\" content=\"Gesch\u00e4tzte Lesezeit\" \/>\n\t<meta name=\"twitter:data1\" content=\"1\u00a0Minute\" \/>\n<script type=\"application\/ld+json\" class=\"yoast-schema-graph\">{\"@context\":\"https:\/\/schema.org\",\"@graph\":[{\"@type\":\"WebPage\",\"@id\":\"https:\/\/www.parcdescarrieres.net\/de\/die-biodiversitat\/\",\"url\":\"https:\/\/www.parcdescarrieres.net\/de\/die-biodiversitat\/\",\"name\":\"Die Biodiversit\u00e4t | Parc des Carri\u00e8res\",\"isPartOf\":{\"@id\":\"https:\/\/www.parcdescarrieres.net\/de\/#website\"},\"primaryImageOfPage\":{\"@id\":\"https:\/\/www.parcdescarrieres.net\/de\/die-biodiversitat\/#primaryimage\"},\"image\":{\"@id\":\"https:\/\/www.parcdescarrieres.net\/de\/die-biodiversitat\/#primaryimage\"},\"thumbnailUrl\":\"https:\/\/www.parcdescarrieres.net\/wp-content\/uploads\/2021\/04\/Les-gravieres-un-habitat-naturel-scaled.jpg\",\"datePublished\":\"2021-06-21T14:56:10+00:00\",\"dateModified\":\"2021-06-21T14:56:11+00:00\",\"breadcrumb\":{\"@id\":\"https:\/\/www.parcdescarrieres.net\/de\/die-biodiversitat\/#breadcrumb\"},\"inLanguage\":\"de\",\"potentialAction\":[{\"@type\":\"ReadAction\",\"target\":[\"https:\/\/www.parcdescarrieres.net\/de\/die-biodiversitat\/\"]}]},{\"@type\":\"ImageObject\",\"inLanguage\":\"de\",\"@id\":\"https:\/\/www.parcdescarrieres.net\/de\/die-biodiversitat\/#primaryimage\",\"url\":\"https:\/\/www.parcdescarrieres.net\/wp-content\/uploads\/2021\/04\/Les-gravieres-un-habitat-naturel-scaled.jpg\",\"contentUrl\":\"https:\/\/www.parcdescarrieres.net\/wp-content\/uploads\/2021\/04\/Les-gravieres-un-habitat-naturel-scaled.jpg\"},{\"@type\":\"BreadcrumbList\",\"@id\":\"https:\/\/www.parcdescarrieres.net\/de\/die-biodiversitat\/#breadcrumb\",\"itemListElement\":[{\"@type\":\"ListItem\",\"position\":1,\"name\":\"Accueil\",\"item\":\"https:\/\/www.parcdescarrieres.net\/de\/\"},{\"@type\":\"ListItem\",\"position\":2,\"name\":\"Die Biodiversit\u00e4t\"}]},{\"@type\":\"WebSite\",\"@id\":\"https:\/\/www.parcdescarrieres.net\/de\/#website\",\"url\":\"https:\/\/www.parcdescarrieres.net\/de\/\",\"name\":\"Parc des Carri\u00e8res\",\"description\":\"\",\"publisher\":{\"@id\":\"https:\/\/www.parcdescarrieres.net\/de\/#organization\"},\"potentialAction\":[{\"@type\":\"SearchAction\",\"target\":{\"@type\":\"EntryPoint\",\"urlTemplate\":\"https:\/\/www.parcdescarrieres.net\/de\/?s={search_term_string}\"},\"query-input\":{\"@type\":\"PropertyValueSpecification\",\"valueRequired\":true,\"valueName\":\"search_term_string\"}}],\"inLanguage\":\"de\"},{\"@type\":\"Organization\",\"@id\":\"https:\/\/www.parcdescarrieres.net\/de\/#organization\",\"name\":\"Association Parc des Carri\u00e8res\",\"url\":\"https:\/\/www.parcdescarrieres.net\/de\/\",\"logo\":{\"@type\":\"ImageObject\",\"inLanguage\":\"de\",\"@id\":\"https:\/\/www.parcdescarrieres.net\/de\/#\/schema\/logo\/image\/\",\"url\":\"https:\/\/www.parcdescarrieres.net\/wp-content\/uploads\/2021\/04\/logo_nb.png\",\"contentUrl\":\"https:\/\/www.parcdescarrieres.net\/wp-content\/uploads\/2021\/04\/logo_nb.png\",\"width\":235,\"height\":86,\"caption\":\"Association Parc des Carri\u00e8res\"},\"image\":{\"@id\":\"https:\/\/www.parcdescarrieres.net\/de\/#\/schema\/logo\/image\/\"}}]}<\/script>\n<!-- \/ Yoast SEO plugin. -->","yoast_head_json":{"title":"Die Biodiversit\u00e4t | Parc des Carri\u00e8res","robots":{"index":"index","follow":"follow","max-snippet":"max-snippet:-1","max-image-preview":"max-image-preview:large","max-video-preview":"max-video-preview:-1"},"canonical":"https:\/\/www.parcdescarrieres.net\/de\/die-biodiversitat\/","og_locale":"de_DE","og_type":"article","og_title":"Die Biodiversit\u00e4t | Parc des Carri\u00e8res","og_description":"Die Biodiversit\u00e4t F\u00f6rderung der Biodiversit\u00e4t In der Region Basel sind viele \u00d6kosysteme vom Verlust der Artenvielfalt bedroht. Insekten, Schmetterlinge, V\u00f6gel und kleine Nager geh\u00f6ren zu den am st\u00e4rksten betroffenen Tierarten. Mit der Wiederherstellung vielf\u00e4ltiger Habitate ...","og_url":"https:\/\/www.parcdescarrieres.net\/de\/die-biodiversitat\/","og_site_name":"Parc des Carri\u00e8res","article_modified_time":"2021-06-21T14:56:11+00:00","og_image":[{"url":"https:\/\/www.parcdescarrieres.net\/wp-content\/uploads\/2021\/04\/Les-gravieres-un-habitat-naturel-scaled.jpg","type":"","width":"","height":""}],"twitter_card":"summary_large_image","twitter_misc":{"Gesch\u00e4tzte Lesezeit":"1\u00a0Minute"},"schema":{"@context":"https:\/\/schema.org","@graph":[{"@type":"WebPage","@id":"https:\/\/www.parcdescarrieres.net\/de\/die-biodiversitat\/","url":"https:\/\/www.parcdescarrieres.net\/de\/die-biodiversitat\/","name":"Die Biodiversit\u00e4t | Parc des Carri\u00e8res","isPartOf":{"@id":"https:\/\/www.parcdescarrieres.net\/de\/#website"},"primaryImageOfPage":{"@id":"https:\/\/www.parcdescarrieres.net\/de\/die-biodiversitat\/#primaryimage"},"image":{"@id":"https:\/\/www.parcdescarrieres.net\/de\/die-biodiversitat\/#primaryimage"},"thumbnailUrl":"https:\/\/www.parcdescarrieres.net\/wp-content\/uploads\/2021\/04\/Les-gravieres-un-habitat-naturel-scaled.jpg","datePublished":"2021-06-21T14:56:10+00:00","dateModified":"2021-06-21T14:56:11+00:00","breadcrumb":{"@id":"https:\/\/www.parcdescarrieres.net\/de\/die-biodiversitat\/#breadcrumb"},"inLanguage":"de","potentialAction":[{"@type":"ReadAction","target":["https:\/\/www.parcdescarrieres.net\/de\/die-biodiversitat\/"]}]},{"@type":"ImageObject","inLanguage":"de","@id":"https:\/\/www.parcdescarrieres.net\/de\/die-biodiversitat\/#primaryimage","url":"https:\/\/www.parcdescarrieres.net\/wp-content\/uploads\/2021\/04\/Les-gravieres-un-habitat-naturel-scaled.jpg","contentUrl":"https:\/\/www.parcdescarrieres.net\/wp-content\/uploads\/2021\/04\/Les-gravieres-un-habitat-naturel-scaled.jpg"},{"@type":"BreadcrumbList","@id":"https:\/\/www.parcdescarrieres.net\/de\/die-biodiversitat\/#breadcrumb","itemListElement":[{"@type":"ListItem","position":1,"name":"Accueil","item":"https:\/\/www.parcdescarrieres.net\/de\/"},{"@type":"ListItem","position":2,"name":"Die Biodiversit\u00e4t"}]},{"@type":"WebSite","@id":"https:\/\/www.parcdescarrieres.net\/de\/#website","url":"https:\/\/www.parcdescarrieres.net\/de\/","name":"Parc des Carri\u00e8res","description":"","publisher":{"@id":"https:\/\/www.parcdescarrieres.net\/de\/#organization"},"potentialAction":[{"@type":"SearchAction","target":{"@type":"EntryPoint","urlTemplate":"https:\/\/www.parcdescarrieres.net\/de\/?s={search_term_string}"},"query-input":{"@type":"PropertyValueSpecification","valueRequired":true,"valueName":"search_term_string"}}],"inLanguage":"de"},{"@type":"Organization","@id":"https:\/\/www.parcdescarrieres.net\/de\/#organization","name":"Association Parc des Carri\u00e8res","url":"https:\/\/www.parcdescarrieres.net\/de\/","logo":{"@type":"ImageObject","inLanguage":"de","@id":"https:\/\/www.parcdescarrieres.net\/de\/#\/schema\/logo\/image\/","url":"https:\/\/www.parcdescarrieres.net\/wp-content\/uploads\/2021\/04\/logo_nb.png","contentUrl":"https:\/\/www.parcdescarrieres.net\/wp-content\/uploads\/2021\/04\/logo_nb.png","width":235,"height":86,"caption":"Association Parc des Carri\u00e8res"},"image":{"@id":"https:\/\/www.parcdescarrieres.net\/de\/#\/schema\/logo\/image\/"}}]}},"_links":{"self":[{"href":"https:\/\/www.parcdescarrieres.net\/de\/wp-json\/wp\/v2\/pages\/966","targetHints":{"allow":["GET"]}}],"collection":[{"href":"https:\/\/www.parcdescarrieres.net\/de\/wp-json\/wp\/v2\/pages"}],"about":[{"href":"https:\/\/www.parcdescarrieres.net\/de\/wp-json\/wp\/v2\/types\/page"}],"author":[{"embeddable":true,"href":"https:\/\/www.parcdescarrieres.net\/de\/wp-json\/wp\/v2\/users\/1"}],"replies":[{"embeddable":true,"href":"https:\/\/www.parcdescarrieres.net\/de\/wp-json\/wp\/v2\/comments?post=966"}],"version-history":[{"count":3,"href":"https:\/\/www.parcdescarrieres.net\/de\/wp-json\/wp\/v2\/pages\/966\/revisions"}],"predecessor-version":[{"id":969,"href":"https:\/\/www.parcdescarrieres.net\/de\/wp-json\/wp\/v2\/pages\/966\/revisions\/969"}],"wp:attachment":[{"href":"https:\/\/www.parcdescarrieres.net\/de\/wp-json\/wp\/v2\/media?parent=966"}],"curies":[{"name":"wp","href":"https:\/\/api.w.org\/{rel}","templated":true}]}}